{"id":156,"date":"2025-01-16T18:01:00","date_gmt":"2025-01-16T18:01:00","guid":{"rendered":"http:\/\/instalacionesacorazadas.com\/?page_id=156"},"modified":"2025-09-03T09:14:09","modified_gmt":"2025-09-03T09:14:09","slug":"puertas-de-seguridad-venta-e-instalacion","status":"publish","type":"page","link":"https:\/\/segurtotal.com\/ca\/puertas-de-seguridad-venta-e-instalacion\/","title":{"rendered":"Inici"},"content":{"rendered":"<p>Encu\u00e9ntranos en Paseo Fabra i Puig 358 Local 1<\/p>\n<p>(A tan solo 200 mts de L5 Vilapicina)<\/p>\n<p>&nbsp;<\/p>\n<p><strong>EXPERIENCIA<\/strong> de m\u00e1s de <strong>24 a\u00f1os<\/strong> instalando puertas de seguridad mediante <\/p>\n\n<p>&nbsp;<\/p>\n<strong>Distribuidor Oficial Kiuso Barcelona<\/strong><br>\n\n\n<h3><\/h3>\n\t\t\t\t<img loading=\"lazy\" decoding=\"async\" src=\"https:\/\/puertasacorazadasbarcelona.com\/wp-content\/uploads\/2021\/04\/fachada_mejorada_Seguretat_Total.jpg\" alt=\"fachada_mejorada_Seguretat_Total\" itemprop=\"image\" height=\"1982\" width=\"1814\" title=\"fachada_mejorada_Seguretat_Total\" onerror=\"this.style.display='none'\">\n\t<h2>INNOVANT EN SEGURETAT<\/h2>\t\t\n\t\t\t<h6>Venda i instal\u00b7laci\u00f3 de portes de seguretat (blindades, cuirassades, t\u00e8cniques, entre d'altres.) Amb m\u00e9s de 20 anys d'experi\u00e8ncia, la millor qualitat del mercat i la coolaboraci\u00f3n dels millors fabricants.<\/h6>\n\t<h2>VISITA A DOMICILI GRATU\u00cfTA<\/h2>\t\t\n\t\t\t<h6>Oferim el servei de visita a domicili gratu\u00efta per con\u00e8ixer les necessitats del client i oferir-li el servei m\u00e9s adequat.<\/h6>\n\t<h2>MUNTATGE D'OBRA<\/h2>\t\t\n\t\t\t<h6>Aquest servei ofereix major resist\u00e8ncia en tot el per\u00edmetre de la porta davant vibracions o atacs. Recomanat per fabricants amb productes certificats per la norma UNE-EN 1627 de Grau 3, 4 i 5<\/h6>\n\t<h2>VARIETAT I PREUS ATRACTIUS<\/h2>\t\t\n\t\t\t<h6>Oferim una \u00e0mplia gamma de productes d'elevada qualitat, disseny i seguretat.<\/h6>\n\t\t<h3>T'ajudarem a seleccionar el nivell de seguretat m\u00e9s adequat a les teves necessitats<\/h3>\n<p>Si tens preguntes sobre els nostres serveis, escriu-nos sense comprom\u00eds<\/p>\n\t\t\t<a href=\"https:\/\/puertasacorazadasbarcelona.com\/contacto\/\" target=\"_self\" role=\"button\" rel=\"nofollow noopener\">\n\t\t\t\t\t\t\tContacti'ns\n\t\t\t\t\t<\/a>\n\t<h3><strong>Que opinen els nostres clients<\/strong><\/h3>\n\t<h5><em>\u00abQuer\u00eda dejar mi opini\u00f3n sobre el montaje de mi puerta acorazada de la entrada que me hizo Luka quede muy contenta me explico todo muy bien y me la dejo perfecta estoy muy satisfecha si tuviera que volver a instalar una puerta sin duda contactar\u00eda con \u00e9l!! <\/em><em>\u00ab<\/em><\/h5>\n<h5><strong>Susana Gallego<\/strong><\/h5>\n<h5><em>\u00abEs una empresa ser\u00eda y muy profesional, personal muy responsable y amable (&#8230;)<br>\nEl producto es de una elevada calidad y que cubre sobradamente con las expectativas generadas.<br>\nEl tiempo de espera se ajusta a la informaci\u00f3n previa entregada.<br>\nMuy buena respuesta a las sugerencias\u00bb<\/em><\/h5>\n<h5><strong>Nati<\/strong><\/h5>\n\t<h5><em>\u00abLukas y su equipo son grandes profesionales. Hacen un trabajo limpio y eficaz y el resultado final es excelente. Adem\u00e1s, destacan tambi\u00e9n por una muy buena atenci\u00f3n al cliente. Repetir\u00eda con ellos sin dudarlo\u00bb<\/em><\/h5>\n<h5><strong>Cati G\u00f3mez<\/strong><\/h5>\n\t<a href=\"https:\/\/puertasacorazadasbarcelona.com\/opiniones\/\" target=\"_self\" role=\"button\" rel=\"noopener\">\n\t\t\t\t\t\t\tTotes les opinions\n\t\t\t\t\t<\/a>\n\t<iframe loading=\"lazy\" width=\"560\" height=\"315\" src=\"https:\/\/www.youtube.com\/embed\/kbhya2AtweY\" frameborder=\"0\" allow=\"accelerometer; autoplay; encrypted-media; gyroscope; picture-in-picture\" allowfullscreen=\"\"><\/iframe>\n<a rel=\"nofollow\">Com triar una porta de seguretat per a la teva llar o negoci?\t\t\t\t\t<\/a>\n\t<p>Els nostres productes tenen la m\u00e9s alta qualitat i seguretat del mercat. <strong>Coneixes quina \u00e9s la m\u00e9s apropiada d'acord a les teves necessitats ?.<\/strong> El nostre distribu\u00efdor Kiuso t'ho explica en aquest v\u00eddeo.<\/p>\n\t<iframe loading=\"lazy\" width=\"560\" height=\"315\" src=\"https:\/\/www.youtube.com\/embed\/iZXmYKuPcy0\" frameborder=\"0\" allow=\"accelerometer; autoplay; encrypted-media; gyroscope; picture-in-picture\" allowfullscreen=\"\"><\/iframe>\n<a rel=\"nofollow\">Saps quina \u00e9s la difer\u00e8ncia entre una porta blindada i una porta cuirassada?\t\t\t\t\t<\/a>\n\t<p>Coneixes quina \u00e9s la difer\u00e8ncia entre porta blindada i cuirassada? Saps realment \u00e9s <strong>la millor opci\u00f3 per a la teva llar<\/strong>?. Descobreix quina \u00e9s la millor opci\u00f3 de seguretat per a la teva llar o negoci.<\/p>\n\n\t<iframe loading=\"lazy\" width=\"560\" height=\"315\" src=\"https:\/\/www.youtube.com\/embed\/xtgNqBZi7s8\" frameborder=\"0\" allow=\"accelerometer; autoplay; encrypted-media; gyroscope; picture-in-picture\" allowfullscreen=\"\"><\/iframe>\n<a rel=\"nofollow\">Coneix un dels nostres mecanismes de seguretat: panys antip\u00e0nic Kiuso\t\t\t\t\t<\/a>\n\t<p>Aquest mecanisme et permetr\u00e0 l'obertura i tancament de la porta sense necessitat de claus. brinden <b>total protecci\u00f3 i m\u00e0xima seguretat <\/b>mitjan\u00e7ant una instal\u00b7laci\u00f3 senzilla.<\/p>\n\t<h3><strong>Marcas colaboradoras<br>\n<\/strong><\/h3>\n\t\t\t\t<a href=\"https:\/\/www.puertaskiuso.com\/\" target=\"_blank\" rel=\"noopener\" itemprop=\"url\">\n\t\t\t\t<img loading=\"lazy\" decoding=\"async\" src=\"https:\/\/puertasacorazadasbarcelona.com\/wp-content\/uploads\/2021\/04\/mottura2.jpeg\" alt=\"mottura2\" itemprop=\"image\" height=\"317\" width=\"765\" title=\"mottura2\" onerror=\"this.style.display='none'\">\n\t\t\t\t<\/a>\n\t\t\t\t<a href=\"http:\/\/www.segurestil.es\/\" target=\"_blank\" rel=\"noopener\" itemprop=\"url\">\n\t\t\t\t<img loading=\"lazy\" decoding=\"async\" src=\"https:\/\/puertasacorazadasbarcelona.com\/wp-content\/uploads\/2021\/04\/keso.jpeg\" alt=\"keso\" itemprop=\"image\" height=\"384\" width=\"1079\" title=\"keso\" onerror=\"this.style.display='none'\">\n\t\t\t\t<\/a>\n\t\t\t\t<a href=\"http:\/\/www.sidese.com\/\" target=\"_self\" itemprop=\"url\" rel=\"noopener\">\n\t\t\t\t<img loading=\"lazy\" decoding=\"async\" src=\"https:\/\/puertasacorazadasbarcelona.com\/wp-content\/uploads\/2021\/04\/kaba_3.jpeg\" alt=\"kaba_3\" itemprop=\"image\" height=\"448\" width=\"886\" title=\"kaba_3\" onerror=\"this.style.display='none'\">\n\t\t\t\t<\/a>\n\t\t\t\t<a href=\"http:\/\/www.arcu.net\/\" target=\"_blank\" rel=\"noopener\" itemprop=\"url\">\n\t\t\t\t<img loading=\"lazy\" decoding=\"async\" src=\"https:\/\/puertasacorazadasbarcelona.com\/wp-content\/uploads\/2021\/04\/iseo.jpeg\" alt=\"iseo\" itemprop=\"image\" height=\"401\" width=\"1079\" title=\"iseo\" onerror=\"this.style.display='none'\">\n\t\t\t\t<\/a>","protected":false},"excerpt":{"rendered":"<p>Encu\u00e9ntranos en Paseo Fabra i Puig 358 Local 1 (A tan solo 200 mts de L5 Vilapicina) &nbsp; EXPERIENCIA de m\u00e1s de 24 a\u00f1os instalando puertas de seguridad mediante &nbsp; Distribuidor Oficial Kiuso Barcelona INNOVANDO EN SEGURIDAD Venta e instalaci\u00f3n de puertas de seguridad (blindadas, acorazadas, t\u00e9cnicas, entre otros.) con m\u00e1s de 20 a\u00f1os de<a class=\"moretag\" href=\"https:\/\/segurtotal.com\/ca\/puertas-de-seguridad-venta-e-instalacion\/\"><span class=\"screen-reader-text\">Read more about Inicio<\/span>[&#8230;]<\/a><\/p>","protected":false},"author":2,"featured_media":0,"parent":0,"menu_order":0,"comment_status":"closed","ping_status":"closed","template":"","meta":{"_exactmetrics_skip_tracking":false,"_exactmetrics_sitenote_active":false,"_exactmetrics_sitenote_note":"","_exactmetrics_sitenote_category":0,"_joinchat":[],"footnotes":""},"class_list":["post-156","page","type-page","status-publish","hentry"],"yoast_head":"<!-- This site is optimized with the Yoast SEO plugin v26.6 - https:\/\/yoast.com\/wordpress\/plugins\/seo\/ -->\n<title>Puertas de Seguridad - Venta e Instalaci\u00f3n en Barcelona<\/title>\n<meta name=\"description\" content=\"Puertas de Seguridad Venta e Instalaci\u00f3n en Barcelona con m\u00e1s de 30 a\u00f1os de experiencia. Productos Kiuso y montaje de obra gratuito.\" \/>\n<meta name=\"robots\" content=\"index, follow, max-snippet:-1, max-image-preview:large, max-video-preview:-1\" \/>\n<link rel=\"canonical\" href=\"https:\/\/segurtotal.com\/ca\/puertas-de-seguridad-venta-e-instalacion\/\" \/>\n<meta property=\"og:locale\" content=\"ca_ES\" \/>\n<meta property=\"og:type\" content=\"article\" \/>\n<meta property=\"og:title\" content=\"Puertas de Seguridad - Venta e Instalaci\u00f3n en Barcelona\" \/>\n<meta property=\"og:description\" content=\"Puertas de Seguridad Venta e Instalaci\u00f3n en Barcelona con m\u00e1s de 30 a\u00f1os de experiencia. Productos Kiuso y montaje de obra gratuito.\" \/>\n<meta property=\"og:url\" content=\"https:\/\/segurtotal.com\/ca\/puertas-de-seguridad-venta-e-instalacion\/\" \/>\n<meta property=\"og:site_name\" content=\"Segur Total Puertas Acorazadas Barcelona\" \/>\n<meta property=\"article:modified_time\" content=\"2025-09-03T09:14:09+00:00\" \/>\n<meta property=\"og:image\" content=\"https:\/\/puertasacorazadasbarcelona.com\/wp-content\/uploads\/2021\/04\/fachada_mejorada_Seguretat_Total.jpg\" \/>\n<meta name=\"twitter:card\" content=\"summary_large_image\" \/>\n<meta name=\"twitter:site\" content=\"@puertaslukasz\" \/>\n<meta name=\"twitter:label1\" content=\"Temps estimat de lectura\" \/>\n\t<meta name=\"twitter:data1\" content=\"4 minuts\" \/>\n<script type=\"application\/ld+json\" class=\"yoast-schema-graph\">{\"@context\":\"https:\/\/schema.org\",\"@graph\":[{\"@type\":\"WebPage\",\"@id\":\"https:\/\/segurtotal.com\/puertas-de-seguridad-venta-e-instalacion\/\",\"url\":\"https:\/\/segurtotal.com\/puertas-de-seguridad-venta-e-instalacion\/\",\"name\":\"Puertas de Seguridad - Venta e Instalaci\u00f3n en Barcelona\",\"isPartOf\":{\"@id\":\"https:\/\/segurtotal.com\/#website\"},\"primaryImageOfPage\":{\"@id\":\"https:\/\/segurtotal.com\/puertas-de-seguridad-venta-e-instalacion\/#primaryimage\"},\"image\":{\"@id\":\"https:\/\/segurtotal.com\/puertas-de-seguridad-venta-e-instalacion\/#primaryimage\"},\"thumbnailUrl\":\"https:\/\/puertasacorazadasbarcelona.com\/wp-content\/uploads\/2021\/04\/fachada_mejorada_Seguretat_Total.jpg\",\"datePublished\":\"2025-01-16T18:01:00+00:00\",\"dateModified\":\"2025-09-03T09:14:09+00:00\",\"description\":\"Puertas de Seguridad Venta e Instalaci\u00f3n en Barcelona con m\u00e1s de 30 a\u00f1os de experiencia. Productos Kiuso y montaje de obra gratuito.\",\"breadcrumb\":{\"@id\":\"https:\/\/segurtotal.com\/puertas-de-seguridad-venta-e-instalacion\/#breadcrumb\"},\"inLanguage\":\"ca\",\"potentialAction\":[{\"@type\":\"ReadAction\",\"target\":[\"https:\/\/segurtotal.com\/puertas-de-seguridad-venta-e-instalacion\/\"]}]},{\"@type\":\"ImageObject\",\"inLanguage\":\"ca\",\"@id\":\"https:\/\/segurtotal.com\/puertas-de-seguridad-venta-e-instalacion\/#primaryimage\",\"url\":\"https:\/\/puertasacorazadasbarcelona.com\/wp-content\/uploads\/2021\/04\/fachada_mejorada_Seguretat_Total.jpg\",\"contentUrl\":\"https:\/\/puertasacorazadasbarcelona.com\/wp-content\/uploads\/2021\/04\/fachada_mejorada_Seguretat_Total.jpg\"},{\"@type\":\"BreadcrumbList\",\"@id\":\"https:\/\/segurtotal.com\/puertas-de-seguridad-venta-e-instalacion\/#breadcrumb\",\"itemListElement\":[{\"@type\":\"ListItem\",\"position\":1,\"name\":\"Portada\",\"item\":\"https:\/\/segurtotal.com\/\"},{\"@type\":\"ListItem\",\"position\":2,\"name\":\"Inicio\"}]},{\"@type\":\"WebSite\",\"@id\":\"https:\/\/segurtotal.com\/#website\",\"url\":\"https:\/\/segurtotal.com\/\",\"name\":\"Puertas Acorazadas Barcelona\",\"description\":\"Venta e instalaci&oacute;n de puertas de seguridad\",\"publisher\":{\"@id\":\"https:\/\/segurtotal.com\/#organization\"},\"alternateName\":\"Puertas Acorazadas Barcelona\",\"potentialAction\":[{\"@type\":\"SearchAction\",\"target\":{\"@type\":\"EntryPoint\",\"urlTemplate\":\"https:\/\/segurtotal.com\/?s={search_term_string}\"},\"query-input\":{\"@type\":\"PropertyValueSpecification\",\"valueRequired\":true,\"valueName\":\"search_term_string\"}}],\"inLanguage\":\"ca\"},{\"@type\":\"Organization\",\"@id\":\"https:\/\/segurtotal.com\/#organization\",\"name\":\"Seguretat Total Puertas Acorazadas Barcelona\",\"alternateName\":\"Seguretat Total Puertas Acorazadas Barcelona\",\"url\":\"https:\/\/segurtotal.com\/\",\"logo\":{\"@type\":\"ImageObject\",\"inLanguage\":\"ca\",\"@id\":\"https:\/\/segurtotal.com\/#\/schema\/logo\/image\/\",\"url\":\"https:\/\/segurtotal.com\/wp-content\/uploads\/2025\/06\/Favicon.jpeg\",\"contentUrl\":\"https:\/\/segurtotal.com\/wp-content\/uploads\/2025\/06\/Favicon.jpeg\",\"width\":1444,\"height\":1080,\"caption\":\"Seguretat Total Puertas Acorazadas Barcelona\"},\"image\":{\"@id\":\"https:\/\/segurtotal.com\/#\/schema\/logo\/image\/\"},\"sameAs\":[\"https:\/\/x.com\/puertaslukasz\",\"https:\/\/www.instagram.com\/puertaslukasz\"]}]}<\/script>\n<!-- \/ Yoast SEO plugin. -->","yoast_head_json":{"title":"Puertas de Seguridad - Venta e Instalaci\u00f3n en Barcelona","description":"Puertas de Seguridad Venta e Instalaci\u00f3n en Barcelona con m\u00e1s de 30 a\u00f1os de experiencia. Productos Kiuso y montaje de obra gratuito.","robots":{"index":"index","follow":"follow","max-snippet":"max-snippet:-1","max-image-preview":"max-image-preview:large","max-video-preview":"max-video-preview:-1"},"canonical":"https:\/\/segurtotal.com\/ca\/puertas-de-seguridad-venta-e-instalacion\/","og_locale":"ca_ES","og_type":"article","og_title":"Puertas de Seguridad - Venta e Instalaci\u00f3n en Barcelona","og_description":"Puertas de Seguridad Venta e Instalaci\u00f3n en Barcelona con m\u00e1s de 30 a\u00f1os de experiencia. Productos Kiuso y montaje de obra gratuito.","og_url":"https:\/\/segurtotal.com\/ca\/puertas-de-seguridad-venta-e-instalacion\/","og_site_name":"Segur Total Puertas Acorazadas Barcelona","article_modified_time":"2025-09-03T09:14:09+00:00","og_image":[{"url":"https:\/\/puertasacorazadasbarcelona.com\/wp-content\/uploads\/2021\/04\/fachada_mejorada_Seguretat_Total.jpg","type":"","width":"","height":""}],"twitter_card":"summary_large_image","twitter_site":"@puertaslukasz","twitter_misc":{"Temps estimat de lectura":"4 minuts"},"schema":{"@context":"https:\/\/schema.org","@graph":[{"@type":"WebPage","@id":"https:\/\/segurtotal.com\/puertas-de-seguridad-venta-e-instalacion\/","url":"https:\/\/segurtotal.com\/puertas-de-seguridad-venta-e-instalacion\/","name":"Puertas de Seguridad - Venta e Instalaci\u00f3n en Barcelona","isPartOf":{"@id":"https:\/\/segurtotal.com\/#website"},"primaryImageOfPage":{"@id":"https:\/\/segurtotal.com\/puertas-de-seguridad-venta-e-instalacion\/#primaryimage"},"image":{"@id":"https:\/\/segurtotal.com\/puertas-de-seguridad-venta-e-instalacion\/#primaryimage"},"thumbnailUrl":"https:\/\/puertasacorazadasbarcelona.com\/wp-content\/uploads\/2021\/04\/fachada_mejorada_Seguretat_Total.jpg","datePublished":"2025-01-16T18:01:00+00:00","dateModified":"2025-09-03T09:14:09+00:00","description":"Puertas de Seguridad Venta e Instalaci\u00f3n en Barcelona con m\u00e1s de 30 a\u00f1os de experiencia. Productos Kiuso y montaje de obra gratuito.","breadcrumb":{"@id":"https:\/\/segurtotal.com\/puertas-de-seguridad-venta-e-instalacion\/#breadcrumb"},"inLanguage":"ca","potentialAction":[{"@type":"ReadAction","target":["https:\/\/segurtotal.com\/puertas-de-seguridad-venta-e-instalacion\/"]}]},{"@type":"ImageObject","inLanguage":"ca","@id":"https:\/\/segurtotal.com\/puertas-de-seguridad-venta-e-instalacion\/#primaryimage","url":"https:\/\/puertasacorazadasbarcelona.com\/wp-content\/uploads\/2021\/04\/fachada_mejorada_Seguretat_Total.jpg","contentUrl":"https:\/\/puertasacorazadasbarcelona.com\/wp-content\/uploads\/2021\/04\/fachada_mejorada_Seguretat_Total.jpg"},{"@type":"BreadcrumbList","@id":"https:\/\/segurtotal.com\/puertas-de-seguridad-venta-e-instalacion\/#breadcrumb","itemListElement":[{"@type":"ListItem","position":1,"name":"Portada","item":"https:\/\/segurtotal.com\/"},{"@type":"ListItem","position":2,"name":"Inicio"}]},{"@type":"WebSite","@id":"https:\/\/segurtotal.com\/#website","url":"https:\/\/segurtotal.com\/","name":"Portes blindades Barcelona","description":"Venta e instalaci&oacute;n de puertas de seguridad","publisher":{"@id":"https:\/\/segurtotal.com\/#organization"},"alternateName":"Puertas Acorazadas Barcelona","potentialAction":[{"@type":"SearchAction","target":{"@type":"EntryPoint","urlTemplate":"https:\/\/segurtotal.com\/?s={search_term_string}"},"query-input":{"@type":"PropertyValueSpecification","valueRequired":true,"valueName":"search_term_string"}}],"inLanguage":"ca"},{"@type":"Organization","@id":"https:\/\/segurtotal.com\/#organization","name":"Seguretat Total Puertas Acorazadas Barcelona","alternateName":"Seguretat Total Puertas Acorazadas Barcelona","url":"https:\/\/segurtotal.com\/","logo":{"@type":"ImageObject","inLanguage":"ca","@id":"https:\/\/segurtotal.com\/#\/schema\/logo\/image\/","url":"https:\/\/segurtotal.com\/wp-content\/uploads\/2025\/06\/Favicon.jpeg","contentUrl":"https:\/\/segurtotal.com\/wp-content\/uploads\/2025\/06\/Favicon.jpeg","width":1444,"height":1080,"caption":"Seguretat Total Puertas Acorazadas Barcelona"},"image":{"@id":"https:\/\/segurtotal.com\/#\/schema\/logo\/image\/"},"sameAs":["https:\/\/x.com\/puertaslukasz","https:\/\/www.instagram.com\/puertaslukasz"]}]}},"_links":{"self":[{"href":"https:\/\/segurtotal.com\/ca\/wp-json\/wp\/v2\/pages\/156","targetHints":{"allow":["GET"]}}],"collection":[{"href":"https:\/\/segurtotal.com\/ca\/wp-json\/wp\/v2\/pages"}],"about":[{"href":"https:\/\/segurtotal.com\/ca\/wp-json\/wp\/v2\/types\/page"}],"author":[{"embeddable":true,"href":"https:\/\/segurtotal.com\/ca\/wp-json\/wp\/v2\/users\/2"}],"replies":[{"embeddable":true,"href":"https:\/\/segurtotal.com\/ca\/wp-json\/wp\/v2\/comments?post=156"}],"version-history":[{"count":152,"href":"https:\/\/segurtotal.com\/ca\/wp-json\/wp\/v2\/pages\/156\/revisions"}],"predecessor-version":[{"id":2724,"href":"https:\/\/segurtotal.com\/ca\/wp-json\/wp\/v2\/pages\/156\/revisions\/2724"}],"wp:attachment":[{"href":"https:\/\/segurtotal.com\/ca\/wp-json\/wp\/v2\/media?parent=156"}],"curies":[{"name":"wp","href":"https:\/\/api.w.org\/{rel}","templated":true}]}}