{"id":160,"date":"2025-01-18T06:23:08","date_gmt":"2025-01-18T06:23:08","guid":{"rendered":"http:\/\/instalacionesacorazadas.com\/?page_id=160"},"modified":"2025-06-18T20:14:16","modified_gmt":"2025-06-18T20:14:16","slug":"productos","status":"publish","type":"page","link":"https:\/\/segurtotal.com\/ca\/productos\/","title":{"rendered":"Productes"},"content":{"rendered":"<h1>Tots sobre portes de seguretat<\/h1>\n\t\t\t<img decoding=\"async\" loading=\"false\" src=\"https:\/\/puertasacorazadasbarcelona.com\/wp-content\/uploads\/2019\/06\/puerta_acorazada_lukasz_12.jpg\" alt=\"Imagen Puertas de Seguridad\">\t\t\t\n\t\t\t<img decoding=\"async\" loading=\"false\" src=\"https:\/\/puertasacorazadasbarcelona.com\/wp-content\/uploads\/2019\/06\/puerta_acorazada_lukasz_10.jpg\" alt=\"Modelo cerradura\">\t\t\t\n\t\t\t<img decoding=\"async\" loading=\"false\" src=\"https:\/\/puertasacorazadasbarcelona.com\/wp-content\/uploads\/2019\/06\/puerta_acorazada_lukasz_11.jpg\" alt=\"Estructura Puertas de Seguridad\">\t\t\t\n\t\t\t<img decoding=\"async\" loading=\"false\" src=\"https:\/\/puertasacorazadasbarcelona.com\/wp-content\/uploads\/2019\/06\/puerta_acorazada_lukasz_2.jpg\" alt=\"Imagen Puertas de Seguridad\">\t\t\t\n\t\t\t<img decoding=\"async\" loading=\"false\" src=\"https:\/\/puertasacorazadasbarcelona.com\/wp-content\/uploads\/2019\/06\/puerta_acorazada_lukasz_4.jpg\" alt=\"Imagen Puertas de Seguridad\">\t\t\t\n\t\t\t<img decoding=\"async\" loading=\"false\" src=\"https:\/\/puertasacorazadasbarcelona.com\/wp-content\/uploads\/2019\/06\/puerta_acorazada_lukasz_8.jpg\" alt=\"Estructura Puertas de Seguridad\">\t\t\t\n\t\t\t<img decoding=\"async\" loading=\"false\" src=\"https:\/\/puertasacorazadasbarcelona.com\/wp-content\/uploads\/2019\/06\/puerta_acorazada_lukasz_1.jpg\" alt=\"Imagen Puertas de Seguridad\">\t\t\t\n\t\t\t<img decoding=\"async\" loading=\"false\" src=\"https:\/\/puertasacorazadasbarcelona.com\/wp-content\/uploads\/2019\/06\/puerta_acorazada_lukasz_7.jpg\" alt=\"Imagen Puertas de Seguridad\">\t\t\t\n\t\t\t\t<a href=\"#\" aria-label=\"previous\" role=\"button\">\n<\/a>\n\t\t\t\t<a href=\"#\" aria-label=\"next\" role=\"button\">\n<\/a>\n\t<h2>PORTES DE SEGURETAT<\/h2>\n\t<p>Son fundamentales para la protecci\u00f3n del hogar o negocio, ya que se trata de un producto, cuya estructura es principalmente acero de distinto espesor y cerraduras de alta seguridad.<\/p>\n<p>Estas puertas ofrecen adem\u00e1s un aislamiento t\u00e9rmico y ac\u00fastico del recinto.<\/p>\n<p>Son dispositivos para toda una vida, porque cumplen con todas las normativas actuales de calidad y seguridad con certificaci\u00f3n AENOR.<\/p>\n\t<h3>Portes Cuirassades<\/h3>\t\t\n\t<h3>Portes Blindades<\/h3>\t\t\n\t<h2><strong>Tots els nostres productes s\u00f3n instal\u00b7lats amb Muntatge d'obra <\/strong><strong>oferint una <\/strong><strong>alta qualitat i garantia amb el pas del temps.<br>\n<\/strong><\/h2>\n\t<h2>PORTES T\u00c8CNIQUES<\/h2>\n\t<p>Disponemos de una amplia oferta de productos t\u00e9cnicos multifuncionales, que garantizan el cumplimiento de sus finalidades espec\u00edficas.<\/p>\n<p>Pueden adem\u00e1s, presentarse en&nbsp; diversos dise\u00f1os y con distintos revestimientos, porque dise\u00f1amos soluciones exclusivas para cada proyecto, respondiendo as\u00ed a las tendencias de la arquitectura moderna.<\/p>\n<p>&nbsp;<\/p>\n\t<h3>Tallafoc<\/h3>\t\t\n\t<h3>Traster<\/h3>\t\t\n\t\t\t<img decoding=\"async\" loading=\"false\" src=\"https:\/\/puertasacorazadasbarcelona.com\/wp-content\/uploads\/2019\/04\/puertas-trastero-madrid-02-1.jpg\" alt=\"Instalaciones de puertas acorazadas\">\t\t\t\n\t\t\t<img decoding=\"async\" loading=\"false\" src=\"https:\/\/puertasacorazadasbarcelona.com\/wp-content\/uploads\/2019\/04\/puerta-cortafuegos.jpg\" alt=\"\">\t\t\t\n\t\t\t\t<a href=\"#\" aria-label=\"previous\" role=\"button\">\n<\/a>\n\t\t\t\t<a href=\"#\" aria-label=\"next\" role=\"button\">\n<\/a>\n\t<h2><strong>Totes les nostres portes de seguretat compleixen amb certificaci\u00f3 AENOR<br>\n<\/strong><\/h2>\n<p>&nbsp;<\/p>\n<p class=\"translation-block\">La nostra experi\u00e8ncia parla per si sola, vegeu les <a href=\"https:\/\/puertasacorazadasbarcelona.com\/opiniones\/\" target=\"_blank\" rel=\"noopener\"><strong><u>opinions <\/u><\/strong><\/a>dels nostres clients<\/p>\n<p>&nbsp;<\/p>\n\t\t\t\t<img loading=\"lazy\" decoding=\"async\" src=\"https:\/\/puertasacorazadasbarcelona.com\/wp-content\/uploads\/2021\/05\/grado3-1.png\" alt=\"grado3\" itemprop=\"image\" title=\"grado3\" onerror=\"this.style.display='none'\" width=\"350\" height=\"328\">\n\t<p><strong>PUERTAS GRADO 3<\/strong><\/p>\n<p>&nbsp;<\/p>\n<p><strong>Est\u00e1n compuestas por una hoja de acero con refuerzos de omegas verticales que hacen que la puerta forme un conjunto compacto. Cerraduras y cilindros homologados de alta seguridad. Recomendado para darle un mayor grado de seguridad a su recinto.<\/strong><\/p>\n\t\t\t\t<img loading=\"lazy\" decoding=\"async\" src=\"https:\/\/puertasacorazadasbarcelona.com\/wp-content\/uploads\/2021\/05\/grado4-1.png\" alt=\"grado4\" itemprop=\"image\" title=\"grado4\" onerror=\"this.style.display='none'\" width=\"350\" height=\"370\">\n\t<p>&nbsp;<\/p>\n<strong>PUERTAS GRADO 4<br>\n<\/strong>\n<p>&nbsp;<\/p>\n<p><strong>Recomendadas para viviendas y negocios ubicados en las zonas residenciales, ya que posee las mismas caracter\u00edsticas que el grado 3, pero con un refuerzo estructural con chapa interior en 2 mm. El armaz\u00f3n est\u00e1 compuesto por una plancha de acero y refuerzos en todo el interior y zona de la cerradura.<\/strong><\/p>\n\t\t\t\t<img loading=\"lazy\" decoding=\"async\" src=\"https:\/\/puertasacorazadasbarcelona.com\/wp-content\/uploads\/2021\/05\/grado5-1.png\" alt=\"grado5\" itemprop=\"image\" title=\"grado5\" onerror=\"this.style.display='none'\" width=\"350\" height=\"357\">\n\t<p>&nbsp;<\/p>\n<strong>PUERTAS GRADO 5<br>\n<\/strong>\n<p>&nbsp;<\/p>\n<p><strong>Si requiere de una mayor seguridad en su negocio (joyer\u00edas, empresas ministrales, armeros) u otros establecimientos con altas exigencias de seguridad (incluso su propio hogar), su opci\u00f3n es una puerta grado 5, porque cumple con las m\u00e1s altas exgencias del mercado y con certificado v\u00e1lido por AENOR, siguiendo la norma europea UNE EN 1303:05<\/strong><\/p>\n\t<h2><strong>Oferim fabricaci\u00f3 pr\u00f2pia de taulers amb diferents decoracions<\/strong><\/h2>\n\t\t\t\t<img decoding=\"async\" src=\"https:\/\/instalacionesacorazadas.com\/wp-content\/uploads\/2019\/04\/madera-cl\u00e1sica.jpg\" alt=\"Embellecedor puertas de seguridad\" itemprop=\"image\" title=\"Embellecedor puertas de seguridad acorazada\" onerror=\"this.style.display='none'\">\n\t\t\t\t\t\tMadera Cl\u00e1sica\n\t\t\t\t<img decoding=\"async\" src=\"http:\/\/instalacionesacorazadas.com\/wp-content\/uploads\/2019\/04\/madera-dise\u00f1o.jpg\" alt=\"Embellecedor puertas de seguridad\" itemprop=\"image\" title=\"Embellecedor puertas de seguridad\" onerror=\"this.style.display='none'\">\n\t\t\t\t\t\tMadera Dise\u00f1o\n\t\t\t\t<img decoding=\"async\" src=\"http:\/\/instalacionesacorazadas.com\/wp-content\/uploads\/2019\/04\/madera-inox.jpg\" alt=\"Embellecedor puertas de seguridad\" itemprop=\"image\" title=\"Embellecedor puertas de seguridad\" onerror=\"this.style.display='none'\">\n\t\t\t\t\t\tMadera Inox\n\t\t\t\t<img decoding=\"async\" src=\"http:\/\/instalacionesacorazadas.com\/wp-content\/uploads\/2019\/04\/Laca_Pant\u00f3grafo.jpg\" alt=\"Embellecedor\" itemprop=\"image\" title=\"Embellecedor\" onerror=\"this.style.display='none'\">\n\t\t\t\t\t\tLaca Pant\u00f3grafo\n\t\t\t\t<img decoding=\"async\" src=\"http:\/\/instalacionesacorazadas.com\/wp-content\/uploads\/2019\/04\/aluminio-tratado.jpg\" alt=\"Embellecedor\" itemprop=\"image\" title=\"Embellecedor\" onerror=\"this.style.display='none'\">\n\t\t\t\t\t\tAluminio Tratado\n\t\t\t\t<img decoding=\"async\" src=\"http:\/\/instalacionesacorazadas.com\/wp-content\/uploads\/2019\/04\/Vinilo-PVC.jpg\" alt=\"Embellecedor\" itemprop=\"image\" title=\"Embellecedor\" onerror=\"this.style.display='none'\">\n\t\t\t\t\t\tVinilo PVC\n\t<h2><strong>Panys, forrellats, embellidors i cilindres de la m\u00e9s alta qualitat per garantir la seva seguretat<br>\n<\/strong><\/h2>\n\t\t\t\t<img decoding=\"async\" src=\"https:\/\/instalacionesacorazadas.com\/wp-content\/uploads\/2019\/04\/cerraduras.jpg\" alt=\"Cerradura puerta acorazada\" itemprop=\"image\" title=\"Cerradura puerta acorazada\" onerror=\"this.style.display='none'\">\n\t\t\t\t<img decoding=\"async\" src=\"https:\/\/instalacionesacorazadas.com\/wp-content\/uploads\/2019\/04\/cilindrosyllaves.jpg\" alt=\"Cilindro puerta acorazada\" itemprop=\"image\" title=\"Cilindro puerta acorazada\" onerror=\"this.style.display='none'\">","protected":false},"excerpt":{"rendered":"<p>Todos sobre puertas de seguridad PUERTAS DE SEGURIDAD Son fundamentales para la protecci\u00f3n del hogar o negocio, ya que se trata de un producto, cuya estructura es principalmente acero de distinto espesor y cerraduras de alta seguridad. Estas puertas ofrecen adem\u00e1s un aislamiento t\u00e9rmico y ac\u00fastico del recinto. Son dispositivos para toda una vida, porque<a class=\"moretag\" href=\"https:\/\/segurtotal.com\/ca\/productos\/\"><span class=\"screen-reader-text\">Read more about Productos<\/span>[&#8230;]<\/a><\/p>","protected":false},"author":2,"featured_media":0,"parent":0,"menu_order":0,"comment_status":"closed","ping_status":"closed","template":"","meta":{"_exactmetrics_skip_tracking":false,"_exactmetrics_sitenote_active":false,"_exactmetrics_sitenote_note":"","_exactmetrics_sitenote_category":0,"_joinchat":[],"footnotes":""},"class_list":["post-160","page","type-page","status-publish","hentry"],"yoast_head":"<!-- This site is optimized with the Yoast SEO plugin v26.6 - https:\/\/yoast.com\/wordpress\/plugins\/seo\/ -->\n<title>Productos de Puertas de Seguridad en Barcelona - Alta Calidad<\/title>\n<meta name=\"description\" content=\"Explora nuestras Productos de puertas de seguridad: acorazadas, blindadas, t\u00e9cnicas, cortafuego, y m\u00e1s. Con certificaci\u00f3n AENOR y montaje.\" \/>\n<meta name=\"robots\" content=\"index, follow, max-snippet:-1, max-image-preview:large, max-video-preview:-1\" \/>\n<link rel=\"canonical\" href=\"https:\/\/segurtotal.com\/ca\/productos\/\" \/>\n<meta property=\"og:locale\" content=\"ca_ES\" \/>\n<meta property=\"og:type\" content=\"article\" \/>\n<meta property=\"og:title\" content=\"Productos de Puertas de Seguridad en Barcelona - Alta Calidad\" \/>\n<meta property=\"og:description\" content=\"Explora nuestras Productos de puertas de seguridad: acorazadas, blindadas, t\u00e9cnicas, cortafuego, y m\u00e1s. Con certificaci\u00f3n AENOR y montaje.\" \/>\n<meta property=\"og:url\" content=\"https:\/\/segurtotal.com\/ca\/productos\/\" \/>\n<meta property=\"og:site_name\" content=\"Segur Total Puertas Acorazadas Barcelona\" \/>\n<meta property=\"article:modified_time\" content=\"2025-06-18T20:14:16+00:00\" \/>\n<meta property=\"og:image\" content=\"https:\/\/puertasacorazadasbarcelona.com\/wp-content\/uploads\/2019\/06\/puerta_acorazada_lukasz_12.jpg\" \/>\n<meta name=\"twitter:card\" content=\"summary_large_image\" \/>\n<meta name=\"twitter:site\" content=\"@puertaslukasz\" \/>\n<meta name=\"twitter:label1\" content=\"Temps estimat de lectura\" \/>\n\t<meta name=\"twitter:data1\" content=\"6 minuts\" \/>\n<script type=\"application\/ld+json\" class=\"yoast-schema-graph\">{\"@context\":\"https:\/\/schema.org\",\"@graph\":[{\"@type\":\"WebPage\",\"@id\":\"https:\/\/segurtotal.com\/ca\/productos\/\",\"url\":\"https:\/\/segurtotal.com\/ca\/productos\/\",\"name\":\"Productos de Puertas de Seguridad en Barcelona - Alta Calidad\",\"isPartOf\":{\"@id\":\"https:\/\/segurtotal.com\/#website\"},\"primaryImageOfPage\":{\"@id\":\"https:\/\/segurtotal.com\/ca\/productos\/#primaryimage\"},\"image\":{\"@id\":\"https:\/\/segurtotal.com\/ca\/productos\/#primaryimage\"},\"thumbnailUrl\":\"https:\/\/puertasacorazadasbarcelona.com\/wp-content\/uploads\/2019\/06\/puerta_acorazada_lukasz_12.jpg\",\"datePublished\":\"2025-01-18T06:23:08+00:00\",\"dateModified\":\"2025-06-18T20:14:16+00:00\",\"description\":\"Explora nuestras Productos de puertas de seguridad: acorazadas, blindadas, t\u00e9cnicas, cortafuego, y m\u00e1s. Con certificaci\u00f3n AENOR y montaje.\",\"breadcrumb\":{\"@id\":\"https:\/\/segurtotal.com\/ca\/productos\/#breadcrumb\"},\"inLanguage\":\"ca\",\"potentialAction\":[{\"@type\":\"ReadAction\",\"target\":[\"https:\/\/segurtotal.com\/ca\/productos\/\"]}]},{\"@type\":\"ImageObject\",\"inLanguage\":\"ca\",\"@id\":\"https:\/\/segurtotal.com\/ca\/productos\/#primaryimage\",\"url\":\"https:\/\/puertasacorazadasbarcelona.com\/wp-content\/uploads\/2019\/06\/puerta_acorazada_lukasz_12.jpg\",\"contentUrl\":\"https:\/\/puertasacorazadasbarcelona.com\/wp-content\/uploads\/2019\/06\/puerta_acorazada_lukasz_12.jpg\"},{\"@type\":\"BreadcrumbList\",\"@id\":\"https:\/\/segurtotal.com\/ca\/productos\/#breadcrumb\",\"itemListElement\":[{\"@type\":\"ListItem\",\"position\":1,\"name\":\"Portada\",\"item\":\"https:\/\/segurtotal.com\/\"},{\"@type\":\"ListItem\",\"position\":2,\"name\":\"Productos\"}]},{\"@type\":\"WebSite\",\"@id\":\"https:\/\/segurtotal.com\/#website\",\"url\":\"https:\/\/segurtotal.com\/\",\"name\":\"Puertas Acorazadas Barcelona\",\"description\":\"Venta e instalaci&oacute;n de puertas de seguridad\",\"publisher\":{\"@id\":\"https:\/\/segurtotal.com\/#organization\"},\"alternateName\":\"Puertas Acorazadas Barcelona\",\"potentialAction\":[{\"@type\":\"SearchAction\",\"target\":{\"@type\":\"EntryPoint\",\"urlTemplate\":\"https:\/\/segurtotal.com\/?s={search_term_string}\"},\"query-input\":{\"@type\":\"PropertyValueSpecification\",\"valueRequired\":true,\"valueName\":\"search_term_string\"}}],\"inLanguage\":\"ca\"},{\"@type\":\"Organization\",\"@id\":\"https:\/\/segurtotal.com\/#organization\",\"name\":\"Seguretat Total Puertas Acorazadas Barcelona\",\"alternateName\":\"Seguretat Total Puertas Acorazadas Barcelona\",\"url\":\"https:\/\/segurtotal.com\/\",\"logo\":{\"@type\":\"ImageObject\",\"inLanguage\":\"ca\",\"@id\":\"https:\/\/segurtotal.com\/#\/schema\/logo\/image\/\",\"url\":\"https:\/\/segurtotal.com\/wp-content\/uploads\/2025\/06\/Favicon.jpeg\",\"contentUrl\":\"https:\/\/segurtotal.com\/wp-content\/uploads\/2025\/06\/Favicon.jpeg\",\"width\":1444,\"height\":1080,\"caption\":\"Seguretat Total Puertas Acorazadas Barcelona\"},\"image\":{\"@id\":\"https:\/\/segurtotal.com\/#\/schema\/logo\/image\/\"},\"sameAs\":[\"https:\/\/x.com\/puertaslukasz\",\"https:\/\/www.instagram.com\/puertaslukasz\"]}]}<\/script>\n<!-- \/ Yoast SEO plugin. -->","yoast_head_json":{"title":"Productos de Puertas de Seguridad en Barcelona - Alta Calidad","description":"Explora nuestras Productos de puertas de seguridad: acorazadas, blindadas, t\u00e9cnicas, cortafuego, y m\u00e1s. Con certificaci\u00f3n AENOR y montaje.","robots":{"index":"index","follow":"follow","max-snippet":"max-snippet:-1","max-image-preview":"max-image-preview:large","max-video-preview":"max-video-preview:-1"},"canonical":"https:\/\/segurtotal.com\/ca\/productos\/","og_locale":"ca_ES","og_type":"article","og_title":"Productos de Puertas de Seguridad en Barcelona - Alta Calidad","og_description":"Explora nuestras Productos de puertas de seguridad: acorazadas, blindadas, t\u00e9cnicas, cortafuego, y m\u00e1s. Con certificaci\u00f3n AENOR y montaje.","og_url":"https:\/\/segurtotal.com\/ca\/productos\/","og_site_name":"Segur Total Puertas Acorazadas Barcelona","article_modified_time":"2025-06-18T20:14:16+00:00","og_image":[{"url":"https:\/\/puertasacorazadasbarcelona.com\/wp-content\/uploads\/2019\/06\/puerta_acorazada_lukasz_12.jpg","type":"","width":"","height":""}],"twitter_card":"summary_large_image","twitter_site":"@puertaslukasz","twitter_misc":{"Temps estimat de lectura":"6 minuts"},"schema":{"@context":"https:\/\/schema.org","@graph":[{"@type":"WebPage","@id":"https:\/\/segurtotal.com\/ca\/productos\/","url":"https:\/\/segurtotal.com\/ca\/productos\/","name":"Productos de Puertas de Seguridad en Barcelona - Alta Calidad","isPartOf":{"@id":"https:\/\/segurtotal.com\/#website"},"primaryImageOfPage":{"@id":"https:\/\/segurtotal.com\/ca\/productos\/#primaryimage"},"image":{"@id":"https:\/\/segurtotal.com\/ca\/productos\/#primaryimage"},"thumbnailUrl":"https:\/\/puertasacorazadasbarcelona.com\/wp-content\/uploads\/2019\/06\/puerta_acorazada_lukasz_12.jpg","datePublished":"2025-01-18T06:23:08+00:00","dateModified":"2025-06-18T20:14:16+00:00","description":"Explora nuestras Productos de puertas de seguridad: acorazadas, blindadas, t\u00e9cnicas, cortafuego, y m\u00e1s. Con certificaci\u00f3n AENOR y montaje.","breadcrumb":{"@id":"https:\/\/segurtotal.com\/ca\/productos\/#breadcrumb"},"inLanguage":"ca","potentialAction":[{"@type":"ReadAction","target":["https:\/\/segurtotal.com\/ca\/productos\/"]}]},{"@type":"ImageObject","inLanguage":"ca","@id":"https:\/\/segurtotal.com\/ca\/productos\/#primaryimage","url":"https:\/\/puertasacorazadasbarcelona.com\/wp-content\/uploads\/2019\/06\/puerta_acorazada_lukasz_12.jpg","contentUrl":"https:\/\/puertasacorazadasbarcelona.com\/wp-content\/uploads\/2019\/06\/puerta_acorazada_lukasz_12.jpg"},{"@type":"BreadcrumbList","@id":"https:\/\/segurtotal.com\/ca\/productos\/#breadcrumb","itemListElement":[{"@type":"ListItem","position":1,"name":"Portada","item":"https:\/\/segurtotal.com\/"},{"@type":"ListItem","position":2,"name":"Productos"}]},{"@type":"WebSite","@id":"https:\/\/segurtotal.com\/#website","url":"https:\/\/segurtotal.com\/","name":"Portes blindades Barcelona","description":"Venta e instalaci&oacute;n de puertas de seguridad","publisher":{"@id":"https:\/\/segurtotal.com\/#organization"},"alternateName":"Puertas Acorazadas Barcelona","potentialAction":[{"@type":"SearchAction","target":{"@type":"EntryPoint","urlTemplate":"https:\/\/segurtotal.com\/?s={search_term_string}"},"query-input":{"@type":"PropertyValueSpecification","valueRequired":true,"valueName":"search_term_string"}}],"inLanguage":"ca"},{"@type":"Organization","@id":"https:\/\/segurtotal.com\/#organization","name":"Seguretat Total Puertas Acorazadas Barcelona","alternateName":"Seguretat Total Puertas Acorazadas Barcelona","url":"https:\/\/segurtotal.com\/","logo":{"@type":"ImageObject","inLanguage":"ca","@id":"https:\/\/segurtotal.com\/#\/schema\/logo\/image\/","url":"https:\/\/segurtotal.com\/wp-content\/uploads\/2025\/06\/Favicon.jpeg","contentUrl":"https:\/\/segurtotal.com\/wp-content\/uploads\/2025\/06\/Favicon.jpeg","width":1444,"height":1080,"caption":"Seguretat Total Puertas Acorazadas Barcelona"},"image":{"@id":"https:\/\/segurtotal.com\/#\/schema\/logo\/image\/"},"sameAs":["https:\/\/x.com\/puertaslukasz","https:\/\/www.instagram.com\/puertaslukasz"]}]}},"_links":{"self":[{"href":"https:\/\/segurtotal.com\/ca\/wp-json\/wp\/v2\/pages\/160","targetHints":{"allow":["GET"]}}],"collection":[{"href":"https:\/\/segurtotal.com\/ca\/wp-json\/wp\/v2\/pages"}],"about":[{"href":"https:\/\/segurtotal.com\/ca\/wp-json\/wp\/v2\/types\/page"}],"author":[{"embeddable":true,"href":"https:\/\/segurtotal.com\/ca\/wp-json\/wp\/v2\/users\/2"}],"replies":[{"embeddable":true,"href":"https:\/\/segurtotal.com\/ca\/wp-json\/wp\/v2\/comments?post=160"}],"version-history":[{"count":99,"href":"https:\/\/segurtotal.com\/ca\/wp-json\/wp\/v2\/pages\/160\/revisions"}],"predecessor-version":[{"id":2915,"href":"https:\/\/segurtotal.com\/ca\/wp-json\/wp\/v2\/pages\/160\/revisions\/2915"}],"wp:attachment":[{"href":"https:\/\/segurtotal.com\/ca\/wp-json\/wp\/v2\/media?parent=160"}],"curies":[{"name":"wp","href":"https:\/\/api.w.org\/{rel}","templated":true}]}}