{"id":2,"date":"2019-01-31T18:01:12","date_gmt":"2019-01-31T18:01:12","guid":{"rendered":"http:\/\/instalacionesacorazadas.com\/?page_id=2"},"modified":"2024-04-25T14:04:53","modified_gmt":"2024-04-25T14:04:53","slug":"servicios-e-instalacion-de-puertas-acorazadas","status":"publish","type":"page","link":"https:\/\/segurtotal.com\/ca\/servicios-e-instalacion-de-puertas-acorazadas\/","title":{"rendered":"Serveis"},"content":{"rendered":"<h1>instalaci\u00f3n de puertas acorazadas<\/h1>\n\t\t\t\t<img loading=\"lazy\" decoding=\"async\" src=\"https:\/\/puertasacorazadasbarcelona.com\/wp-content\/uploads\/2019\/06\/ca52a803-8123-4fef-a73d-e6fbce0d569b.jpg\" alt=\"Instalac\u00f3n de puertas acorazadas\" itemprop=\"image\" title=\"Instalac\u00f3n de puertas acorazadas\" onerror=\"this.style.display='none'\" width=\"1600\" height=\"1200\">\n\t<h2>INSTAL\u00b7LACI\u00d3 DE PORTES CUIRASSADES<\/h2>\n\t<p>En Seguretat Total contamos con m\u00e1s de 22 a\u00f1os de experiencia en instalaci\u00f3n de puertas acorazadas y nos destacamos por el compromiso que tenemos con cada uno de nuestros clientes. Por ello, ofrecemos medici\u00f3n y asesor\u00eda gratuita para que pueda obtener un producto adaptado a sus necesidades y a su gusto.<\/p>\n<p>No es suficiente contar con una buena puerta de seguridad si la instalaci\u00f3n no es la adecuada y es por eso que ofrecemos este servicio, ya que nos adaptamos a los est\u00e1ndares m\u00e1s altos de calidad y seguridad para obtener los mejores resultados.<\/p>\n<h3>\n\t\tOur Approach\n\t<\/h3>\n<h3>\n\t\tOur Story\n\t<\/h3>\n\t<h2>MUNTATGE D'OBRA<\/h2>\n\t<p>Este tipo de instalaci\u00f3n permite una mejor adaptaci\u00f3n de la puerta acorazada a las diferentes superficies, lo que lo hace m\u00e1s eficiente y seguro que el sistema tradicional.<\/p>\n<p>Es un montaje de excelente calidad, con fijaciones de obra totalmente herm\u00e9tica, lo que permite una alta resistencia a las vibraciones, golpes (portazos) y al paso del tiempo. Por lo tanto, es una de las mejores opciones para construcciones antiguas donde la estructura del muro es d\u00e9bil.<\/p>\n<p>Recomanat per fabricants amb productes certificats per la norma UNE-EN 1627 de Grau 3, Grau 4 i Grau 5, que avala la qualitat i resist\u00e8ncia dels nostres productes.<\/p>\n\t\t\t\t<img loading=\"lazy\" decoding=\"async\" src=\"https:\/\/puertasacorazadasbarcelona.com\/wp-content\/uploads\/2020\/05\/3D8ED489-DCF3-4D1E-85E4-2E057D0BBD91.jpg\" alt=\"Instalaciones de puertas acorazadas\" itemprop=\"image\" title=\"Instalaciones de puertas acorazadas\" onerror=\"this.style.display='none'\" width=\"1024\" height=\"1024\">\n\t<h2><strong>Oferim els nostres serveis d'instal\u00b7laci\u00f3 adaptant-nos a les necessitats de cadascun dels nostres clients.<br>\n<\/strong><\/h2>\n\t\t\t\t<img decoding=\"async\" src=\"https:\/\/instalacionesacorazadas.com\/wp-content\/uploads\/2019\/04\/door-service-repair-tech.jpg\" alt=\"ServicioTecnico\" itemprop=\"image\" title=\"ServicioTecnico\" onerror=\"this.style.display='none'\">\n\t<h2>SERVEI POST-VENDA<\/h2>\n<h3>\n\t\tOur Approach\n\t<\/h3>\n\t<p>En Seguretat Total sabemos la importancia que tiene garantizar un buen trabajo y no dejamos ning\u00fan detalle al azar. Por eso, ofrecemos nuestro servicio post-venta garantizando asistencia para su total satisfacci\u00f3n.<\/p>\n\n<p>&nbsp;<\/p>\n<h3>\n\t\tOur Story\n\t<\/h3>\n\t<h2><strong>El nostre personal est\u00e0 altament capacitat per oferir-te el millor servei i garantir la seguretat de la teva llar o negoci<\/strong><\/h2>\n\t\t<h3>Necessites m\u00e9s informaci\u00f3 sobre els nostres serveis?<\/h3>\n\t\t\t<a href=\"https:\/\/puertasacorazadasbarcelona.com\/contacto\/\" target=\"_self\" role=\"button\" rel=\"noopener\">\n\t\t\t\t\t\t\tContacti'ns\n\t\t\t\t\t<\/a>","protected":false},"excerpt":{"rendered":"<p>instalaci\u00f3n de puertas acorazadas INSTALACI\u00d3N DE PUERTAS ACORAZADAS En Seguretat Total contamos con m\u00e1s de 22 a\u00f1os de experiencia en instalaci\u00f3n de puertas acorazadas y nos destacamos por el compromiso que tenemos con cada uno de nuestros clientes. Por ello, ofrecemos medici\u00f3n y asesor\u00eda gratuita para que pueda obtener un producto adaptado a sus necesidades<a class=\"moretag\" href=\"https:\/\/segurtotal.com\/ca\/servicios-e-instalacion-de-puertas-acorazadas\/\"><span class=\"screen-reader-text\">Read more about Servicios<\/span>[&#8230;]<\/a><\/p>","protected":false},"author":2,"featured_media":0,"parent":0,"menu_order":0,"comment_status":"closed","ping_status":"closed","template":"","meta":{"_exactmetrics_skip_tracking":false,"_exactmetrics_sitenote_active":false,"_exactmetrics_sitenote_note":"","_exactmetrics_sitenote_category":0,"_joinchat":[],"footnotes":""},"class_list":["post-2","page","type-page","status-publish","hentry"],"yoast_head":"<!-- This site is optimized with the Yoast SEO plugin v26.6 - https:\/\/yoast.com\/wordpress\/plugins\/seo\/ -->\n<title>Instalaci\u00f3n de Puertas Acorazadas en Barcelona - Seguretat Total<\/title>\n<meta name=\"description\" content=\"Cat\u00e1logo de servicios en venta e instalaci\u00f3n de puertas acorazadas en Barcelona, montaje de obra, servicio post-venta, asesor\u00eda profesional.\" \/>\n<meta name=\"robots\" content=\"index, follow, max-snippet:-1, max-image-preview:large, max-video-preview:-1\" \/>\n<link rel=\"canonical\" href=\"https:\/\/segurtotal.com\/ca\/servicios-e-instalacion-de-puertas-acorazadas\/\" \/>\n<meta property=\"og:locale\" content=\"ca_ES\" \/>\n<meta property=\"og:type\" content=\"article\" \/>\n<meta property=\"og:title\" content=\"Instalaci\u00f3n de Puertas Acorazadas en Barcelona - Seguretat Total\" \/>\n<meta property=\"og:description\" content=\"Cat\u00e1logo de servicios en venta e instalaci\u00f3n de puertas acorazadas en Barcelona, montaje de obra, servicio post-venta, asesor\u00eda profesional.\" \/>\n<meta property=\"og:url\" content=\"https:\/\/segurtotal.com\/ca\/servicios-e-instalacion-de-puertas-acorazadas\/\" \/>\n<meta property=\"og:site_name\" content=\"Segur Total Puertas Acorazadas Barcelona\" \/>\n<meta property=\"article:modified_time\" content=\"2024-04-25T14:04:53+00:00\" \/>\n<meta property=\"og:image\" content=\"https:\/\/puertasacorazadasbarcelona.com\/wp-content\/uploads\/2019\/06\/ca52a803-8123-4fef-a73d-e6fbce0d569b.jpg\" \/>\n<meta name=\"twitter:card\" content=\"summary_large_image\" \/>\n<meta name=\"twitter:site\" content=\"@puertaslukasz\" \/>\n<meta name=\"twitter:label1\" content=\"Temps estimat de lectura\" \/>\n\t<meta name=\"twitter:data1\" content=\"3 minuts\" \/>\n<script type=\"application\/ld+json\" class=\"yoast-schema-graph\">{\"@context\":\"https:\/\/schema.org\",\"@graph\":[{\"@type\":\"WebPage\",\"@id\":\"https:\/\/segurtotal.com\/servicios-e-instalacion-de-puertas-acorazadas\/\",\"url\":\"https:\/\/segurtotal.com\/servicios-e-instalacion-de-puertas-acorazadas\/\",\"name\":\"Instalaci\u00f3n de Puertas Acorazadas en Barcelona - Seguretat Total\",\"isPartOf\":{\"@id\":\"https:\/\/segurtotal.com\/#website\"},\"primaryImageOfPage\":{\"@id\":\"https:\/\/segurtotal.com\/servicios-e-instalacion-de-puertas-acorazadas\/#primaryimage\"},\"image\":{\"@id\":\"https:\/\/segurtotal.com\/servicios-e-instalacion-de-puertas-acorazadas\/#primaryimage\"},\"thumbnailUrl\":\"https:\/\/puertasacorazadasbarcelona.com\/wp-content\/uploads\/2019\/06\/ca52a803-8123-4fef-a73d-e6fbce0d569b.jpg\",\"datePublished\":\"2019-01-31T18:01:12+00:00\",\"dateModified\":\"2024-04-25T14:04:53+00:00\",\"description\":\"Cat\u00e1logo de servicios en venta e instalaci\u00f3n de puertas acorazadas en Barcelona, montaje de obra, servicio post-venta, asesor\u00eda profesional.\",\"breadcrumb\":{\"@id\":\"https:\/\/segurtotal.com\/servicios-e-instalacion-de-puertas-acorazadas\/#breadcrumb\"},\"inLanguage\":\"ca\",\"potentialAction\":[{\"@type\":\"ReadAction\",\"target\":[\"https:\/\/segurtotal.com\/servicios-e-instalacion-de-puertas-acorazadas\/\"]}]},{\"@type\":\"ImageObject\",\"inLanguage\":\"ca\",\"@id\":\"https:\/\/segurtotal.com\/servicios-e-instalacion-de-puertas-acorazadas\/#primaryimage\",\"url\":\"https:\/\/puertasacorazadasbarcelona.com\/wp-content\/uploads\/2019\/06\/ca52a803-8123-4fef-a73d-e6fbce0d569b.jpg\",\"contentUrl\":\"https:\/\/puertasacorazadasbarcelona.com\/wp-content\/uploads\/2019\/06\/ca52a803-8123-4fef-a73d-e6fbce0d569b.jpg\"},{\"@type\":\"BreadcrumbList\",\"@id\":\"https:\/\/segurtotal.com\/servicios-e-instalacion-de-puertas-acorazadas\/#breadcrumb\",\"itemListElement\":[{\"@type\":\"ListItem\",\"position\":1,\"name\":\"Portada\",\"item\":\"https:\/\/segurtotal.com\/\"},{\"@type\":\"ListItem\",\"position\":2,\"name\":\"Servicios\"}]},{\"@type\":\"WebSite\",\"@id\":\"https:\/\/segurtotal.com\/#website\",\"url\":\"https:\/\/segurtotal.com\/\",\"name\":\"Puertas Acorazadas Barcelona\",\"description\":\"Venta e instalaci&oacute;n de puertas de seguridad\",\"publisher\":{\"@id\":\"https:\/\/segurtotal.com\/#organization\"},\"alternateName\":\"Puertas Acorazadas Barcelona\",\"potentialAction\":[{\"@type\":\"SearchAction\",\"target\":{\"@type\":\"EntryPoint\",\"urlTemplate\":\"https:\/\/segurtotal.com\/?s={search_term_string}\"},\"query-input\":{\"@type\":\"PropertyValueSpecification\",\"valueRequired\":true,\"valueName\":\"search_term_string\"}}],\"inLanguage\":\"ca\"},{\"@type\":\"Organization\",\"@id\":\"https:\/\/segurtotal.com\/#organization\",\"name\":\"Seguretat Total Puertas Acorazadas Barcelona\",\"alternateName\":\"Seguretat Total Puertas Acorazadas Barcelona\",\"url\":\"https:\/\/segurtotal.com\/\",\"logo\":{\"@type\":\"ImageObject\",\"inLanguage\":\"ca\",\"@id\":\"https:\/\/segurtotal.com\/#\/schema\/logo\/image\/\",\"url\":\"https:\/\/segurtotal.com\/wp-content\/uploads\/2025\/06\/Favicon.jpeg\",\"contentUrl\":\"https:\/\/segurtotal.com\/wp-content\/uploads\/2025\/06\/Favicon.jpeg\",\"width\":1444,\"height\":1080,\"caption\":\"Seguretat Total Puertas Acorazadas Barcelona\"},\"image\":{\"@id\":\"https:\/\/segurtotal.com\/#\/schema\/logo\/image\/\"},\"sameAs\":[\"https:\/\/x.com\/puertaslukasz\",\"https:\/\/www.instagram.com\/puertaslukasz\"]}]}<\/script>\n<!-- \/ Yoast SEO plugin. -->","yoast_head_json":{"title":"Instalaci\u00f3n de Puertas Acorazadas en Barcelona - Seguretat Total","description":"Cat\u00e1logo de servicios en venta e instalaci\u00f3n de puertas acorazadas en Barcelona, montaje de obra, servicio post-venta, asesor\u00eda profesional.","robots":{"index":"index","follow":"follow","max-snippet":"max-snippet:-1","max-image-preview":"max-image-preview:large","max-video-preview":"max-video-preview:-1"},"canonical":"https:\/\/segurtotal.com\/ca\/servicios-e-instalacion-de-puertas-acorazadas\/","og_locale":"ca_ES","og_type":"article","og_title":"Instalaci\u00f3n de Puertas Acorazadas en Barcelona - Seguretat Total","og_description":"Cat\u00e1logo de servicios en venta e instalaci\u00f3n de puertas acorazadas en Barcelona, montaje de obra, servicio post-venta, asesor\u00eda profesional.","og_url":"https:\/\/segurtotal.com\/ca\/servicios-e-instalacion-de-puertas-acorazadas\/","og_site_name":"Segur Total Puertas Acorazadas Barcelona","article_modified_time":"2024-04-25T14:04:53+00:00","og_image":[{"url":"https:\/\/puertasacorazadasbarcelona.com\/wp-content\/uploads\/2019\/06\/ca52a803-8123-4fef-a73d-e6fbce0d569b.jpg","type":"","width":"","height":""}],"twitter_card":"summary_large_image","twitter_site":"@puertaslukasz","twitter_misc":{"Temps estimat de lectura":"3 minuts"},"schema":{"@context":"https:\/\/schema.org","@graph":[{"@type":"WebPage","@id":"https:\/\/segurtotal.com\/servicios-e-instalacion-de-puertas-acorazadas\/","url":"https:\/\/segurtotal.com\/servicios-e-instalacion-de-puertas-acorazadas\/","name":"Instalaci\u00f3n de Puertas Acorazadas en Barcelona - Seguretat Total","isPartOf":{"@id":"https:\/\/segurtotal.com\/#website"},"primaryImageOfPage":{"@id":"https:\/\/segurtotal.com\/servicios-e-instalacion-de-puertas-acorazadas\/#primaryimage"},"image":{"@id":"https:\/\/segurtotal.com\/servicios-e-instalacion-de-puertas-acorazadas\/#primaryimage"},"thumbnailUrl":"https:\/\/puertasacorazadasbarcelona.com\/wp-content\/uploads\/2019\/06\/ca52a803-8123-4fef-a73d-e6fbce0d569b.jpg","datePublished":"2019-01-31T18:01:12+00:00","dateModified":"2024-04-25T14:04:53+00:00","description":"Cat\u00e1logo de servicios en venta e instalaci\u00f3n de puertas acorazadas en Barcelona, montaje de obra, servicio post-venta, asesor\u00eda profesional.","breadcrumb":{"@id":"https:\/\/segurtotal.com\/servicios-e-instalacion-de-puertas-acorazadas\/#breadcrumb"},"inLanguage":"ca","potentialAction":[{"@type":"ReadAction","target":["https:\/\/segurtotal.com\/servicios-e-instalacion-de-puertas-acorazadas\/"]}]},{"@type":"ImageObject","inLanguage":"ca","@id":"https:\/\/segurtotal.com\/servicios-e-instalacion-de-puertas-acorazadas\/#primaryimage","url":"https:\/\/puertasacorazadasbarcelona.com\/wp-content\/uploads\/2019\/06\/ca52a803-8123-4fef-a73d-e6fbce0d569b.jpg","contentUrl":"https:\/\/puertasacorazadasbarcelona.com\/wp-content\/uploads\/2019\/06\/ca52a803-8123-4fef-a73d-e6fbce0d569b.jpg"},{"@type":"BreadcrumbList","@id":"https:\/\/segurtotal.com\/servicios-e-instalacion-de-puertas-acorazadas\/#breadcrumb","itemListElement":[{"@type":"ListItem","position":1,"name":"Portada","item":"https:\/\/segurtotal.com\/"},{"@type":"ListItem","position":2,"name":"Servicios"}]},{"@type":"WebSite","@id":"https:\/\/segurtotal.com\/#website","url":"https:\/\/segurtotal.com\/","name":"Portes blindades Barcelona","description":"Venta e instalaci&oacute;n de puertas de seguridad","publisher":{"@id":"https:\/\/segurtotal.com\/#organization"},"alternateName":"Puertas Acorazadas Barcelona","potentialAction":[{"@type":"SearchAction","target":{"@type":"EntryPoint","urlTemplate":"https:\/\/segurtotal.com\/?s={search_term_string}"},"query-input":{"@type":"PropertyValueSpecification","valueRequired":true,"valueName":"search_term_string"}}],"inLanguage":"ca"},{"@type":"Organization","@id":"https:\/\/segurtotal.com\/#organization","name":"Seguretat Total Puertas Acorazadas Barcelona","alternateName":"Seguretat Total Puertas Acorazadas Barcelona","url":"https:\/\/segurtotal.com\/","logo":{"@type":"ImageObject","inLanguage":"ca","@id":"https:\/\/segurtotal.com\/#\/schema\/logo\/image\/","url":"https:\/\/segurtotal.com\/wp-content\/uploads\/2025\/06\/Favicon.jpeg","contentUrl":"https:\/\/segurtotal.com\/wp-content\/uploads\/2025\/06\/Favicon.jpeg","width":1444,"height":1080,"caption":"Seguretat Total Puertas Acorazadas Barcelona"},"image":{"@id":"https:\/\/segurtotal.com\/#\/schema\/logo\/image\/"},"sameAs":["https:\/\/x.com\/puertaslukasz","https:\/\/www.instagram.com\/puertaslukasz"]}]}},"_links":{"self":[{"href":"https:\/\/segurtotal.com\/ca\/wp-json\/wp\/v2\/pages\/2","targetHints":{"allow":["GET"]}}],"collection":[{"href":"https:\/\/segurtotal.com\/ca\/wp-json\/wp\/v2\/pages"}],"about":[{"href":"https:\/\/segurtotal.com\/ca\/wp-json\/wp\/v2\/types\/page"}],"author":[{"embeddable":true,"href":"https:\/\/segurtotal.com\/ca\/wp-json\/wp\/v2\/users\/2"}],"replies":[{"embeddable":true,"href":"https:\/\/segurtotal.com\/ca\/wp-json\/wp\/v2\/comments?post=2"}],"version-history":[{"count":56,"href":"https:\/\/segurtotal.com\/ca\/wp-json\/wp\/v2\/pages\/2\/revisions"}],"predecessor-version":[{"id":1831,"href":"https:\/\/segurtotal.com\/ca\/wp-json\/wp\/v2\/pages\/2\/revisions\/1831"}],"wp:attachment":[{"href":"https:\/\/segurtotal.com\/ca\/wp-json\/wp\/v2\/media?parent=2"}],"curies":[{"name":"wp","href":"https:\/\/api.w.org\/{rel}","templated":true}]}}