{"id":2317,"date":"2025-01-18T05:42:12","date_gmt":"2025-01-18T05:42:12","guid":{"rendered":"https:\/\/puertasacorazadasbarcelona.com\/?page_id=2317"},"modified":"2025-01-18T05:42:15","modified_gmt":"2025-01-18T05:42:15","slug":"kiuso_xxi","status":"publish","type":"page","link":"https:\/\/segurtotal.com\/ca\/kiuso_xxi\/","title":{"rendered":"Puerta acorazada Kiuso XXI"},"content":{"rendered":"<p>Kiuso XXI<\/p>\n\t\t\t\t<img loading=\"lazy\" decoding=\"async\" src=\"https:\/\/puertasacorazadasbarcelona.com\/wp-content\/uploads\/2024\/03\/MG_0621.jpg-nggid03111-ngg0dyn-800x600-00f0w010c010r110f110r010t010.jpg\" alt=\"MG_0621.jpg-nggid03111-ngg0dyn-800x600-00f0w010c010r110f110r010t010\" itemprop=\"image\" height=\"533\" width=\"800\" title=\"MG_0621.jpg-nggid03111-ngg0dyn-800x600-00f0w010c010r110f110r010t010\" onerror=\"this.style.display='none'\"  \/>\n\t\t\t\t<img loading=\"lazy\" decoding=\"async\" src=\"https:\/\/puertasacorazadasbarcelona.com\/wp-content\/uploads\/2024\/03\/MG_0614.jpg-nggid03109-ngg0dyn-800x600-00f0w010c010r110f110r010t010.jpg\" alt=\"MG_0614.jpg-nggid03109-ngg0dyn-800x600-00f0w010c010r110f110r010t010\" itemprop=\"image\" height=\"533\" width=\"800\" title=\"MG_0614.jpg-nggid03109-ngg0dyn-800x600-00f0w010c010r110f110r010t010\" onerror=\"this.style.display='none'\"  \/>\n\t\t\t\t<img loading=\"lazy\" decoding=\"async\" src=\"https:\/\/puertasacorazadasbarcelona.com\/wp-content\/uploads\/2024\/03\/MG_0593.jpg-nggid03106-ngg0dyn-800x600-00f0w010c010r110f110r010t010.jpg\" alt=\"MG_0593.jpg-nggid03106-ngg0dyn-800x600-00f0w010c010r110f110r010t010\" itemprop=\"image\" height=\"533\" width=\"800\" title=\"MG_0593.jpg-nggid03106-ngg0dyn-800x600-00f0w010c010r110f110r010t010\" onerror=\"this.style.display='none'\"  \/>\n\t\t\t\t<img loading=\"lazy\" decoding=\"async\" src=\"https:\/\/puertasacorazadasbarcelona.com\/wp-content\/uploads\/2024\/03\/MG_0574.jpg-nggid03107-ngg0dyn-800x600-00f0w010c010r110f110r010t010.jpg\" alt=\"MG_0574.jpg-nggid03107-ngg0dyn-800x600-00f0w010c010r110f110r010t010\" itemprop=\"image\" height=\"533\" width=\"800\" title=\"MG_0574.jpg-nggid03107-ngg0dyn-800x600-00f0w010c010r110f110r010t010\" onerror=\"this.style.display='none'\"  \/>\n<p>La puerta\u00a0<strong>Kiuso XXI es la puerta acorazada\u00a0<\/strong>estrella de nuestras acorazadas. Cuenta con la terminaci\u00f3n m\u00e1s cuidada de todas las fabricadas por Puertas Kiuso.<\/p>\n<p>&nbsp;<\/p>\n<p>Sus detalles, espesor y remates hacen de ella una puerta diferente al resto.<\/p>\n<p>&nbsp;<\/p>\n<p>Su estructura met\u00e1lica y sus prestaciones pueden asemejarse la puerta Kiuso 100,\u00a0<strong>pudiendo elegir el nivel de seguridad<\/strong>\u00a0deseado, as\u00ed como los\u00a0<strong>sistemas de cierre<\/strong>\u00a0o\u00a0<strong>terminaciones<\/strong>\u00a0m\u00e1s apropiadas para nuestra vivienda.<\/p>\n<h2>Caracter\u00edsticas:<\/h2>\n<p>&nbsp;<\/p>\n<ul>\n<li>Las cantoneras de aluminio poseen\u00a0<strong>doble burlete<\/strong>\u00a0de aislamiento.<\/li>\n<li><strong>Tableros de 9mm<\/strong>\u00a0de espesor.<\/li>\n<li><strong>Z\u00f3calo inferior<\/strong>\u00a0con batiente para favorecer el aislamiento y\u00a0<strong>solapa sobre<\/strong>\u00a0la propia\u00a0<strong>bandeja<\/strong>\u00a0de la puerta.<\/li>\n<li>Cuenta con un\u00a0<strong>tancador<\/strong>\u00a0embellecedor donde se aloja la\u00a0<strong>barra inferior<\/strong>\u00a0y evita la entrada de polvo, tierra u otros objetos en el agujero hecho para tal fin.<\/li>\n<li><strong>Cazoletas<\/strong> decorativas en los alojamientos de los pivotes antipalanca<\/li>\n<\/ul>\n<h3>CANTONERA DE ALUMINIO DE LA KIUSO XXI<\/h3>\n<ul>\n<li>Su\u00a0<strong>original dise\u00f1o<\/strong>\u00a0permite la fijaci\u00f3n de los tableros de la puerta y su eventual situaci\u00f3n. Nuestra patente N\u00ba109488.<\/li>\n<li>Cuenta con\u00a0<strong>doble burlete<\/strong>\u00a0de aislamiento.<\/li>\n<li>Solapa la puerta en todo su per\u00edmetro.<\/li>\n<li>Disponible en terminaci\u00f3n\u00a0<strong>dorada, negra o cromo mate<\/strong>.<\/li>\n<\/ul>\n<h3>TABLEROS INTERCAMBIABLES<\/h3>\n<ul>\n<li>Tableros intercambiables de\u00a0<strong>9mm<\/strong>. de espesor con acabados en madera de primera calidad, son insertados a guillotina.<\/li>\n<li>Posibilidad de combinar dise\u00f1os y maderas diferentes o\u00a0<strong>copiar el dise\u00f1o de su puerta actual<\/strong>.<\/li>\n<li><strong>Sustituci\u00f3n<\/strong>\u00a0r\u00e1pida y sencilla en su propia casa.<\/li>\n<li>Gran variedad de\u00a0<strong>paneles de aluminio<\/strong>.<\/li>\n<li>Recomendado para\u00a0<strong>puertas expuestas a la intemperie.<\/strong><\/li>\n<\/ul>\n<h3>PIVOTES ANTIPALANCA<\/h3>\n<ul>\n<li>En la\u00a0<strong>zona de bisagras<\/strong>.<\/li>\n<li>Con un\u00a0<strong>m\u00ednimo de ocho pivotes anitipalanca de acero<\/strong>\u00a0que se insertan dentro del propio cerco.<\/li>\n<li>Cuenta con\u00a0<strong>cazoletas embellecedoras<\/strong>.<\/li>\n<li>Con\u00a0<strong>tancador inferior para el alojamiento de la barra<\/strong>. Su mecanismo impide la entrada de suciedad y da un aspecto mucho m\u00e1s elegante a su puerta.<\/li>\n<li>Posibilidad de terminaci\u00f3n en\u00a0<strong>dorado o cromo mate<\/strong>.<\/li>\n<\/ul>\n<h3>CERTIFICACI\u00d3N<\/h3>\n<p>Adem\u00e1s de las\u00a0<strong>caracter\u00edsticas generales<\/strong>, las puertas acorazadas Kiuso XXI incluyen:<\/p>\n<p>Certificado de producto de<strong>\u00a0RC3<\/strong>\u00a0o<strong>\u00a0RC4<\/strong>\u00a0por\u00a0<strong>AENOR<\/strong>\u00a0seg\u00fan la norma\u00a0<strong>UNE EN 1627:2.011<\/strong>\u00a0o\u00a0<strong>UNE 85160:2.013<\/strong><\/p>\n\t\t\t\t<img loading=\"lazy\" decoding=\"async\" src=\"https:\/\/puertasacorazadasbarcelona.com\/wp-content\/uploads\/2024\/03\/AENOR-Grados-G3-400x400-1.jpg\" alt=\"AENOR-Grados-G3-400x400\" itemprop=\"image\" height=\"400\" width=\"400\" title=\"AENOR-Grados-G3-400x400\" onerror=\"this.style.display='none'\"  \/>\n\t\t\t\t<img loading=\"lazy\" decoding=\"async\" src=\"https:\/\/puertasacorazadasbarcelona.com\/wp-content\/uploads\/2024\/03\/AENOR-Grados-G4-400x400-1.jpg\" alt=\"AENOR-Grados-G4-400x400\" itemprop=\"image\" height=\"400\" width=\"400\" title=\"AENOR-Grados-G4-400x400\" onerror=\"this.style.display='none'\"  \/>","protected":false},"excerpt":{"rendered":"<p>Kiuso XXI La puerta\u00a0Kiuso XXI es la puerta acorazada\u00a0estrella de nuestras acorazadas. Cuenta con la terminaci\u00f3n m\u00e1s cuidada de todas las fabricadas por Puertas Kiuso. &nbsp; Sus detalles, espesor y remates hacen de ella una puerta diferente al resto. &nbsp; Su estructura met\u00e1lica y sus prestaciones pueden asemejarse la puerta Kiuso 100,\u00a0pudiendo elegir el nivel<a class=\"moretag\" href=\"https:\/\/segurtotal.com\/ca\/kiuso_xxi\/\"><span class=\"screen-reader-text\">Read more about Puerta acorazada Kiuso XXI<\/span>[&#8230;]<\/a><\/p>","protected":false},"author":2,"featured_media":0,"parent":0,"menu_order":0,"comment_status":"closed","ping_status":"closed","template":"","meta":{"_exactmetrics_skip_tracking":false,"_exactmetrics_sitenote_active":false,"_exactmetrics_sitenote_note":"","_exactmetrics_sitenote_category":0,"_joinchat":[],"footnotes":""},"class_list":["post-2317","page","type-page","status-publish","hentry"],"yoast_head":"<!-- This site is optimized with the Yoast SEO plugin v26.6 - https:\/\/yoast.com\/wordpress\/plugins\/seo\/ -->\n<title>Kiuso XXI - Puerta Acorazada de Alta Seguridad y Dise\u00f1o<\/title>\n<meta name=\"description\" content=\"Kiuso XXI ofrece puertas acorazadas en Barcelona con m\u00e1xima seguridad, acabados personalizados y dise\u00f1o exclusivo para tu casa o negocio.\" \/>\n<meta name=\"robots\" content=\"index, follow, max-snippet:-1, max-image-preview:large, max-video-preview:-1\" \/>\n<link rel=\"canonical\" href=\"https:\/\/segurtotal.com\/ca\/kiuso_xxi\/\" \/>\n<meta property=\"og:locale\" content=\"ca_ES\" \/>\n<meta property=\"og:type\" content=\"article\" \/>\n<meta property=\"og:title\" content=\"Kiuso XXI - Puerta Acorazada de Alta Seguridad y Dise\u00f1o\" \/>\n<meta property=\"og:description\" content=\"Kiuso XXI ofrece puertas acorazadas en Barcelona con m\u00e1xima seguridad, acabados personalizados y dise\u00f1o exclusivo para tu casa o negocio.\" \/>\n<meta property=\"og:url\" content=\"https:\/\/segurtotal.com\/ca\/kiuso_xxi\/\" \/>\n<meta property=\"og:site_name\" content=\"Segur Total Puertas Acorazadas Barcelona\" \/>\n<meta property=\"article:modified_time\" content=\"2025-01-18T05:42:15+00:00\" \/>\n<meta property=\"og:image\" content=\"https:\/\/puertasacorazadasbarcelona.com\/wp-content\/uploads\/2024\/03\/MG_0621.jpg-nggid03111-ngg0dyn-800x600-00f0w010c010r110f110r010t010.jpg\" \/>\n<meta name=\"twitter:card\" content=\"summary_large_image\" \/>\n<meta name=\"twitter:site\" content=\"@puertaslukasz\" \/>\n<meta name=\"twitter:label1\" content=\"Temps estimat de lectura\" \/>\n\t<meta name=\"twitter:data1\" content=\"3 minuts\" \/>\n<script type=\"application\/ld+json\" class=\"yoast-schema-graph\">{\"@context\":\"https:\/\/schema.org\",\"@graph\":[{\"@type\":\"WebPage\",\"@id\":\"https:\/\/segurtotal.com\/ca\/kiuso_xxi\/\",\"url\":\"https:\/\/segurtotal.com\/ca\/kiuso_xxi\/\",\"name\":\"Kiuso XXI - Puerta Acorazada de Alta Seguridad y Dise\u00f1o\",\"isPartOf\":{\"@id\":\"https:\/\/segurtotal.com\/#website\"},\"primaryImageOfPage\":{\"@id\":\"https:\/\/segurtotal.com\/ca\/kiuso_xxi\/#primaryimage\"},\"image\":{\"@id\":\"https:\/\/segurtotal.com\/ca\/kiuso_xxi\/#primaryimage\"},\"thumbnailUrl\":\"https:\/\/puertasacorazadasbarcelona.com\/wp-content\/uploads\/2024\/03\/MG_0621.jpg-nggid03111-ngg0dyn-800x600-00f0w010c010r110f110r010t010.jpg\",\"datePublished\":\"2025-01-18T05:42:12+00:00\",\"dateModified\":\"2025-01-18T05:42:15+00:00\",\"description\":\"Kiuso XXI ofrece puertas acorazadas en Barcelona con m\u00e1xima seguridad, acabados personalizados y dise\u00f1o exclusivo para tu casa o negocio.\",\"breadcrumb\":{\"@id\":\"https:\/\/segurtotal.com\/ca\/kiuso_xxi\/#breadcrumb\"},\"inLanguage\":\"ca\",\"potentialAction\":[{\"@type\":\"ReadAction\",\"target\":[\"https:\/\/segurtotal.com\/ca\/kiuso_xxi\/\"]}]},{\"@type\":\"ImageObject\",\"inLanguage\":\"ca\",\"@id\":\"https:\/\/segurtotal.com\/ca\/kiuso_xxi\/#primaryimage\",\"url\":\"https:\/\/puertasacorazadasbarcelona.com\/wp-content\/uploads\/2024\/03\/MG_0621.jpg-nggid03111-ngg0dyn-800x600-00f0w010c010r110f110r010t010.jpg\",\"contentUrl\":\"https:\/\/puertasacorazadasbarcelona.com\/wp-content\/uploads\/2024\/03\/MG_0621.jpg-nggid03111-ngg0dyn-800x600-00f0w010c010r110f110r010t010.jpg\"},{\"@type\":\"BreadcrumbList\",\"@id\":\"https:\/\/segurtotal.com\/ca\/kiuso_xxi\/#breadcrumb\",\"itemListElement\":[{\"@type\":\"ListItem\",\"position\":1,\"name\":\"Portada\",\"item\":\"https:\/\/segurtotal.com\/\"},{\"@type\":\"ListItem\",\"position\":2,\"name\":\"Puerta acorazada Kiuso XXI\"}]},{\"@type\":\"WebSite\",\"@id\":\"https:\/\/segurtotal.com\/#website\",\"url\":\"https:\/\/segurtotal.com\/\",\"name\":\"Puertas Acorazadas Barcelona\",\"description\":\"Venta e instalaci&oacute;n de puertas de seguridad\",\"publisher\":{\"@id\":\"https:\/\/segurtotal.com\/#organization\"},\"alternateName\":\"Puertas Acorazadas Barcelona\",\"potentialAction\":[{\"@type\":\"SearchAction\",\"target\":{\"@type\":\"EntryPoint\",\"urlTemplate\":\"https:\/\/segurtotal.com\/?s={search_term_string}\"},\"query-input\":{\"@type\":\"PropertyValueSpecification\",\"valueRequired\":true,\"valueName\":\"search_term_string\"}}],\"inLanguage\":\"ca\"},{\"@type\":\"Organization\",\"@id\":\"https:\/\/segurtotal.com\/#organization\",\"name\":\"Seguretat Total Puertas Acorazadas Barcelona\",\"alternateName\":\"Seguretat Total Puertas Acorazadas Barcelona\",\"url\":\"https:\/\/segurtotal.com\/\",\"logo\":{\"@type\":\"ImageObject\",\"inLanguage\":\"ca\",\"@id\":\"https:\/\/segurtotal.com\/#\/schema\/logo\/image\/\",\"url\":\"https:\/\/segurtotal.com\/wp-content\/uploads\/2025\/06\/Favicon.jpeg\",\"contentUrl\":\"https:\/\/segurtotal.com\/wp-content\/uploads\/2025\/06\/Favicon.jpeg\",\"width\":1444,\"height\":1080,\"caption\":\"Seguretat Total Puertas Acorazadas Barcelona\"},\"image\":{\"@id\":\"https:\/\/segurtotal.com\/#\/schema\/logo\/image\/\"},\"sameAs\":[\"https:\/\/x.com\/puertaslukasz\",\"https:\/\/www.instagram.com\/puertaslukasz\"]}]}<\/script>\n<!-- \/ Yoast SEO plugin. -->","yoast_head_json":{"title":"Kiuso XXI - Puerta Acorazada de Alta Seguridad y Dise\u00f1o","description":"Kiuso XXI ofrece puertas acorazadas en Barcelona con m\u00e1xima seguridad, acabados personalizados y dise\u00f1o exclusivo para tu casa o negocio.","robots":{"index":"index","follow":"follow","max-snippet":"max-snippet:-1","max-image-preview":"max-image-preview:large","max-video-preview":"max-video-preview:-1"},"canonical":"https:\/\/segurtotal.com\/ca\/kiuso_xxi\/","og_locale":"ca_ES","og_type":"article","og_title":"Kiuso XXI - Puerta Acorazada de Alta Seguridad y Dise\u00f1o","og_description":"Kiuso XXI ofrece puertas acorazadas en Barcelona con m\u00e1xima seguridad, acabados personalizados y dise\u00f1o exclusivo para tu casa o negocio.","og_url":"https:\/\/segurtotal.com\/ca\/kiuso_xxi\/","og_site_name":"Segur Total Puertas Acorazadas Barcelona","article_modified_time":"2025-01-18T05:42:15+00:00","og_image":[{"url":"https:\/\/puertasacorazadasbarcelona.com\/wp-content\/uploads\/2024\/03\/MG_0621.jpg-nggid03111-ngg0dyn-800x600-00f0w010c010r110f110r010t010.jpg","type":"","width":"","height":""}],"twitter_card":"summary_large_image","twitter_site":"@puertaslukasz","twitter_misc":{"Temps estimat de lectura":"3 minuts"},"schema":{"@context":"https:\/\/schema.org","@graph":[{"@type":"WebPage","@id":"https:\/\/segurtotal.com\/ca\/kiuso_xxi\/","url":"https:\/\/segurtotal.com\/ca\/kiuso_xxi\/","name":"Kiuso XXI - Puerta Acorazada de Alta Seguridad y Dise\u00f1o","isPartOf":{"@id":"https:\/\/segurtotal.com\/#website"},"primaryImageOfPage":{"@id":"https:\/\/segurtotal.com\/ca\/kiuso_xxi\/#primaryimage"},"image":{"@id":"https:\/\/segurtotal.com\/ca\/kiuso_xxi\/#primaryimage"},"thumbnailUrl":"https:\/\/puertasacorazadasbarcelona.com\/wp-content\/uploads\/2024\/03\/MG_0621.jpg-nggid03111-ngg0dyn-800x600-00f0w010c010r110f110r010t010.jpg","datePublished":"2025-01-18T05:42:12+00:00","dateModified":"2025-01-18T05:42:15+00:00","description":"Kiuso XXI ofrece puertas acorazadas en Barcelona con m\u00e1xima seguridad, acabados personalizados y dise\u00f1o exclusivo para tu casa o negocio.","breadcrumb":{"@id":"https:\/\/segurtotal.com\/ca\/kiuso_xxi\/#breadcrumb"},"inLanguage":"ca","potentialAction":[{"@type":"ReadAction","target":["https:\/\/segurtotal.com\/ca\/kiuso_xxi\/"]}]},{"@type":"ImageObject","inLanguage":"ca","@id":"https:\/\/segurtotal.com\/ca\/kiuso_xxi\/#primaryimage","url":"https:\/\/puertasacorazadasbarcelona.com\/wp-content\/uploads\/2024\/03\/MG_0621.jpg-nggid03111-ngg0dyn-800x600-00f0w010c010r110f110r010t010.jpg","contentUrl":"https:\/\/puertasacorazadasbarcelona.com\/wp-content\/uploads\/2024\/03\/MG_0621.jpg-nggid03111-ngg0dyn-800x600-00f0w010c010r110f110r010t010.jpg"},{"@type":"BreadcrumbList","@id":"https:\/\/segurtotal.com\/ca\/kiuso_xxi\/#breadcrumb","itemListElement":[{"@type":"ListItem","position":1,"name":"Portada","item":"https:\/\/segurtotal.com\/"},{"@type":"ListItem","position":2,"name":"Puerta acorazada Kiuso XXI"}]},{"@type":"WebSite","@id":"https:\/\/segurtotal.com\/#website","url":"https:\/\/segurtotal.com\/","name":"Portes blindades Barcelona","description":"Venta e instalaci&oacute;n de puertas de seguridad","publisher":{"@id":"https:\/\/segurtotal.com\/#organization"},"alternateName":"Puertas Acorazadas Barcelona","potentialAction":[{"@type":"SearchAction","target":{"@type":"EntryPoint","urlTemplate":"https:\/\/segurtotal.com\/?s={search_term_string}"},"query-input":{"@type":"PropertyValueSpecification","valueRequired":true,"valueName":"search_term_string"}}],"inLanguage":"ca"},{"@type":"Organization","@id":"https:\/\/segurtotal.com\/#organization","name":"Seguretat Total Puertas Acorazadas Barcelona","alternateName":"Seguretat Total Puertas Acorazadas Barcelona","url":"https:\/\/segurtotal.com\/","logo":{"@type":"ImageObject","inLanguage":"ca","@id":"https:\/\/segurtotal.com\/#\/schema\/logo\/image\/","url":"https:\/\/segurtotal.com\/wp-content\/uploads\/2025\/06\/Favicon.jpeg","contentUrl":"https:\/\/segurtotal.com\/wp-content\/uploads\/2025\/06\/Favicon.jpeg","width":1444,"height":1080,"caption":"Seguretat Total Puertas Acorazadas Barcelona"},"image":{"@id":"https:\/\/segurtotal.com\/#\/schema\/logo\/image\/"},"sameAs":["https:\/\/x.com\/puertaslukasz","https:\/\/www.instagram.com\/puertaslukasz"]}]}},"_links":{"self":[{"href":"https:\/\/segurtotal.com\/ca\/wp-json\/wp\/v2\/pages\/2317","targetHints":{"allow":["GET"]}}],"collection":[{"href":"https:\/\/segurtotal.com\/ca\/wp-json\/wp\/v2\/pages"}],"about":[{"href":"https:\/\/segurtotal.com\/ca\/wp-json\/wp\/v2\/types\/page"}],"author":[{"embeddable":true,"href":"https:\/\/segurtotal.com\/ca\/wp-json\/wp\/v2\/users\/2"}],"replies":[{"embeddable":true,"href":"https:\/\/segurtotal.com\/ca\/wp-json\/wp\/v2\/comments?post=2317"}],"version-history":[{"count":6,"href":"https:\/\/segurtotal.com\/ca\/wp-json\/wp\/v2\/pages\/2317\/revisions"}],"predecessor-version":[{"id":2714,"href":"https:\/\/segurtotal.com\/ca\/wp-json\/wp\/v2\/pages\/2317\/revisions\/2714"}],"wp:attachment":[{"href":"https:\/\/segurtotal.com\/ca\/wp-json\/wp\/v2\/media?parent=2317"}],"curies":[{"name":"wp","href":"https:\/\/api.w.org\/{rel}","templated":true}]}}