{"id":2329,"date":"2024-03-18T12:30:25","date_gmt":"2024-03-18T12:30:25","guid":{"rendered":"https:\/\/puertasacorazadasbarcelona.com\/?page_id=2329"},"modified":"2025-01-18T05:33:15","modified_gmt":"2025-01-18T05:33:15","slug":"kiuso_kronos","status":"publish","type":"page","link":"https:\/\/segurtotal.com\/ca\/kiuso_kronos\/","title":{"rendered":"Puerta acorazada Kiuso Kronos"},"content":{"rendered":"<p>Kiuso Kronos<\/p>\n\t\t\t\t<img loading=\"lazy\" decoding=\"async\" src=\"https:\/\/puertasacorazadasbarcelona.com\/wp-content\/uploads\/2024\/03\/KRONOS-1.png\" alt=\"KRONOS-1\" itemprop=\"image\" height=\"2160\" width=\"1400\" title=\"KRONOS-1\" onerror=\"this.style.display='none'\"  \/>\nLa puerta Kronos se caracteriza por su novedoso sistema de cierre de gancho en cerradura y pestillos. Pudiendo instalar cualquier cerradura de nuestro amplia gama.:\n1.\u00a0<strong>Hoja de acero<\/strong>\u00a0con\u00a0<strong>refuerzos de omegas verticales y r<\/strong>elleno de\u00a0<strong>aislante ign\u00edfugo<\/strong>.\n<p>2.\u00a0<strong>Cerco cerrado de acero<\/strong>\u00a0reforzado de\u00a0<strong>2 mm<\/strong>\u00a0de espesor. Existe con terminaci\u00f3n negro, marr\u00f3n y blanco seg\u00fan modelo o seg\u00fan carta de<strong>\u00a0colores RAL<\/strong>.<\/p>\n<p>3.\u00a0<strong>Tres\u00a0bisagras de acero regulables<\/strong>.<\/p>\n<p>4.\u00a0<strong>M\u00ednimo de ocho pivotes antipalanca<\/strong>\u00a0en zona de bisagras.<\/p>\n<p>5.\u00a0<strong>Dos pestillos con sistema antiretroceso<\/strong>\u00a0y\u00a0<strong>cierre de gancho superior e inferior.<\/strong><\/p>\n<p>6.\u00a0<strong>Cerradura de cilindro<\/strong>\u00a0de alta seguridad con\u00a0<strong>4 bulones<\/strong>.\u00a0Es posible escoger entre las\u00a0opciones<a href=\"https:\/\/www.puertaskiuso.com\/tipos-de-cerraduras\"> de cerraduras.<\/a><\/p>\n<p>7.\u00a0<strong>Cilindros de perfil europeo<\/strong>\u00a0de nivel m\u00e1ximo de seguridad\u00a0<strong>seg\u00fan norma europea UNE EN 1303:05<\/strong>\u00a0con\u00a0<strong>llave incopiable<\/strong>.\u00a0\u00a0Existen otras\u00a0opciones de cilindros.<\/p>\n<p>8.\u00a0<strong>Protector de cilindro con cuerpo de acero carbonitrurado c<\/strong>on una dureza Rockwell m\u00ednimo 50Hrc.\u00a0<strong>Abocardado en placa de acero al manganeso antiextracci\u00f3n y antitaladro<\/strong>. Lenteja abocardada con movilidad.\u00a0Existen otras opciones como lo es el Modelo THS reforzad.<\/p>\n<p>9.\u00a0<strong>Barra superior e inferior de acero<\/strong>.<\/p>\n<p>10.\u00a0<strong>Controlador de apertura<\/strong>\u00a0de\u00a0<strong>dos posiciones<\/strong>.<\/p>\n<p>11.\u00a0<strong>Perfiler\u00eda de aluminio<\/strong>\u00a0solapando la puerta con\u00a0<strong>burlete de goma aislante.<\/strong><\/p>\n<p>12.\u00a0<strong>Panelable con cualquier tipo de\u00a0tablero o acabado<\/strong>.<\/p>\n<p>13.\u00a0<strong>Certificaci\u00f3n AENOR<\/strong>, \u00fanico organismo auditor espa\u00f1ol que \u00a0garantiza, mediante la expedici\u00f3n de los llamados\u00a0<strong>Certificados de Producto<\/strong>, que las puertas elaboradas por los distintos fabricantes son igua\u00adles a las presentadas en los\u00a0<strong>Laboratorios de Ensayo para su verificaci\u00f3n<\/strong>.<\/p>\n<p>14.\u00a0<strong>Instalaci\u00f3n sin obra<\/strong>\u00a0mediante sistema de resina de dos componentes. Sin embargo es posible la instalaci\u00f3n de alba\u00f1iler\u00eda.<\/p>\n<p>15.\u00a0La apertura de la hoja est\u00e1 disponible hacia<strong>\u00a0interior o exterior.<\/strong><\/p>\n<h3>CERTIFICACI\u00d3N<\/h3>\n<p>Adem\u00e1s de las\u00a0<strong><a title=\"Caracter\u00edsticas generales\" href=\"https:\/\/www.puertaskiuso.com\/caracteristicas-generales\/\">caracter\u00edsticas generales<\/a><\/strong>, las puertas acorazadas Kiuso XXI incluyen:<\/p>\n<p>Certificado de producto de<strong>\u00a0RC3<\/strong>\u00a0o<strong>\u00a0RC4<\/strong>\u00a0por\u00a0<strong>AENOR<\/strong>\u00a0seg\u00fan la norma\u00a0<strong>UNE EN 1627:2.011<\/strong>\u00a0o\u00a0<strong>UNE 85160:2.013<\/strong><\/p>\n\t\t\t\t<img loading=\"lazy\" decoding=\"async\" src=\"https:\/\/puertasacorazadasbarcelona.com\/wp-content\/uploads\/2024\/03\/AENOR-Grados-G3-400x400-1.jpg\" alt=\"AENOR-Grados-G3-400x400\" itemprop=\"image\" height=\"400\" width=\"400\" title=\"AENOR-Grados-G3-400x400\" onerror=\"this.style.display='none'\"  \/>\n\t\t\t\t<img loading=\"lazy\" decoding=\"async\" src=\"https:\/\/puertasacorazadasbarcelona.com\/wp-content\/uploads\/2024\/03\/AENOR-Grados-G4-400x400-1.jpg\" alt=\"AENOR-Grados-G4-400x400\" itemprop=\"image\" height=\"400\" width=\"400\" title=\"AENOR-Grados-G4-400x400\" onerror=\"this.style.display='none'\"  \/>","protected":false},"excerpt":{"rendered":"<p>Kiuso Kronos La puerta Kronos se caracteriza por su novedoso sistema de cierre de gancho en cerradura y pestillos. Pudiendo instalar cualquier cerradura de nuestro amplia gama.: 1.\u00a0Hoja de acero\u00a0con\u00a0refuerzos de omegas verticales y relleno de\u00a0aislante ign\u00edfugo. 2.\u00a0Cerco cerrado de acero\u00a0reforzado de\u00a02 mm\u00a0de espesor. Existe con terminaci\u00f3n negro, marr\u00f3n y blanco seg\u00fan modelo o seg\u00fan<a class=\"moretag\" href=\"https:\/\/segurtotal.com\/ca\/kiuso_kronos\/\"><span class=\"screen-reader-text\">Read more about Puerta acorazada Kiuso Kronos<\/span>[&#8230;]<\/a><\/p>","protected":false},"author":2,"featured_media":0,"parent":0,"menu_order":0,"comment_status":"closed","ping_status":"closed","template":"","meta":{"_exactmetrics_skip_tracking":false,"_exactmetrics_sitenote_active":false,"_exactmetrics_sitenote_note":"","_exactmetrics_sitenote_category":0,"_joinchat":[],"footnotes":""},"class_list":["post-2329","page","type-page","status-publish","hentry"],"yoast_head":"<!-- This site is optimized with the Yoast SEO plugin v26.6 - https:\/\/yoast.com\/wordpress\/plugins\/seo\/ -->\n<title>Puerta Acorazada Kiuso Kronos \u2013 Puertas Acorazadas Barcelona<\/title>\n<meta name=\"description\" content=\"Puerta Kiuso Kronos con cierre de gancho, alta seguridad, y opciones personalizables. Ideal para proteger tu hogar o negocio en Barcelona.\" \/>\n<meta name=\"robots\" content=\"index, follow, max-snippet:-1, max-image-preview:large, max-video-preview:-1\" \/>\n<link rel=\"canonical\" href=\"https:\/\/segurtotal.com\/ca\/kiuso_kronos\/\" \/>\n<meta property=\"og:locale\" content=\"ca_ES\" \/>\n<meta property=\"og:type\" content=\"article\" \/>\n<meta property=\"og:title\" content=\"Puerta Acorazada Kiuso Kronos \u2013 Puertas Acorazadas Barcelona\" \/>\n<meta property=\"og:description\" content=\"Puerta Kiuso Kronos con cierre de gancho, alta seguridad, y opciones personalizables. Ideal para proteger tu hogar o negocio en Barcelona.\" \/>\n<meta property=\"og:url\" content=\"https:\/\/segurtotal.com\/ca\/kiuso_kronos\/\" \/>\n<meta property=\"og:site_name\" content=\"Segur Total Puertas Acorazadas Barcelona\" \/>\n<meta property=\"article:modified_time\" content=\"2025-01-18T05:33:15+00:00\" \/>\n<meta property=\"og:image\" content=\"https:\/\/puertasacorazadasbarcelona.com\/wp-content\/uploads\/2024\/03\/KRONOS-1.png\" \/>\n<meta name=\"twitter:card\" content=\"summary_large_image\" \/>\n<meta name=\"twitter:site\" content=\"@puertaslukasz\" \/>\n<meta name=\"twitter:label1\" content=\"Temps estimat de lectura\" \/>\n\t<meta name=\"twitter:data1\" content=\"3 minuts\" \/>\n<script type=\"application\/ld+json\" class=\"yoast-schema-graph\">{\"@context\":\"https:\/\/schema.org\",\"@graph\":[{\"@type\":\"WebPage\",\"@id\":\"https:\/\/segurtotal.com\/kiuso_kronos\/\",\"url\":\"https:\/\/segurtotal.com\/kiuso_kronos\/\",\"name\":\"Puerta Acorazada Kiuso Kronos \u2013 Puertas Acorazadas Barcelona\",\"isPartOf\":{\"@id\":\"https:\/\/segurtotal.com\/#website\"},\"primaryImageOfPage\":{\"@id\":\"https:\/\/segurtotal.com\/kiuso_kronos\/#primaryimage\"},\"image\":{\"@id\":\"https:\/\/segurtotal.com\/kiuso_kronos\/#primaryimage\"},\"thumbnailUrl\":\"https:\/\/puertasacorazadasbarcelona.com\/wp-content\/uploads\/2024\/03\/KRONOS-1.png\",\"datePublished\":\"2024-03-18T12:30:25+00:00\",\"dateModified\":\"2025-01-18T05:33:15+00:00\",\"description\":\"Puerta Kiuso Kronos con cierre de gancho, alta seguridad, y opciones personalizables. Ideal para proteger tu hogar o negocio en Barcelona.\",\"breadcrumb\":{\"@id\":\"https:\/\/segurtotal.com\/kiuso_kronos\/#breadcrumb\"},\"inLanguage\":\"ca\",\"potentialAction\":[{\"@type\":\"ReadAction\",\"target\":[\"https:\/\/segurtotal.com\/kiuso_kronos\/\"]}]},{\"@type\":\"ImageObject\",\"inLanguage\":\"ca\",\"@id\":\"https:\/\/segurtotal.com\/kiuso_kronos\/#primaryimage\",\"url\":\"https:\/\/puertasacorazadasbarcelona.com\/wp-content\/uploads\/2024\/03\/KRONOS-1.png\",\"contentUrl\":\"https:\/\/puertasacorazadasbarcelona.com\/wp-content\/uploads\/2024\/03\/KRONOS-1.png\"},{\"@type\":\"BreadcrumbList\",\"@id\":\"https:\/\/segurtotal.com\/kiuso_kronos\/#breadcrumb\",\"itemListElement\":[{\"@type\":\"ListItem\",\"position\":1,\"name\":\"Portada\",\"item\":\"https:\/\/segurtotal.com\/\"},{\"@type\":\"ListItem\",\"position\":2,\"name\":\"Puerta acorazada Kiuso Kronos\"}]},{\"@type\":\"WebSite\",\"@id\":\"https:\/\/segurtotal.com\/#website\",\"url\":\"https:\/\/segurtotal.com\/\",\"name\":\"Puertas Acorazadas Barcelona\",\"description\":\"Venta e instalaci&oacute;n de puertas de seguridad\",\"publisher\":{\"@id\":\"https:\/\/segurtotal.com\/#organization\"},\"alternateName\":\"Puertas Acorazadas Barcelona\",\"potentialAction\":[{\"@type\":\"SearchAction\",\"target\":{\"@type\":\"EntryPoint\",\"urlTemplate\":\"https:\/\/segurtotal.com\/?s={search_term_string}\"},\"query-input\":{\"@type\":\"PropertyValueSpecification\",\"valueRequired\":true,\"valueName\":\"search_term_string\"}}],\"inLanguage\":\"ca\"},{\"@type\":\"Organization\",\"@id\":\"https:\/\/segurtotal.com\/#organization\",\"name\":\"Seguretat Total Puertas Acorazadas Barcelona\",\"alternateName\":\"Seguretat Total Puertas Acorazadas Barcelona\",\"url\":\"https:\/\/segurtotal.com\/\",\"logo\":{\"@type\":\"ImageObject\",\"inLanguage\":\"ca\",\"@id\":\"https:\/\/segurtotal.com\/#\/schema\/logo\/image\/\",\"url\":\"https:\/\/segurtotal.com\/wp-content\/uploads\/2025\/06\/Favicon.jpeg\",\"contentUrl\":\"https:\/\/segurtotal.com\/wp-content\/uploads\/2025\/06\/Favicon.jpeg\",\"width\":1444,\"height\":1080,\"caption\":\"Seguretat Total Puertas Acorazadas Barcelona\"},\"image\":{\"@id\":\"https:\/\/segurtotal.com\/#\/schema\/logo\/image\/\"},\"sameAs\":[\"https:\/\/x.com\/puertaslukasz\",\"https:\/\/www.instagram.com\/puertaslukasz\"]}]}<\/script>\n<!-- \/ Yoast SEO plugin. -->","yoast_head_json":{"title":"Puerta Acorazada Kiuso Kronos \u2013 Puertas Acorazadas Barcelona","description":"Puerta Kiuso Kronos con cierre de gancho, alta seguridad, y opciones personalizables. Ideal para proteger tu hogar o negocio en Barcelona.","robots":{"index":"index","follow":"follow","max-snippet":"max-snippet:-1","max-image-preview":"max-image-preview:large","max-video-preview":"max-video-preview:-1"},"canonical":"https:\/\/segurtotal.com\/ca\/kiuso_kronos\/","og_locale":"ca_ES","og_type":"article","og_title":"Puerta Acorazada Kiuso Kronos \u2013 Puertas Acorazadas Barcelona","og_description":"Puerta Kiuso Kronos con cierre de gancho, alta seguridad, y opciones personalizables. Ideal para proteger tu hogar o negocio en Barcelona.","og_url":"https:\/\/segurtotal.com\/ca\/kiuso_kronos\/","og_site_name":"Segur Total Puertas Acorazadas Barcelona","article_modified_time":"2025-01-18T05:33:15+00:00","og_image":[{"url":"https:\/\/puertasacorazadasbarcelona.com\/wp-content\/uploads\/2024\/03\/KRONOS-1.png","type":"","width":"","height":""}],"twitter_card":"summary_large_image","twitter_site":"@puertaslukasz","twitter_misc":{"Temps estimat de lectura":"3 minuts"},"schema":{"@context":"https:\/\/schema.org","@graph":[{"@type":"WebPage","@id":"https:\/\/segurtotal.com\/kiuso_kronos\/","url":"https:\/\/segurtotal.com\/kiuso_kronos\/","name":"Puerta Acorazada Kiuso Kronos \u2013 Puertas Acorazadas Barcelona","isPartOf":{"@id":"https:\/\/segurtotal.com\/#website"},"primaryImageOfPage":{"@id":"https:\/\/segurtotal.com\/kiuso_kronos\/#primaryimage"},"image":{"@id":"https:\/\/segurtotal.com\/kiuso_kronos\/#primaryimage"},"thumbnailUrl":"https:\/\/puertasacorazadasbarcelona.com\/wp-content\/uploads\/2024\/03\/KRONOS-1.png","datePublished":"2024-03-18T12:30:25+00:00","dateModified":"2025-01-18T05:33:15+00:00","description":"Puerta Kiuso Kronos con cierre de gancho, alta seguridad, y opciones personalizables. Ideal para proteger tu hogar o negocio en Barcelona.","breadcrumb":{"@id":"https:\/\/segurtotal.com\/kiuso_kronos\/#breadcrumb"},"inLanguage":"ca","potentialAction":[{"@type":"ReadAction","target":["https:\/\/segurtotal.com\/kiuso_kronos\/"]}]},{"@type":"ImageObject","inLanguage":"ca","@id":"https:\/\/segurtotal.com\/kiuso_kronos\/#primaryimage","url":"https:\/\/puertasacorazadasbarcelona.com\/wp-content\/uploads\/2024\/03\/KRONOS-1.png","contentUrl":"https:\/\/puertasacorazadasbarcelona.com\/wp-content\/uploads\/2024\/03\/KRONOS-1.png"},{"@type":"BreadcrumbList","@id":"https:\/\/segurtotal.com\/kiuso_kronos\/#breadcrumb","itemListElement":[{"@type":"ListItem","position":1,"name":"Portada","item":"https:\/\/segurtotal.com\/"},{"@type":"ListItem","position":2,"name":"Puerta acorazada Kiuso Kronos"}]},{"@type":"WebSite","@id":"https:\/\/segurtotal.com\/#website","url":"https:\/\/segurtotal.com\/","name":"Portes blindades Barcelona","description":"Venta e instalaci&oacute;n de puertas de seguridad","publisher":{"@id":"https:\/\/segurtotal.com\/#organization"},"alternateName":"Puertas Acorazadas Barcelona","potentialAction":[{"@type":"SearchAction","target":{"@type":"EntryPoint","urlTemplate":"https:\/\/segurtotal.com\/?s={search_term_string}"},"query-input":{"@type":"PropertyValueSpecification","valueRequired":true,"valueName":"search_term_string"}}],"inLanguage":"ca"},{"@type":"Organization","@id":"https:\/\/segurtotal.com\/#organization","name":"Seguretat Total Puertas Acorazadas Barcelona","alternateName":"Seguretat Total Puertas Acorazadas Barcelona","url":"https:\/\/segurtotal.com\/","logo":{"@type":"ImageObject","inLanguage":"ca","@id":"https:\/\/segurtotal.com\/#\/schema\/logo\/image\/","url":"https:\/\/segurtotal.com\/wp-content\/uploads\/2025\/06\/Favicon.jpeg","contentUrl":"https:\/\/segurtotal.com\/wp-content\/uploads\/2025\/06\/Favicon.jpeg","width":1444,"height":1080,"caption":"Seguretat Total Puertas Acorazadas Barcelona"},"image":{"@id":"https:\/\/segurtotal.com\/#\/schema\/logo\/image\/"},"sameAs":["https:\/\/x.com\/puertaslukasz","https:\/\/www.instagram.com\/puertaslukasz"]}]}},"_links":{"self":[{"href":"https:\/\/segurtotal.com\/ca\/wp-json\/wp\/v2\/pages\/2329","targetHints":{"allow":["GET"]}}],"collection":[{"href":"https:\/\/segurtotal.com\/ca\/wp-json\/wp\/v2\/pages"}],"about":[{"href":"https:\/\/segurtotal.com\/ca\/wp-json\/wp\/v2\/types\/page"}],"author":[{"embeddable":true,"href":"https:\/\/segurtotal.com\/ca\/wp-json\/wp\/v2\/users\/2"}],"replies":[{"embeddable":true,"href":"https:\/\/segurtotal.com\/ca\/wp-json\/wp\/v2\/comments?post=2329"}],"version-history":[{"count":3,"href":"https:\/\/segurtotal.com\/ca\/wp-json\/wp\/v2\/pages\/2329\/revisions"}],"predecessor-version":[{"id":2333,"href":"https:\/\/segurtotal.com\/ca\/wp-json\/wp\/v2\/pages\/2329\/revisions\/2333"}],"wp:attachment":[{"href":"https:\/\/segurtotal.com\/ca\/wp-json\/wp\/v2\/media?parent=2329"}],"curies":[{"name":"wp","href":"https:\/\/api.w.org\/{rel}","templated":true}]}}