{"id":2334,"date":"2025-01-18T05:48:49","date_gmt":"2025-01-18T05:48:49","guid":{"rendered":"https:\/\/puertasacorazadasbarcelona.com\/?page_id=2334"},"modified":"2025-01-18T05:48:53","modified_gmt":"2025-01-18T05:48:53","slug":"kiuso_zoe","status":"publish","type":"page","link":"https:\/\/segurtotal.com\/ca\/kiuso_zoe\/","title":{"rendered":"Puerta acorazada Kiuso ZOE"},"content":{"rendered":"<p>Kiuso ZOE<\/p>\n\t\t\t\t<img loading=\"lazy\" decoding=\"async\" src=\"https:\/\/puertasacorazadasbarcelona.com\/wp-content\/uploads\/2024\/03\/ZOE-8-scaled-500x300-1.jpg\" alt=\"ZOE-8-scaled-500x300\" itemprop=\"image\" height=\"300\" width=\"500\" title=\"ZOE-8-scaled-500x300\" onerror=\"this.style.display='none'\"  \/>\n\t\t\t\t<img loading=\"lazy\" decoding=\"async\" src=\"https:\/\/puertasacorazadasbarcelona.com\/wp-content\/uploads\/2024\/03\/ZOE-6-scaled-500x300-1.jpg\" alt=\"ZOE-6-scaled-500x300\" itemprop=\"image\" height=\"300\" width=\"500\" title=\"ZOE-6-scaled-500x300\" onerror=\"this.style.display='none'\"  \/>\n\t\t\t\t<img loading=\"lazy\" decoding=\"async\" src=\"https:\/\/puertasacorazadasbarcelona.com\/wp-content\/uploads\/2024\/03\/ZOE-4-scaled-500x300-1.jpg\" alt=\"ZOE-4-scaled-500x300\" itemprop=\"image\" height=\"300\" width=\"500\" title=\"ZOE-4-scaled-500x300\" onerror=\"this.style.display='none'\"  \/>\n\t<p>La puerta\u00a0<strong>ZOE<\/strong>\u00a0se caracteriza por estar\u00a0<strong>enrasada\u00a0en la fachada de la cara<\/strong>\u00a0exterior.<\/p>\n<p>&nbsp;<\/p>\n<p>Su singularidad se refleja en detalles, espesores y remates, que ofrecen una opci\u00f3n distinta y que permite su integraci\u00f3n de manera elegante en cualquier entorno.<\/p>\n<p>&nbsp;<\/p>\n<p><strong>ZOE\u00a0es completamente panelable y<\/strong>\u00a0tiene su tablero\u00a0exterior\u00a0alineado con la fachada.<\/p>\n<p>&nbsp;<\/p>\n<p>Adem\u00e1s, cuenta con un\u00a0<strong>doble burlete de goma<\/strong>\u00a0y un solape recrecido que incorpora aislamiento ac\u00fastico, t\u00e9rmico e ign\u00edfugo. De esta manera, la puerta\u00a0<strong>ZOE\u00a0<\/strong>se consolida como\u00a0<strong>la opci\u00f3n m\u00e1s aislante disponible en Kiuso.<\/strong><\/p>\n<p>&nbsp;<\/p>\n<p>La puerta ZOE est\u00e1\u00a0<strong>certificada en Grado 3 y Grado 4<\/strong>\u00a0de seguridad. Tambi\u00e9n ha sido sometida a ensayos para\u00a0<strong>apertura hacia el interior como hacia el exterior.<\/strong><\/p>\n<p>&nbsp;<\/p>\n<p>Es completamente\u00a0<strong>panelable<\/strong>\u00a0y al tener el cerco alineado con la puerta, ofrece un nivel de seguridad al ataque manual muy superior a lo habitual en otras puertas acorazadas.<\/p>\n<p>&nbsp;<\/p>\n<p>Ofrecemos distintas\u00a0<strong>opciones de cierre<\/strong>\u00a0con diversas cerraduras (que se integra completamente con la est\u00e9tica de la puerta), cilindros y protectores que permite a nuestros clientes personalizar su puerta de acuerdo a sus gustos y necesidades .<\/p>\n<p>&nbsp;<\/p>\n<p>La\u00a0<strong>ZOE<\/strong>\u00a0cuenta con unas\u00a0cazoletas decorativas en los alojamientos de los\u00a0<strong>pivotes antipalanca<\/strong>, combinando la seguridad y la est\u00e9tica.<\/p>","protected":false},"excerpt":{"rendered":"<p>Kiuso ZOE La puerta\u00a0ZOE\u00a0se caracteriza por estar\u00a0enrasada\u00a0en la fachada de la cara\u00a0exterior. &nbsp; Su singularidad se refleja en detalles, espesores y remates, que ofrecen una opci\u00f3n distinta y que permite su integraci\u00f3n de manera elegante en cualquier entorno. &nbsp; ZOE\u00a0es completamente panelable y\u00a0tiene su tablero\u00a0exterior\u00a0alineado con la fachada. &nbsp; Adem\u00e1s, cuenta con un\u00a0doble burlete de<a class=\"moretag\" href=\"https:\/\/segurtotal.com\/ca\/kiuso_zoe\/\"><span class=\"screen-reader-text\">Read more about Puerta acorazada Kiuso ZOE<\/span>[&#8230;]<\/a><\/p>","protected":false},"author":2,"featured_media":0,"parent":0,"menu_order":0,"comment_status":"closed","ping_status":"closed","template":"","meta":{"_exactmetrics_skip_tracking":false,"_exactmetrics_sitenote_active":false,"_exactmetrics_sitenote_note":"","_exactmetrics_sitenote_category":0,"_joinchat":[],"footnotes":""},"class_list":["post-2334","page","type-page","status-publish","hentry"],"yoast_head":"<!-- This site is optimized with the Yoast SEO plugin v26.6 - https:\/\/yoast.com\/wordpress\/plugins\/seo\/ -->\n<title>Kiuso ZOE - Puerta Acorazada \u2013 Elegancia y Seguridad<\/title>\n<meta name=\"description\" content=\"La puerta Kiuso ZOE en Barcelona ofrece m\u00e1xima seguridad y aislamiento. Panelable, con doble burlete. Acabados personalizables.\" \/>\n<meta name=\"robots\" content=\"index, follow, max-snippet:-1, max-image-preview:large, max-video-preview:-1\" \/>\n<link rel=\"canonical\" href=\"https:\/\/segurtotal.com\/ca\/kiuso_zoe\/\" \/>\n<meta property=\"og:locale\" content=\"ca_ES\" \/>\n<meta property=\"og:type\" content=\"article\" \/>\n<meta property=\"og:title\" content=\"Kiuso ZOE - Puerta Acorazada \u2013 Elegancia y Seguridad\" \/>\n<meta property=\"og:description\" content=\"La puerta Kiuso ZOE en Barcelona ofrece m\u00e1xima seguridad y aislamiento. Panelable, con doble burlete. Acabados personalizables.\" \/>\n<meta property=\"og:url\" content=\"https:\/\/segurtotal.com\/ca\/kiuso_zoe\/\" \/>\n<meta property=\"og:site_name\" content=\"Segur Total Puertas Acorazadas Barcelona\" \/>\n<meta property=\"article:modified_time\" content=\"2025-01-18T05:48:53+00:00\" \/>\n<meta property=\"og:image\" content=\"https:\/\/puertasacorazadasbarcelona.com\/wp-content\/uploads\/2024\/03\/ZOE-8-scaled-500x300-1.jpg\" \/>\n<meta name=\"twitter:card\" content=\"summary_large_image\" \/>\n<meta name=\"twitter:site\" content=\"@puertaslukasz\" \/>\n<meta name=\"twitter:label1\" content=\"Temps estimat de lectura\" \/>\n\t<meta name=\"twitter:data1\" content=\"2 minuts\" \/>\n<script type=\"application\/ld+json\" class=\"yoast-schema-graph\">{\"@context\":\"https:\/\/schema.org\",\"@graph\":[{\"@type\":\"WebPage\",\"@id\":\"https:\/\/segurtotal.com\/kiuso_zoe\/\",\"url\":\"https:\/\/segurtotal.com\/kiuso_zoe\/\",\"name\":\"Kiuso ZOE - Puerta Acorazada \u2013 Elegancia y Seguridad\",\"isPartOf\":{\"@id\":\"https:\/\/segurtotal.com\/#website\"},\"primaryImageOfPage\":{\"@id\":\"https:\/\/segurtotal.com\/kiuso_zoe\/#primaryimage\"},\"image\":{\"@id\":\"https:\/\/segurtotal.com\/kiuso_zoe\/#primaryimage\"},\"thumbnailUrl\":\"https:\/\/puertasacorazadasbarcelona.com\/wp-content\/uploads\/2024\/03\/ZOE-8-scaled-500x300-1.jpg\",\"datePublished\":\"2025-01-18T05:48:49+00:00\",\"dateModified\":\"2025-01-18T05:48:53+00:00\",\"description\":\"La puerta Kiuso ZOE en Barcelona ofrece m\u00e1xima seguridad y aislamiento. Panelable, con doble burlete. Acabados personalizables.\",\"breadcrumb\":{\"@id\":\"https:\/\/segurtotal.com\/kiuso_zoe\/#breadcrumb\"},\"inLanguage\":\"ca\",\"potentialAction\":[{\"@type\":\"ReadAction\",\"target\":[\"https:\/\/segurtotal.com\/kiuso_zoe\/\"]}]},{\"@type\":\"ImageObject\",\"inLanguage\":\"ca\",\"@id\":\"https:\/\/segurtotal.com\/kiuso_zoe\/#primaryimage\",\"url\":\"https:\/\/puertasacorazadasbarcelona.com\/wp-content\/uploads\/2024\/03\/ZOE-8-scaled-500x300-1.jpg\",\"contentUrl\":\"https:\/\/puertasacorazadasbarcelona.com\/wp-content\/uploads\/2024\/03\/ZOE-8-scaled-500x300-1.jpg\"},{\"@type\":\"BreadcrumbList\",\"@id\":\"https:\/\/segurtotal.com\/kiuso_zoe\/#breadcrumb\",\"itemListElement\":[{\"@type\":\"ListItem\",\"position\":1,\"name\":\"Portada\",\"item\":\"https:\/\/segurtotal.com\/\"},{\"@type\":\"ListItem\",\"position\":2,\"name\":\"Puerta acorazada Kiuso ZOE\"}]},{\"@type\":\"WebSite\",\"@id\":\"https:\/\/segurtotal.com\/#website\",\"url\":\"https:\/\/segurtotal.com\/\",\"name\":\"Puertas Acorazadas Barcelona\",\"description\":\"Venta e instalaci&oacute;n de puertas de seguridad\",\"publisher\":{\"@id\":\"https:\/\/segurtotal.com\/#organization\"},\"alternateName\":\"Puertas Acorazadas Barcelona\",\"potentialAction\":[{\"@type\":\"SearchAction\",\"target\":{\"@type\":\"EntryPoint\",\"urlTemplate\":\"https:\/\/segurtotal.com\/?s={search_term_string}\"},\"query-input\":{\"@type\":\"PropertyValueSpecification\",\"valueRequired\":true,\"valueName\":\"search_term_string\"}}],\"inLanguage\":\"ca\"},{\"@type\":\"Organization\",\"@id\":\"https:\/\/segurtotal.com\/#organization\",\"name\":\"Seguretat Total Puertas Acorazadas Barcelona\",\"alternateName\":\"Seguretat Total Puertas Acorazadas Barcelona\",\"url\":\"https:\/\/segurtotal.com\/\",\"logo\":{\"@type\":\"ImageObject\",\"inLanguage\":\"ca\",\"@id\":\"https:\/\/segurtotal.com\/#\/schema\/logo\/image\/\",\"url\":\"https:\/\/segurtotal.com\/wp-content\/uploads\/2025\/06\/Favicon.jpeg\",\"contentUrl\":\"https:\/\/segurtotal.com\/wp-content\/uploads\/2025\/06\/Favicon.jpeg\",\"width\":1444,\"height\":1080,\"caption\":\"Seguretat Total Puertas Acorazadas Barcelona\"},\"image\":{\"@id\":\"https:\/\/segurtotal.com\/#\/schema\/logo\/image\/\"},\"sameAs\":[\"https:\/\/x.com\/puertaslukasz\",\"https:\/\/www.instagram.com\/puertaslukasz\"]}]}<\/script>\n<!-- \/ Yoast SEO plugin. -->","yoast_head_json":{"title":"Kiuso ZOE - Puerta Acorazada \u2013 Elegancia y Seguridad","description":"La puerta Kiuso ZOE en Barcelona ofrece m\u00e1xima seguridad y aislamiento. Panelable, con doble burlete. Acabados personalizables.","robots":{"index":"index","follow":"follow","max-snippet":"max-snippet:-1","max-image-preview":"max-image-preview:large","max-video-preview":"max-video-preview:-1"},"canonical":"https:\/\/segurtotal.com\/ca\/kiuso_zoe\/","og_locale":"ca_ES","og_type":"article","og_title":"Kiuso ZOE - Puerta Acorazada \u2013 Elegancia y Seguridad","og_description":"La puerta Kiuso ZOE en Barcelona ofrece m\u00e1xima seguridad y aislamiento. Panelable, con doble burlete. Acabados personalizables.","og_url":"https:\/\/segurtotal.com\/ca\/kiuso_zoe\/","og_site_name":"Segur Total Puertas Acorazadas Barcelona","article_modified_time":"2025-01-18T05:48:53+00:00","og_image":[{"url":"https:\/\/puertasacorazadasbarcelona.com\/wp-content\/uploads\/2024\/03\/ZOE-8-scaled-500x300-1.jpg","type":"","width":"","height":""}],"twitter_card":"summary_large_image","twitter_site":"@puertaslukasz","twitter_misc":{"Temps estimat de lectura":"2 minuts"},"schema":{"@context":"https:\/\/schema.org","@graph":[{"@type":"WebPage","@id":"https:\/\/segurtotal.com\/kiuso_zoe\/","url":"https:\/\/segurtotal.com\/kiuso_zoe\/","name":"Kiuso ZOE - Puerta Acorazada \u2013 Elegancia y Seguridad","isPartOf":{"@id":"https:\/\/segurtotal.com\/#website"},"primaryImageOfPage":{"@id":"https:\/\/segurtotal.com\/kiuso_zoe\/#primaryimage"},"image":{"@id":"https:\/\/segurtotal.com\/kiuso_zoe\/#primaryimage"},"thumbnailUrl":"https:\/\/puertasacorazadasbarcelona.com\/wp-content\/uploads\/2024\/03\/ZOE-8-scaled-500x300-1.jpg","datePublished":"2025-01-18T05:48:49+00:00","dateModified":"2025-01-18T05:48:53+00:00","description":"La puerta Kiuso ZOE en Barcelona ofrece m\u00e1xima seguridad y aislamiento. Panelable, con doble burlete. Acabados personalizables.","breadcrumb":{"@id":"https:\/\/segurtotal.com\/kiuso_zoe\/#breadcrumb"},"inLanguage":"ca","potentialAction":[{"@type":"ReadAction","target":["https:\/\/segurtotal.com\/kiuso_zoe\/"]}]},{"@type":"ImageObject","inLanguage":"ca","@id":"https:\/\/segurtotal.com\/kiuso_zoe\/#primaryimage","url":"https:\/\/puertasacorazadasbarcelona.com\/wp-content\/uploads\/2024\/03\/ZOE-8-scaled-500x300-1.jpg","contentUrl":"https:\/\/puertasacorazadasbarcelona.com\/wp-content\/uploads\/2024\/03\/ZOE-8-scaled-500x300-1.jpg"},{"@type":"BreadcrumbList","@id":"https:\/\/segurtotal.com\/kiuso_zoe\/#breadcrumb","itemListElement":[{"@type":"ListItem","position":1,"name":"Portada","item":"https:\/\/segurtotal.com\/"},{"@type":"ListItem","position":2,"name":"Puerta acorazada Kiuso ZOE"}]},{"@type":"WebSite","@id":"https:\/\/segurtotal.com\/#website","url":"https:\/\/segurtotal.com\/","name":"Portes blindades Barcelona","description":"Venta e instalaci&oacute;n de puertas de seguridad","publisher":{"@id":"https:\/\/segurtotal.com\/#organization"},"alternateName":"Puertas Acorazadas Barcelona","potentialAction":[{"@type":"SearchAction","target":{"@type":"EntryPoint","urlTemplate":"https:\/\/segurtotal.com\/?s={search_term_string}"},"query-input":{"@type":"PropertyValueSpecification","valueRequired":true,"valueName":"search_term_string"}}],"inLanguage":"ca"},{"@type":"Organization","@id":"https:\/\/segurtotal.com\/#organization","name":"Seguretat Total Puertas Acorazadas Barcelona","alternateName":"Seguretat Total Puertas Acorazadas Barcelona","url":"https:\/\/segurtotal.com\/","logo":{"@type":"ImageObject","inLanguage":"ca","@id":"https:\/\/segurtotal.com\/#\/schema\/logo\/image\/","url":"https:\/\/segurtotal.com\/wp-content\/uploads\/2025\/06\/Favicon.jpeg","contentUrl":"https:\/\/segurtotal.com\/wp-content\/uploads\/2025\/06\/Favicon.jpeg","width":1444,"height":1080,"caption":"Seguretat Total Puertas Acorazadas Barcelona"},"image":{"@id":"https:\/\/segurtotal.com\/#\/schema\/logo\/image\/"},"sameAs":["https:\/\/x.com\/puertaslukasz","https:\/\/www.instagram.com\/puertaslukasz"]}]}},"_links":{"self":[{"href":"https:\/\/segurtotal.com\/ca\/wp-json\/wp\/v2\/pages\/2334","targetHints":{"allow":["GET"]}}],"collection":[{"href":"https:\/\/segurtotal.com\/ca\/wp-json\/wp\/v2\/pages"}],"about":[{"href":"https:\/\/segurtotal.com\/ca\/wp-json\/wp\/v2\/types\/page"}],"author":[{"embeddable":true,"href":"https:\/\/segurtotal.com\/ca\/wp-json\/wp\/v2\/users\/2"}],"replies":[{"embeddable":true,"href":"https:\/\/segurtotal.com\/ca\/wp-json\/wp\/v2\/comments?post=2334"}],"version-history":[{"count":3,"href":"https:\/\/segurtotal.com\/ca\/wp-json\/wp\/v2\/pages\/2334\/revisions"}],"predecessor-version":[{"id":2341,"href":"https:\/\/segurtotal.com\/ca\/wp-json\/wp\/v2\/pages\/2334\/revisions\/2341"}],"wp:attachment":[{"href":"https:\/\/segurtotal.com\/ca\/wp-json\/wp\/v2\/media?parent=2334"}],"curies":[{"name":"wp","href":"https:\/\/api.w.org\/{rel}","templated":true}]}}