{"id":2342,"date":"2025-01-18T05:27:56","date_gmt":"2025-01-18T05:27:56","guid":{"rendered":"https:\/\/puertasacorazadasbarcelona.com\/?page_id=2342"},"modified":"2026-04-21T04:29:23","modified_gmt":"2026-04-21T04:29:23","slug":"kiuso-grado-5","status":"publish","type":"page","link":"https:\/\/segurtotal.com\/ca\/kiuso-grado-5\/","title":{"rendered":"Puerta acorazada Kiuso Grado 5"},"content":{"rendered":"<p>Kiuso Grado 5<\/p>\n\t\t\t\t<img loading=\"lazy\" decoding=\"async\" src=\"https:\/\/puertasacorazadasbarcelona.com\/wp-content\/uploads\/2024\/03\/puerta-completa-683x1024-1.jpg\" alt=\"puerta-completa-683x1024\" itemprop=\"image\" height=\"1024\" width=\"683\" title=\"puerta-completa-683x1024\" onerror=\"this.style.display='none'\"  \/>\n\t\t\t\t<img loading=\"lazy\" decoding=\"async\" src=\"https:\/\/puertasacorazadasbarcelona.com\/wp-content\/uploads\/2024\/03\/MG_8595-683x1024-1.jpg\" alt=\"MG_8595-683x1024\" itemprop=\"image\" height=\"1024\" width=\"683\" title=\"MG_8595-683x1024\" onerror=\"this.style.display='none'\"  \/>\n\t<p>Puertas Kiuso\u00a0Grado 5 o RC 5<\/p>\n<p>&nbsp;<\/p>\n<p>Las puertas Clase 5 cuentan con todas las exigencias de las\u00a0<strong>\u00d3rdenes Ministeriales INT 317:2011<\/strong>\u00a0para proteger recintos como\u00a0<strong>joyer\u00edas, armeros, empresas de seguridad,<\/strong>\u00a0entre otros, sin descuidar la elegancia. Algunas de las caracter\u00edsticas de las Kiuso Clase 5 son:<\/p>\n<p>&nbsp;<\/p>\n<ul>\n<li><strong>Hoja de acero<\/strong>\u00a0con refuerzos de\u00a0<strong>omegas y contra omegas<\/strong>\u00a0formando un conjunto compacto.<\/li>\n<li>Con\u00a0<strong>refuerzos templados<\/strong>\u00a0anticorte en su interior.<\/li>\n<li>Relleno de\u00a0<strong>aislante ign\u00edfugo<\/strong>.<\/li>\n<li>Cerradura de alta seguridad con\u00a0<strong>cuatro bulone<\/strong>s.<\/li>\n<li>Dos\u00a0<strong>pestillos\u00a0<\/strong><b>antiretroceso<\/b>\u00a0con sistema de\u00a0<strong>tres bulones anticorte<\/strong>.<\/li>\n<li>Barra\u00a0<strong>superior e inferior<\/strong>\u00a0.<\/li>\n<li><strong>Cerco de acero<\/strong>\u00a0con refuerzos de protecci\u00f3n de los bulones de cerradura y pestillos.<\/li>\n<li><strong>Bisagras<\/strong>\u00a0<strong>de acero<\/strong>\u00a0dise\u00f1o propio\u00a0<strong>sobre rodamiento a bolas<\/strong>.<\/li>\n<li><strong>Panelable<\/strong>\u00a0.<\/li>\n<li>Con\u00a0<strong>perfiler\u00eda<\/strong>\u00a0que solapa al puerta y\u00a0<strong>burlete aislante<\/strong>.<\/li>\n<\/ul>\n<h3>OBLIGATORIEDAD DE USO DE PUERTAS DE GRADO 5<\/h3>\n<p>&nbsp;<\/p>\n<p>La\u00a0<strong>Orden del Ministerio del interior INT 317:2011<\/strong>\u00a0establece la obligatoriedad de uso de puertas de\u00a0<a href=\"https:\/\/www.puertaskiuso.com\/kiuso-grado-5\/\">Grado 5 o RC 5<\/a>\u00a0seg\u00fan\u00a0<strong>norma UNE EN 1627:2011<\/strong>\u00a0en los siguientes establecimientos:<\/p>\n<ul>\n<li>\u00a0Joyer\u00edas y plater\u00edas<\/li>\n<li>\u00a0Tiendas de compro oro<\/li>\n<li>\u00a0Armeros<\/li>\n<li>\u00a0Galer\u00edas de arte<\/li>\n<li>\u00a0Tiendas de antig\u00fcedades<\/li>\n<\/ul>\n<h3>CERTIFICADO DEL PRODUCTO<\/h3>\n<p>AENOR mediante una auditor\u00eda de calidad y toma de muestra certifica que las puertas fabricadas corresponden con la muestra ensayada, emitiendo el denominado certificado del producto.<\/p>\n<p>&nbsp;<\/p>\n<h3>CERTIFICADO ANTIBALAS FB2<\/h3>\n<p>En caso de requerir una certificaci\u00f3n de bala har\u00e1 el ensayo otro laboratorio acreditado.<\/p>\n<p>&nbsp;<\/p>\n<p>Siendo exigible el<strong>\u00a0nivel FB2<\/strong>\u00a0para recintos de caja de:<\/p>\n<ul>\n<li>Administraciones de loter\u00eda<\/li>\n<li>Despachos de apuestas mutuas<\/li>\n<li>Casinos de juegos<\/li>\n<li>Otros<\/li>\n<\/ul>","protected":false},"excerpt":{"rendered":"<p>Kiuso Grado 5 Puertas Kiuso\u00a0Grado 5 o RC 5 &nbsp; Las puertas Clase 5 cuentan con todas las exigencias de las\u00a0\u00d3rdenes Ministeriales INT 317:2011\u00a0para proteger recintos como\u00a0joyer\u00edas, armeros, empresas de seguridad,\u00a0entre otros, sin descuidar la elegancia. Algunas de las caracter\u00edsticas de las Kiuso Clase 5 son: &nbsp; Hoja de acero\u00a0con refuerzos de\u00a0omegas y contra omegas\u00a0formando<a class=\"moretag\" href=\"https:\/\/segurtotal.com\/ca\/kiuso-grado-5\/\"><span class=\"screen-reader-text\">Read more about Puerta acorazada Kiuso Grado 5<\/span>[&#8230;]<\/a><\/p>","protected":false},"author":2,"featured_media":0,"parent":0,"menu_order":0,"comment_status":"closed","ping_status":"closed","template":"","meta":{"_exactmetrics_skip_tracking":false,"_exactmetrics_sitenote_active":false,"_exactmetrics_sitenote_note":"","_exactmetrics_sitenote_category":0,"_joinchat":[],"footnotes":""},"class_list":["post-2342","page","type-page","status-publish","hentry"],"yoast_head":"<!-- This site is optimized with the Yoast SEO plugin v26.6 - https:\/\/yoast.com\/wordpress\/plugins\/seo\/ -->\n<title>Puerta Acorazada Kiuso Grado 5 | M\u00e1xima Protecci\u00f3n<\/title>\n<meta name=\"description\" content=\"Puertas Kiuso Grado 5 RC5 con certificaci\u00f3n para joyer\u00edas, armeros y m\u00e1s. Alta seguridad y dise\u00f1o cuidado. Consulta nuestras opciones.\" \/>\n<meta name=\"robots\" content=\"index, follow, max-snippet:-1, max-image-preview:large, max-video-preview:-1\" \/>\n<link rel=\"canonical\" href=\"https:\/\/segurtotal.com\/ca\/kiuso-grado-5\/\" \/>\n<meta property=\"og:locale\" content=\"ca_ES\" \/>\n<meta property=\"og:type\" content=\"article\" \/>\n<meta property=\"og:title\" content=\"Puerta Acorazada Kiuso Grado 5 | M\u00e1xima Protecci\u00f3n\" \/>\n<meta property=\"og:description\" content=\"Puertas Kiuso Grado 5 RC5 con certificaci\u00f3n para joyer\u00edas, armeros y m\u00e1s. Alta seguridad y dise\u00f1o cuidado. Consulta nuestras opciones.\" \/>\n<meta property=\"og:url\" content=\"https:\/\/segurtotal.com\/ca\/kiuso-grado-5\/\" \/>\n<meta property=\"og:site_name\" content=\"Segur Total Puertas Acorazadas Barcelona\" \/>\n<meta property=\"article:modified_time\" content=\"2026-04-21T04:29:23+00:00\" \/>\n<meta property=\"og:image\" content=\"https:\/\/puertasacorazadasbarcelona.com\/wp-content\/uploads\/2024\/03\/puerta-completa-683x1024-1.jpg\" \/>\n<meta name=\"twitter:card\" content=\"summary_large_image\" \/>\n<meta name=\"twitter:site\" content=\"@puertaslukasz\" \/>\n<meta name=\"twitter:label1\" content=\"Temps estimat de lectura\" \/>\n\t<meta name=\"twitter:data1\" content=\"2 minuts\" \/>\n<script type=\"application\/ld+json\" class=\"yoast-schema-graph\">{\"@context\":\"https:\/\/schema.org\",\"@graph\":[{\"@type\":\"WebPage\",\"@id\":\"https:\/\/segurtotal.com\/kiuso-grado-5\/\",\"url\":\"https:\/\/segurtotal.com\/kiuso-grado-5\/\",\"name\":\"Puerta Acorazada Kiuso Grado 5 | M\u00e1xima Protecci\u00f3n\",\"isPartOf\":{\"@id\":\"https:\/\/segurtotal.com\/#website\"},\"primaryImageOfPage\":{\"@id\":\"https:\/\/segurtotal.com\/kiuso-grado-5\/#primaryimage\"},\"image\":{\"@id\":\"https:\/\/segurtotal.com\/kiuso-grado-5\/#primaryimage\"},\"thumbnailUrl\":\"https:\/\/puertasacorazadasbarcelona.com\/wp-content\/uploads\/2024\/03\/puerta-completa-683x1024-1.jpg\",\"datePublished\":\"2025-01-18T05:27:56+00:00\",\"dateModified\":\"2026-04-21T04:29:23+00:00\",\"description\":\"Puertas Kiuso Grado 5 RC5 con certificaci\u00f3n para joyer\u00edas, armeros y m\u00e1s. Alta seguridad y dise\u00f1o cuidado. Consulta nuestras opciones.\",\"breadcrumb\":{\"@id\":\"https:\/\/segurtotal.com\/kiuso-grado-5\/#breadcrumb\"},\"inLanguage\":\"ca\",\"potentialAction\":[{\"@type\":\"ReadAction\",\"target\":[\"https:\/\/segurtotal.com\/kiuso-grado-5\/\"]}]},{\"@type\":\"ImageObject\",\"inLanguage\":\"ca\",\"@id\":\"https:\/\/segurtotal.com\/kiuso-grado-5\/#primaryimage\",\"url\":\"https:\/\/puertasacorazadasbarcelona.com\/wp-content\/uploads\/2024\/03\/puerta-completa-683x1024-1.jpg\",\"contentUrl\":\"https:\/\/puertasacorazadasbarcelona.com\/wp-content\/uploads\/2024\/03\/puerta-completa-683x1024-1.jpg\"},{\"@type\":\"BreadcrumbList\",\"@id\":\"https:\/\/segurtotal.com\/kiuso-grado-5\/#breadcrumb\",\"itemListElement\":[{\"@type\":\"ListItem\",\"position\":1,\"name\":\"Portada\",\"item\":\"https:\/\/segurtotal.com\/\"},{\"@type\":\"ListItem\",\"position\":2,\"name\":\"Puerta acorazada Kiuso Grado 5\"}]},{\"@type\":\"WebSite\",\"@id\":\"https:\/\/segurtotal.com\/#website\",\"url\":\"https:\/\/segurtotal.com\/\",\"name\":\"Puertas Acorazadas Barcelona\",\"description\":\"Venta e instalaci&oacute;n de puertas de seguridad\",\"publisher\":{\"@id\":\"https:\/\/segurtotal.com\/#organization\"},\"alternateName\":\"Puertas Acorazadas Barcelona\",\"potentialAction\":[{\"@type\":\"SearchAction\",\"target\":{\"@type\":\"EntryPoint\",\"urlTemplate\":\"https:\/\/segurtotal.com\/?s={search_term_string}\"},\"query-input\":{\"@type\":\"PropertyValueSpecification\",\"valueRequired\":true,\"valueName\":\"search_term_string\"}}],\"inLanguage\":\"ca\"},{\"@type\":\"Organization\",\"@id\":\"https:\/\/segurtotal.com\/#organization\",\"name\":\"Seguretat Total Puertas Acorazadas Barcelona\",\"alternateName\":\"Seguretat Total Puertas Acorazadas Barcelona\",\"url\":\"https:\/\/segurtotal.com\/\",\"logo\":{\"@type\":\"ImageObject\",\"inLanguage\":\"ca\",\"@id\":\"https:\/\/segurtotal.com\/#\/schema\/logo\/image\/\",\"url\":\"https:\/\/segurtotal.com\/wp-content\/uploads\/2025\/06\/Favicon.jpeg\",\"contentUrl\":\"https:\/\/segurtotal.com\/wp-content\/uploads\/2025\/06\/Favicon.jpeg\",\"width\":1444,\"height\":1080,\"caption\":\"Seguretat Total Puertas Acorazadas Barcelona\"},\"image\":{\"@id\":\"https:\/\/segurtotal.com\/#\/schema\/logo\/image\/\"},\"sameAs\":[\"https:\/\/x.com\/puertaslukasz\",\"https:\/\/www.instagram.com\/puertaslukasz\"]}]}<\/script>\n<!-- \/ Yoast SEO plugin. -->","yoast_head_json":{"title":"Puerta Acorazada Kiuso Grado 5 | M\u00e1xima Protecci\u00f3n","description":"Puertas Kiuso Grado 5 RC5 con certificaci\u00f3n para joyer\u00edas, armeros y m\u00e1s. Alta seguridad y dise\u00f1o cuidado. Consulta nuestras opciones.","robots":{"index":"index","follow":"follow","max-snippet":"max-snippet:-1","max-image-preview":"max-image-preview:large","max-video-preview":"max-video-preview:-1"},"canonical":"https:\/\/segurtotal.com\/ca\/kiuso-grado-5\/","og_locale":"ca_ES","og_type":"article","og_title":"Puerta Acorazada Kiuso Grado 5 | M\u00e1xima Protecci\u00f3n","og_description":"Puertas Kiuso Grado 5 RC5 con certificaci\u00f3n para joyer\u00edas, armeros y m\u00e1s. Alta seguridad y dise\u00f1o cuidado. Consulta nuestras opciones.","og_url":"https:\/\/segurtotal.com\/ca\/kiuso-grado-5\/","og_site_name":"Segur Total Puertas Acorazadas Barcelona","article_modified_time":"2026-04-21T04:29:23+00:00","og_image":[{"url":"https:\/\/puertasacorazadasbarcelona.com\/wp-content\/uploads\/2024\/03\/puerta-completa-683x1024-1.jpg","type":"","width":"","height":""}],"twitter_card":"summary_large_image","twitter_site":"@puertaslukasz","twitter_misc":{"Temps estimat de lectura":"2 minuts"},"schema":{"@context":"https:\/\/schema.org","@graph":[{"@type":"WebPage","@id":"https:\/\/segurtotal.com\/kiuso-grado-5\/","url":"https:\/\/segurtotal.com\/kiuso-grado-5\/","name":"Puerta Acorazada Kiuso Grado 5 | M\u00e1xima Protecci\u00f3n","isPartOf":{"@id":"https:\/\/segurtotal.com\/#website"},"primaryImageOfPage":{"@id":"https:\/\/segurtotal.com\/kiuso-grado-5\/#primaryimage"},"image":{"@id":"https:\/\/segurtotal.com\/kiuso-grado-5\/#primaryimage"},"thumbnailUrl":"https:\/\/puertasacorazadasbarcelona.com\/wp-content\/uploads\/2024\/03\/puerta-completa-683x1024-1.jpg","datePublished":"2025-01-18T05:27:56+00:00","dateModified":"2026-04-21T04:29:23+00:00","description":"Puertas Kiuso Grado 5 RC5 con certificaci\u00f3n para joyer\u00edas, armeros y m\u00e1s. Alta seguridad y dise\u00f1o cuidado. Consulta nuestras opciones.","breadcrumb":{"@id":"https:\/\/segurtotal.com\/kiuso-grado-5\/#breadcrumb"},"inLanguage":"ca","potentialAction":[{"@type":"ReadAction","target":["https:\/\/segurtotal.com\/kiuso-grado-5\/"]}]},{"@type":"ImageObject","inLanguage":"ca","@id":"https:\/\/segurtotal.com\/kiuso-grado-5\/#primaryimage","url":"https:\/\/puertasacorazadasbarcelona.com\/wp-content\/uploads\/2024\/03\/puerta-completa-683x1024-1.jpg","contentUrl":"https:\/\/puertasacorazadasbarcelona.com\/wp-content\/uploads\/2024\/03\/puerta-completa-683x1024-1.jpg"},{"@type":"BreadcrumbList","@id":"https:\/\/segurtotal.com\/kiuso-grado-5\/#breadcrumb","itemListElement":[{"@type":"ListItem","position":1,"name":"Portada","item":"https:\/\/segurtotal.com\/"},{"@type":"ListItem","position":2,"name":"Puerta acorazada Kiuso Grado 5"}]},{"@type":"WebSite","@id":"https:\/\/segurtotal.com\/#website","url":"https:\/\/segurtotal.com\/","name":"Portes blindades Barcelona","description":"Venta e instalaci&oacute;n de puertas de seguridad","publisher":{"@id":"https:\/\/segurtotal.com\/#organization"},"alternateName":"Puertas Acorazadas Barcelona","potentialAction":[{"@type":"SearchAction","target":{"@type":"EntryPoint","urlTemplate":"https:\/\/segurtotal.com\/?s={search_term_string}"},"query-input":{"@type":"PropertyValueSpecification","valueRequired":true,"valueName":"search_term_string"}}],"inLanguage":"ca"},{"@type":"Organization","@id":"https:\/\/segurtotal.com\/#organization","name":"Seguretat Total Puertas Acorazadas Barcelona","alternateName":"Seguretat Total Puertas Acorazadas Barcelona","url":"https:\/\/segurtotal.com\/","logo":{"@type":"ImageObject","inLanguage":"ca","@id":"https:\/\/segurtotal.com\/#\/schema\/logo\/image\/","url":"https:\/\/segurtotal.com\/wp-content\/uploads\/2025\/06\/Favicon.jpeg","contentUrl":"https:\/\/segurtotal.com\/wp-content\/uploads\/2025\/06\/Favicon.jpeg","width":1444,"height":1080,"caption":"Seguretat Total Puertas Acorazadas Barcelona"},"image":{"@id":"https:\/\/segurtotal.com\/#\/schema\/logo\/image\/"},"sameAs":["https:\/\/x.com\/puertaslukasz","https:\/\/www.instagram.com\/puertaslukasz"]}]}},"_links":{"self":[{"href":"https:\/\/segurtotal.com\/ca\/wp-json\/wp\/v2\/pages\/2342","targetHints":{"allow":["GET"]}}],"collection":[{"href":"https:\/\/segurtotal.com\/ca\/wp-json\/wp\/v2\/pages"}],"about":[{"href":"https:\/\/segurtotal.com\/ca\/wp-json\/wp\/v2\/types\/page"}],"author":[{"embeddable":true,"href":"https:\/\/segurtotal.com\/ca\/wp-json\/wp\/v2\/users\/2"}],"replies":[{"embeddable":true,"href":"https:\/\/segurtotal.com\/ca\/wp-json\/wp\/v2\/comments?post=2342"}],"version-history":[{"count":6,"href":"https:\/\/segurtotal.com\/ca\/wp-json\/wp\/v2\/pages\/2342\/revisions"}],"predecessor-version":[{"id":2709,"href":"https:\/\/segurtotal.com\/ca\/wp-json\/wp\/v2\/pages\/2342\/revisions\/2709"}],"wp:attachment":[{"href":"https:\/\/segurtotal.com\/ca\/wp-json\/wp\/v2\/media?parent=2342"}],"curies":[{"name":"wp","href":"https:\/\/api.w.org\/{rel}","templated":true}]}}