{"id":2386,"date":"2025-01-18T06:06:18","date_gmt":"2025-01-18T06:06:18","guid":{"rendered":"https:\/\/puertasacorazadasbarcelona.com\/?page_id=2386"},"modified":"2025-01-18T06:06:28","modified_gmt":"2025-01-18T06:06:28","slug":"puertas_blindadas","status":"publish","type":"page","link":"https:\/\/segurtotal.com\/ca\/puertas_blindadas\/","title":{"rendered":"Portes Blindades"},"content":{"rendered":"<h1>PUERTAS BLINDADAS<\/h1>\n\t\t\t\t<img loading=\"lazy\" decoding=\"async\" src=\"https:\/\/puertasacorazadasbarcelona.com\/wp-content\/uploads\/2024\/04\/36d71861-d6b8-40bb-b2ee-27945161aa20-203x1024.jpg\" alt=\"36d71861-d6b8-40bb-b2ee-27945161aa20\" itemprop=\"image\" height=\"1024\" width=\"203\" title=\"36d71861-d6b8-40bb-b2ee-27945161aa20\" onerror=\"this.style.display='none'\"  \/>\n\tCuando pensamos en una puerta de seguridad, muchas veces lo primero que nos viene a la cabeza es una puerta blindada ya que, efectivamente, era la puerta m\u00e1s segura que hab\u00eda hace a\u00f1os. Sin embargo, las t\u00e9cnicas de los ladrones para asaltar viviendas han<br \/>\nmejorado y se han sofisticado mucho, de forma que, actualmente, una puerta blindada puede resultar un objetivo bastante f\u00e1cil de sortear por un ladr\u00f3n, incluso poco experimentado.\n<p>Afortunadamente, la seguridad tambi\u00e9n evoluciona para contrarrestar estas t\u00e9cnicas de los ladrones. Por otro lado, adem\u00e1s, existen organismos e instituciones que ayudan a ensayar y certificar el nivel de seguridad que permitan a la persona que compra una puerta de seguridad tener la tranquilidad de que su producto cuenta con garant\u00edas.<\/p>\n<hr \/>\n<p><em><strong>Una puerta blindada es una puerta de madera (tanto su hoja como el marco) con un \u00fanico refuerzo de una o m\u00e1ximo dos l\u00e1minas met\u00e1licas de 0.5 mil\u00edmetros de grosor.<\/strong><\/em>\u00a0\u00a0<\/p>\n<hr \/>\nLa cerradura, al ir alojada en la propia madera, no puede proporcionar un alto nivel de seguridad, ya que la madera es un material vulnerable ante el uso de determinadas herramientas met\u00e1licas. El protector de la cerradura, a su vez, no se puede fijar sobre el interior de la vivienda, sino que se atornillar\u00e1 sobre la estructura existente. Al tener un cerco y bandeja de madera, esta puede ceder en caso de ser atacada con herramientas de nivel medio como destornilladores, patas de cabra, etc.<br \/>\n\u00a0<br \/>\nEstas puertas, adem\u00e1s de tener limitaciones de cara a la seguridad, tambi\u00e9n tienen ciertos inconvenientes en cuanto a su mantenimiento. Por ejemplo, al tratarse de puertas cuyo principal componente es la madera, su propio peso hace que, con el tiempo, la zona de bisagras vaya cediendo y termine descolg\u00e1ndose la puerta. \nOtro ejemplo de limitaci\u00f3n en cuanto a su mantenimiento consiste en que los tableros van pegados sobre la hoja y no permiten su sustituci\u00f3n con facilidad en caso de sufrir alg\u00fan desperfecto o querer actualizar la est\u00e9tica de la puerta.<br \/>\n\u00a0<br \/>\nA fecha de hoy debemos pensar que la seguridad del siglo XXI debe darla una puerta con un nivel de seguridad superior. La puerta que hace unos a\u00f1os era muy segura, con la evoluci\u00f3n de las herramientas utilizadas en robos y el tipo de atacante.\n<hr \/>\n<p><strong>Desafortunadamente las puertas blindadas han quedado obsoletas en t\u00e9rminos de seguridad.<\/strong><\/p>\n<hr \/>\n<p>&nbsp;<\/p>\n\t\t\t\t<img loading=\"lazy\" decoding=\"async\" src=\"https:\/\/puertasacorazadasbarcelona.com\/wp-content\/uploads\/2024\/04\/fa733194-e45b-4ba1-be82-9adf5f4d6376-60x300.jpg\" alt=\"fa733194-e45b-4ba1-be82-9adf5f4d6376\" itemprop=\"image\" height=\"300\" width=\"60\" title=\"fa733194-e45b-4ba1-be82-9adf5f4d6376\" onerror=\"this.style.display='none'\"  \/>\n\t\t\t\t<img loading=\"lazy\" decoding=\"async\" src=\"https:\/\/puertasacorazadasbarcelona.com\/wp-content\/uploads\/2024\/04\/46926eca-2eb6-4b72-8f61-48704b9c367d-79x300.jpg\" alt=\"46926eca-2eb6-4b72-8f61-48704b9c367d\" itemprop=\"image\" height=\"300\" width=\"79\" title=\"46926eca-2eb6-4b72-8f61-48704b9c367d\" onerror=\"this.style.display='none'\"  \/>\n\t\t\t\t<img loading=\"lazy\" decoding=\"async\" src=\"https:\/\/puertasacorazadasbarcelona.com\/wp-content\/uploads\/2024\/04\/30ac4184-3102-4789-9dd9-663191148f89-66x300.jpg\" alt=\"30ac4184-3102-4789-9dd9-663191148f89\" itemprop=\"image\" height=\"300\" width=\"66\" title=\"30ac4184-3102-4789-9dd9-663191148f89\" onerror=\"this.style.display='none'\"  \/>","protected":false},"excerpt":{"rendered":"<p>PUERTAS BLINDADAS Cuando pensamos en una puerta de seguridad, muchas veces lo primero que nos viene a la cabeza es una puerta blindada ya que, efectivamente, era la puerta m\u00e1s segura que hab\u00eda hace a\u00f1os. Sin embargo, las t\u00e9cnicas de los ladrones para asaltar viviendas han mejorado y se han sofisticado mucho, de forma que,<a class=\"moretag\" href=\"https:\/\/segurtotal.com\/ca\/puertas_blindadas\/\"><span class=\"screen-reader-text\">Read more about Puertas Blindadas<\/span>[&#8230;]<\/a><\/p>","protected":false},"author":2,"featured_media":0,"parent":0,"menu_order":0,"comment_status":"closed","ping_status":"closed","template":"","meta":{"_exactmetrics_skip_tracking":false,"_exactmetrics_sitenote_active":false,"_exactmetrics_sitenote_note":"","_exactmetrics_sitenote_category":0,"_joinchat":[],"footnotes":""},"class_list":["post-2386","page","type-page","status-publish","hentry"],"yoast_head":"<!-- This site is optimized with the Yoast SEO plugin v26.6 - https:\/\/yoast.com\/wordpress\/plugins\/seo\/ -->\n<title>Puertas Blindadas - Seguridad Dom\u00e9stica en Barcelona<\/title>\n<meta name=\"description\" content=\"Las puertas blindadas han quedado obsoletas frente a las nuevas t\u00e9cnicas de robo. Conoce por qu\u00e9 una puerta acorazada es m\u00e1s segura.\" \/>\n<meta name=\"robots\" content=\"index, follow, max-snippet:-1, max-image-preview:large, max-video-preview:-1\" \/>\n<link rel=\"canonical\" href=\"https:\/\/segurtotal.com\/ca\/puertas_blindadas\/\" \/>\n<meta property=\"og:locale\" content=\"ca_ES\" \/>\n<meta property=\"og:type\" content=\"article\" \/>\n<meta property=\"og:title\" content=\"Puertas Blindadas - Seguridad Dom\u00e9stica en Barcelona\" \/>\n<meta property=\"og:description\" content=\"Las puertas blindadas han quedado obsoletas frente a las nuevas t\u00e9cnicas de robo. Conoce por qu\u00e9 una puerta acorazada es m\u00e1s segura.\" \/>\n<meta property=\"og:url\" content=\"https:\/\/segurtotal.com\/ca\/puertas_blindadas\/\" \/>\n<meta property=\"og:site_name\" content=\"Segur Total Puertas Acorazadas Barcelona\" \/>\n<meta property=\"article:modified_time\" content=\"2025-01-18T06:06:28+00:00\" \/>\n<meta property=\"og:image\" content=\"https:\/\/puertasacorazadasbarcelona.com\/wp-content\/uploads\/2024\/04\/36d71861-d6b8-40bb-b2ee-27945161aa20-203x1024.jpg\" \/>\n<meta name=\"twitter:card\" content=\"summary_large_image\" \/>\n<meta name=\"twitter:site\" content=\"@puertaslukasz\" \/>\n<meta name=\"twitter:label1\" content=\"Temps estimat de lectura\" \/>\n\t<meta name=\"twitter:data1\" content=\"3 minuts\" \/>\n<script type=\"application\/ld+json\" class=\"yoast-schema-graph\">{\"@context\":\"https:\/\/schema.org\",\"@graph\":[{\"@type\":\"WebPage\",\"@id\":\"https:\/\/segurtotal.com\/ca\/puertas_blindadas\/\",\"url\":\"https:\/\/segurtotal.com\/ca\/puertas_blindadas\/\",\"name\":\"Puertas Blindadas - Seguridad Dom\u00e9stica en Barcelona\",\"isPartOf\":{\"@id\":\"https:\/\/segurtotal.com\/#website\"},\"primaryImageOfPage\":{\"@id\":\"https:\/\/segurtotal.com\/ca\/puertas_blindadas\/#primaryimage\"},\"image\":{\"@id\":\"https:\/\/segurtotal.com\/ca\/puertas_blindadas\/#primaryimage\"},\"thumbnailUrl\":\"https:\/\/puertasacorazadasbarcelona.com\/wp-content\/uploads\/2024\/04\/36d71861-d6b8-40bb-b2ee-27945161aa20-203x1024.jpg\",\"datePublished\":\"2025-01-18T06:06:18+00:00\",\"dateModified\":\"2025-01-18T06:06:28+00:00\",\"description\":\"Las puertas blindadas han quedado obsoletas frente a las nuevas t\u00e9cnicas de robo. Conoce por qu\u00e9 una puerta acorazada es m\u00e1s segura.\",\"breadcrumb\":{\"@id\":\"https:\/\/segurtotal.com\/ca\/puertas_blindadas\/#breadcrumb\"},\"inLanguage\":\"ca\",\"potentialAction\":[{\"@type\":\"ReadAction\",\"target\":[\"https:\/\/segurtotal.com\/ca\/puertas_blindadas\/\"]}]},{\"@type\":\"ImageObject\",\"inLanguage\":\"ca\",\"@id\":\"https:\/\/segurtotal.com\/ca\/puertas_blindadas\/#primaryimage\",\"url\":\"https:\/\/puertasacorazadasbarcelona.com\/wp-content\/uploads\/2024\/04\/36d71861-d6b8-40bb-b2ee-27945161aa20-203x1024.jpg\",\"contentUrl\":\"https:\/\/puertasacorazadasbarcelona.com\/wp-content\/uploads\/2024\/04\/36d71861-d6b8-40bb-b2ee-27945161aa20-203x1024.jpg\"},{\"@type\":\"BreadcrumbList\",\"@id\":\"https:\/\/segurtotal.com\/ca\/puertas_blindadas\/#breadcrumb\",\"itemListElement\":[{\"@type\":\"ListItem\",\"position\":1,\"name\":\"Portada\",\"item\":\"https:\/\/segurtotal.com\/\"},{\"@type\":\"ListItem\",\"position\":2,\"name\":\"Puertas Blindadas\"}]},{\"@type\":\"WebSite\",\"@id\":\"https:\/\/segurtotal.com\/#website\",\"url\":\"https:\/\/segurtotal.com\/\",\"name\":\"Puertas Acorazadas Barcelona\",\"description\":\"Venta e instalaci&oacute;n de puertas de seguridad\",\"publisher\":{\"@id\":\"https:\/\/segurtotal.com\/#organization\"},\"alternateName\":\"Puertas Acorazadas Barcelona\",\"potentialAction\":[{\"@type\":\"SearchAction\",\"target\":{\"@type\":\"EntryPoint\",\"urlTemplate\":\"https:\/\/segurtotal.com\/?s={search_term_string}\"},\"query-input\":{\"@type\":\"PropertyValueSpecification\",\"valueRequired\":true,\"valueName\":\"search_term_string\"}}],\"inLanguage\":\"ca\"},{\"@type\":\"Organization\",\"@id\":\"https:\/\/segurtotal.com\/#organization\",\"name\":\"Seguretat Total Puertas Acorazadas Barcelona\",\"alternateName\":\"Seguretat Total Puertas Acorazadas Barcelona\",\"url\":\"https:\/\/segurtotal.com\/\",\"logo\":{\"@type\":\"ImageObject\",\"inLanguage\":\"ca\",\"@id\":\"https:\/\/segurtotal.com\/#\/schema\/logo\/image\/\",\"url\":\"https:\/\/segurtotal.com\/wp-content\/uploads\/2025\/06\/Favicon.jpeg\",\"contentUrl\":\"https:\/\/segurtotal.com\/wp-content\/uploads\/2025\/06\/Favicon.jpeg\",\"width\":1444,\"height\":1080,\"caption\":\"Seguretat Total Puertas Acorazadas Barcelona\"},\"image\":{\"@id\":\"https:\/\/segurtotal.com\/#\/schema\/logo\/image\/\"},\"sameAs\":[\"https:\/\/x.com\/puertaslukasz\",\"https:\/\/www.instagram.com\/puertaslukasz\"]}]}<\/script>\n<!-- \/ Yoast SEO plugin. -->","yoast_head_json":{"title":"Puertas Blindadas - Seguridad Dom\u00e9stica en Barcelona","description":"Las puertas blindadas han quedado obsoletas frente a las nuevas t\u00e9cnicas de robo. Conoce por qu\u00e9 una puerta acorazada es m\u00e1s segura.","robots":{"index":"index","follow":"follow","max-snippet":"max-snippet:-1","max-image-preview":"max-image-preview:large","max-video-preview":"max-video-preview:-1"},"canonical":"https:\/\/segurtotal.com\/ca\/puertas_blindadas\/","og_locale":"ca_ES","og_type":"article","og_title":"Puertas Blindadas - Seguridad Dom\u00e9stica en Barcelona","og_description":"Las puertas blindadas han quedado obsoletas frente a las nuevas t\u00e9cnicas de robo. Conoce por qu\u00e9 una puerta acorazada es m\u00e1s segura.","og_url":"https:\/\/segurtotal.com\/ca\/puertas_blindadas\/","og_site_name":"Segur Total Puertas Acorazadas Barcelona","article_modified_time":"2025-01-18T06:06:28+00:00","og_image":[{"url":"https:\/\/puertasacorazadasbarcelona.com\/wp-content\/uploads\/2024\/04\/36d71861-d6b8-40bb-b2ee-27945161aa20-203x1024.jpg","type":"","width":"","height":""}],"twitter_card":"summary_large_image","twitter_site":"@puertaslukasz","twitter_misc":{"Temps estimat de lectura":"3 minuts"},"schema":{"@context":"https:\/\/schema.org","@graph":[{"@type":"WebPage","@id":"https:\/\/segurtotal.com\/ca\/puertas_blindadas\/","url":"https:\/\/segurtotal.com\/ca\/puertas_blindadas\/","name":"Puertas Blindadas - Seguridad Dom\u00e9stica en Barcelona","isPartOf":{"@id":"https:\/\/segurtotal.com\/#website"},"primaryImageOfPage":{"@id":"https:\/\/segurtotal.com\/ca\/puertas_blindadas\/#primaryimage"},"image":{"@id":"https:\/\/segurtotal.com\/ca\/puertas_blindadas\/#primaryimage"},"thumbnailUrl":"https:\/\/puertasacorazadasbarcelona.com\/wp-content\/uploads\/2024\/04\/36d71861-d6b8-40bb-b2ee-27945161aa20-203x1024.jpg","datePublished":"2025-01-18T06:06:18+00:00","dateModified":"2025-01-18T06:06:28+00:00","description":"Las puertas blindadas han quedado obsoletas frente a las nuevas t\u00e9cnicas de robo. Conoce por qu\u00e9 una puerta acorazada es m\u00e1s segura.","breadcrumb":{"@id":"https:\/\/segurtotal.com\/ca\/puertas_blindadas\/#breadcrumb"},"inLanguage":"ca","potentialAction":[{"@type":"ReadAction","target":["https:\/\/segurtotal.com\/ca\/puertas_blindadas\/"]}]},{"@type":"ImageObject","inLanguage":"ca","@id":"https:\/\/segurtotal.com\/ca\/puertas_blindadas\/#primaryimage","url":"https:\/\/puertasacorazadasbarcelona.com\/wp-content\/uploads\/2024\/04\/36d71861-d6b8-40bb-b2ee-27945161aa20-203x1024.jpg","contentUrl":"https:\/\/puertasacorazadasbarcelona.com\/wp-content\/uploads\/2024\/04\/36d71861-d6b8-40bb-b2ee-27945161aa20-203x1024.jpg"},{"@type":"BreadcrumbList","@id":"https:\/\/segurtotal.com\/ca\/puertas_blindadas\/#breadcrumb","itemListElement":[{"@type":"ListItem","position":1,"name":"Portada","item":"https:\/\/segurtotal.com\/"},{"@type":"ListItem","position":2,"name":"Puertas Blindadas"}]},{"@type":"WebSite","@id":"https:\/\/segurtotal.com\/#website","url":"https:\/\/segurtotal.com\/","name":"Portes blindades Barcelona","description":"Venta e instalaci&oacute;n de puertas de seguridad","publisher":{"@id":"https:\/\/segurtotal.com\/#organization"},"alternateName":"Puertas Acorazadas Barcelona","potentialAction":[{"@type":"SearchAction","target":{"@type":"EntryPoint","urlTemplate":"https:\/\/segurtotal.com\/?s={search_term_string}"},"query-input":{"@type":"PropertyValueSpecification","valueRequired":true,"valueName":"search_term_string"}}],"inLanguage":"ca"},{"@type":"Organization","@id":"https:\/\/segurtotal.com\/#organization","name":"Seguretat Total Puertas Acorazadas Barcelona","alternateName":"Seguretat Total Puertas Acorazadas Barcelona","url":"https:\/\/segurtotal.com\/","logo":{"@type":"ImageObject","inLanguage":"ca","@id":"https:\/\/segurtotal.com\/#\/schema\/logo\/image\/","url":"https:\/\/segurtotal.com\/wp-content\/uploads\/2025\/06\/Favicon.jpeg","contentUrl":"https:\/\/segurtotal.com\/wp-content\/uploads\/2025\/06\/Favicon.jpeg","width":1444,"height":1080,"caption":"Seguretat Total Puertas Acorazadas Barcelona"},"image":{"@id":"https:\/\/segurtotal.com\/#\/schema\/logo\/image\/"},"sameAs":["https:\/\/x.com\/puertaslukasz","https:\/\/www.instagram.com\/puertaslukasz"]}]}},"_links":{"self":[{"href":"https:\/\/segurtotal.com\/ca\/wp-json\/wp\/v2\/pages\/2386","targetHints":{"allow":["GET"]}}],"collection":[{"href":"https:\/\/segurtotal.com\/ca\/wp-json\/wp\/v2\/pages"}],"about":[{"href":"https:\/\/segurtotal.com\/ca\/wp-json\/wp\/v2\/types\/page"}],"author":[{"embeddable":true,"href":"https:\/\/segurtotal.com\/ca\/wp-json\/wp\/v2\/users\/2"}],"replies":[{"embeddable":true,"href":"https:\/\/segurtotal.com\/ca\/wp-json\/wp\/v2\/comments?post=2386"}],"version-history":[{"count":17,"href":"https:\/\/segurtotal.com\/ca\/wp-json\/wp\/v2\/pages\/2386\/revisions"}],"predecessor-version":[{"id":2721,"href":"https:\/\/segurtotal.com\/ca\/wp-json\/wp\/v2\/pages\/2386\/revisions\/2721"}],"wp:attachment":[{"href":"https:\/\/segurtotal.com\/ca\/wp-json\/wp\/v2\/media?parent=2386"}],"curies":[{"name":"wp","href":"https:\/\/api.w.org\/{rel}","templated":true}]}}