{"id":2394,"date":"2024-03-18T12:45:30","date_gmt":"2024-03-18T12:45:30","guid":{"rendered":"https:\/\/puertasacorazadasbarcelona.com\/?page_id=2394"},"modified":"2024-04-25T14:04:38","modified_gmt":"2024-04-25T14:04:38","slug":"rejas","status":"publish","type":"page","link":"https:\/\/segurtotal.com\/ca\/rejas\/","title":{"rendered":"Rejas"},"content":{"rendered":"<h1>REJAS<\/h1>\n<p>&nbsp;<\/p>\n\t<h2>Rejas fijas y practicables<\/h2>\n<p>&nbsp;<\/p>\n<blockquote>\n<p>Dise\u00f1adas para la protecci\u00f3n de hogares, locales comerciales, apartamentos, chalets, segundas residencias o cualquier espacio que se quiera proteger de posibles asaltos.<\/p>\n<\/blockquote>\n<p>&nbsp;<\/p>\n\t<h3>A medida<\/h3>\n<p>Este producto se fabrica a medida seg\u00fan las necesidades del hueco de obra y en distintos acabados.<\/p>\n\t<h3>Una o dos hojas y cierre<\/h3>\n<p>Cualquier modelo de nuestras rejas fijas puede ser fabricado en\u00a0<strong>una o dos hojas practicables,<\/strong>\u00a0siendo suministradas con cerraduras de golpe y llave o solo llave, seg\u00fan elecci\u00f3n.<\/p>\n\t<h3>Cierres embutidos<\/h3>\n<p>Las rejas practicables de 2 hojas ir\u00e1n provistas de cierres embutidos laterales en hoja pasiva, de f\u00e1cil accionamiento,\u00a0<strong>quedando ocultos para su imposible manipulaci\u00f3n<\/strong>\u00a0una vez cerradas las hojas.<\/p>\n\t<h3>Desplazamiento de pernios<\/h3>\n<p>Posibilidad de desplazamiento de pernios para ampliar la distancia de giro y realizaci\u00f3n de encastes en tubos laterales para librar cualquier posible imperfecci\u00f3n en obra.<\/p>\n\t<h3>Zincado y protecci\u00f3n<\/h3>\n<p>Todas nuestras rejas pasan por un ba\u00f1o de zincado inicial, d\u00e1ndoles la mayor protecci\u00f3n posible anticorrosiva antes de ser tratadas en\u00a0 nuestra planta de lacado.<\/p>\n\t<h3>Lacado<\/h3>\n<p>El lacado de nuestras rejas lo realizamos\u00a0 siempre con pintura en polvo poli\u00e9ster, pensada para el recubrimiento de materiales expuestos al exterior y son secadas al horno a una temperatura de 220 \u00baC.<\/p>","protected":false},"excerpt":{"rendered":"<p>REJAS &nbsp; Rejas fijas y practicables &nbsp; Dise\u00f1adas para la protecci\u00f3n de hogares, locales comerciales, apartamentos, chalets, segundas residencias o cualquier espacio que se quiera proteger de posibles asaltos. &nbsp; A medida Este producto se fabrica a medida seg\u00fan las necesidades del hueco de obra y en distintos acabados. Una o dos hojas y cierre<a class=\"moretag\" href=\"https:\/\/segurtotal.com\/ca\/rejas\/\"><span class=\"screen-reader-text\">Read more about Rejas<\/span>[&#8230;]<\/a><\/p>","protected":false},"author":2,"featured_media":0,"parent":0,"menu_order":0,"comment_status":"closed","ping_status":"closed","template":"","meta":{"_exactmetrics_skip_tracking":false,"_exactmetrics_sitenote_active":false,"_exactmetrics_sitenote_note":"","_exactmetrics_sitenote_category":0,"_joinchat":[],"footnotes":""},"class_list":["post-2394","page","type-page","status-publish","hentry"],"yoast_head":"<!-- This site is optimized with the Yoast SEO plugin v26.6 - https:\/\/yoast.com\/wordpress\/plugins\/seo\/ -->\n<title>Rejas - Segur Total Puertas Acorazadas Barcelona<\/title>\n<meta name=\"description\" content=\"Puerta Kiuso modelo 100\" \/>\n<meta name=\"robots\" content=\"index, follow, max-snippet:-1, max-image-preview:large, max-video-preview:-1\" \/>\n<link rel=\"canonical\" href=\"https:\/\/segurtotal.com\/ca\/rejas\/\" \/>\n<meta property=\"og:locale\" content=\"ca_ES\" \/>\n<meta property=\"og:type\" content=\"article\" \/>\n<meta property=\"og:title\" content=\"Rejas - Segur Total Puertas Acorazadas Barcelona\" \/>\n<meta property=\"og:description\" content=\"Puerta Kiuso modelo 100\" \/>\n<meta property=\"og:url\" content=\"https:\/\/segurtotal.com\/ca\/rejas\/\" \/>\n<meta property=\"og:site_name\" content=\"Segur Total Puertas Acorazadas Barcelona\" \/>\n<meta property=\"article:modified_time\" content=\"2024-04-25T14:04:38+00:00\" \/>\n<meta property=\"og:image\" content=\"https:\/\/segurtotal.com\/wp-content\/uploads\/2025\/06\/Favicon.jpeg\" \/>\n\t<meta property=\"og:image:width\" content=\"1444\" \/>\n\t<meta property=\"og:image:height\" content=\"1080\" \/>\n\t<meta property=\"og:image:type\" content=\"image\/jpeg\" \/>\n<meta name=\"twitter:card\" content=\"summary_large_image\" \/>\n<meta name=\"twitter:site\" content=\"@puertaslukasz\" \/>\n<meta name=\"twitter:label1\" content=\"Temps estimat de lectura\" \/>\n\t<meta name=\"twitter:data1\" content=\"2 minuts\" \/>\n<script type=\"application\/ld+json\" class=\"yoast-schema-graph\">{\"@context\":\"https:\/\/schema.org\",\"@graph\":[{\"@type\":\"WebPage\",\"@id\":\"https:\/\/segurtotal.com\/rejas\/\",\"url\":\"https:\/\/segurtotal.com\/rejas\/\",\"name\":\"Rejas - Segur Total Puertas Acorazadas Barcelona\",\"isPartOf\":{\"@id\":\"https:\/\/segurtotal.com\/#website\"},\"datePublished\":\"2024-03-18T12:45:30+00:00\",\"dateModified\":\"2024-04-25T14:04:38+00:00\",\"description\":\"Puerta Kiuso modelo 100\",\"breadcrumb\":{\"@id\":\"https:\/\/segurtotal.com\/rejas\/#breadcrumb\"},\"inLanguage\":\"ca\",\"potentialAction\":[{\"@type\":\"ReadAction\",\"target\":[\"https:\/\/segurtotal.com\/rejas\/\"]}]},{\"@type\":\"BreadcrumbList\",\"@id\":\"https:\/\/segurtotal.com\/rejas\/#breadcrumb\",\"itemListElement\":[{\"@type\":\"ListItem\",\"position\":1,\"name\":\"Portada\",\"item\":\"https:\/\/segurtotal.com\/\"},{\"@type\":\"ListItem\",\"position\":2,\"name\":\"Rejas\"}]},{\"@type\":\"WebSite\",\"@id\":\"https:\/\/segurtotal.com\/#website\",\"url\":\"https:\/\/segurtotal.com\/\",\"name\":\"Puertas Acorazadas Barcelona\",\"description\":\"Venta e instalaci&oacute;n de puertas de seguridad\",\"publisher\":{\"@id\":\"https:\/\/segurtotal.com\/#organization\"},\"alternateName\":\"Puertas Acorazadas Barcelona\",\"potentialAction\":[{\"@type\":\"SearchAction\",\"target\":{\"@type\":\"EntryPoint\",\"urlTemplate\":\"https:\/\/segurtotal.com\/?s={search_term_string}\"},\"query-input\":{\"@type\":\"PropertyValueSpecification\",\"valueRequired\":true,\"valueName\":\"search_term_string\"}}],\"inLanguage\":\"ca\"},{\"@type\":\"Organization\",\"@id\":\"https:\/\/segurtotal.com\/#organization\",\"name\":\"Seguretat Total Puertas Acorazadas Barcelona\",\"alternateName\":\"Seguretat Total Puertas Acorazadas Barcelona\",\"url\":\"https:\/\/segurtotal.com\/\",\"logo\":{\"@type\":\"ImageObject\",\"inLanguage\":\"ca\",\"@id\":\"https:\/\/segurtotal.com\/#\/schema\/logo\/image\/\",\"url\":\"https:\/\/segurtotal.com\/wp-content\/uploads\/2025\/06\/Favicon.jpeg\",\"contentUrl\":\"https:\/\/segurtotal.com\/wp-content\/uploads\/2025\/06\/Favicon.jpeg\",\"width\":1444,\"height\":1080,\"caption\":\"Seguretat Total Puertas Acorazadas Barcelona\"},\"image\":{\"@id\":\"https:\/\/segurtotal.com\/#\/schema\/logo\/image\/\"},\"sameAs\":[\"https:\/\/x.com\/puertaslukasz\",\"https:\/\/www.instagram.com\/puertaslukasz\"]}]}<\/script>\n<!-- \/ Yoast SEO plugin. -->","yoast_head_json":{"title":"Rejas - Segur Total Puertas Acorazadas Barcelona","description":"Puerta Kiuso modelo 100","robots":{"index":"index","follow":"follow","max-snippet":"max-snippet:-1","max-image-preview":"max-image-preview:large","max-video-preview":"max-video-preview:-1"},"canonical":"https:\/\/segurtotal.com\/ca\/rejas\/","og_locale":"ca_ES","og_type":"article","og_title":"Rejas - Segur Total Puertas Acorazadas Barcelona","og_description":"Puerta Kiuso modelo 100","og_url":"https:\/\/segurtotal.com\/ca\/rejas\/","og_site_name":"Segur Total Puertas Acorazadas Barcelona","article_modified_time":"2024-04-25T14:04:38+00:00","og_image":[{"width":1444,"height":1080,"url":"https:\/\/segurtotal.com\/wp-content\/uploads\/2025\/06\/Favicon.jpeg","type":"image\/jpeg"}],"twitter_card":"summary_large_image","twitter_site":"@puertaslukasz","twitter_misc":{"Temps estimat de lectura":"2 minuts"},"schema":{"@context":"https:\/\/schema.org","@graph":[{"@type":"WebPage","@id":"https:\/\/segurtotal.com\/rejas\/","url":"https:\/\/segurtotal.com\/rejas\/","name":"Rejas - Segur Total Puertas Acorazadas Barcelona","isPartOf":{"@id":"https:\/\/segurtotal.com\/#website"},"datePublished":"2024-03-18T12:45:30+00:00","dateModified":"2024-04-25T14:04:38+00:00","description":"Puerta Kiuso modelo 100","breadcrumb":{"@id":"https:\/\/segurtotal.com\/rejas\/#breadcrumb"},"inLanguage":"ca","potentialAction":[{"@type":"ReadAction","target":["https:\/\/segurtotal.com\/rejas\/"]}]},{"@type":"BreadcrumbList","@id":"https:\/\/segurtotal.com\/rejas\/#breadcrumb","itemListElement":[{"@type":"ListItem","position":1,"name":"Portada","item":"https:\/\/segurtotal.com\/"},{"@type":"ListItem","position":2,"name":"Rejas"}]},{"@type":"WebSite","@id":"https:\/\/segurtotal.com\/#website","url":"https:\/\/segurtotal.com\/","name":"Portes blindades Barcelona","description":"Venta e instalaci&oacute;n de puertas de seguridad","publisher":{"@id":"https:\/\/segurtotal.com\/#organization"},"alternateName":"Puertas Acorazadas Barcelona","potentialAction":[{"@type":"SearchAction","target":{"@type":"EntryPoint","urlTemplate":"https:\/\/segurtotal.com\/?s={search_term_string}"},"query-input":{"@type":"PropertyValueSpecification","valueRequired":true,"valueName":"search_term_string"}}],"inLanguage":"ca"},{"@type":"Organization","@id":"https:\/\/segurtotal.com\/#organization","name":"Seguretat Total Puertas Acorazadas Barcelona","alternateName":"Seguretat Total Puertas Acorazadas Barcelona","url":"https:\/\/segurtotal.com\/","logo":{"@type":"ImageObject","inLanguage":"ca","@id":"https:\/\/segurtotal.com\/#\/schema\/logo\/image\/","url":"https:\/\/segurtotal.com\/wp-content\/uploads\/2025\/06\/Favicon.jpeg","contentUrl":"https:\/\/segurtotal.com\/wp-content\/uploads\/2025\/06\/Favicon.jpeg","width":1444,"height":1080,"caption":"Seguretat Total Puertas Acorazadas Barcelona"},"image":{"@id":"https:\/\/segurtotal.com\/#\/schema\/logo\/image\/"},"sameAs":["https:\/\/x.com\/puertaslukasz","https:\/\/www.instagram.com\/puertaslukasz"]}]}},"_links":{"self":[{"href":"https:\/\/segurtotal.com\/ca\/wp-json\/wp\/v2\/pages\/2394","targetHints":{"allow":["GET"]}}],"collection":[{"href":"https:\/\/segurtotal.com\/ca\/wp-json\/wp\/v2\/pages"}],"about":[{"href":"https:\/\/segurtotal.com\/ca\/wp-json\/wp\/v2\/types\/page"}],"author":[{"embeddable":true,"href":"https:\/\/segurtotal.com\/ca\/wp-json\/wp\/v2\/users\/2"}],"replies":[{"embeddable":true,"href":"https:\/\/segurtotal.com\/ca\/wp-json\/wp\/v2\/comments?post=2394"}],"version-history":[{"count":10,"href":"https:\/\/segurtotal.com\/ca\/wp-json\/wp\/v2\/pages\/2394\/revisions"}],"predecessor-version":[{"id":2511,"href":"https:\/\/segurtotal.com\/ca\/wp-json\/wp\/v2\/pages\/2394\/revisions\/2511"}],"wp:attachment":[{"href":"https:\/\/segurtotal.com\/ca\/wp-json\/wp\/v2\/media?parent=2394"}],"curies":[{"name":"wp","href":"https:\/\/api.w.org\/{rel}","templated":true}]}}