{"id":2404,"date":"2025-01-18T05:56:02","date_gmt":"2025-01-18T05:56:02","guid":{"rendered":"https:\/\/puertasacorazadasbarcelona.com\/?page_id=2404"},"modified":"2025-01-18T05:56:03","modified_gmt":"2025-01-18T05:56:03","slug":"puertas_acorazadas","status":"publish","type":"page","link":"https:\/\/segurtotal.com\/ca\/puertas_acorazadas\/","title":{"rendered":"Portes Cuirassades"},"content":{"rendered":"<h1>PUERTAS ACORAZADAS<\/h1>\n\t\t\t\t<a href=\"https:\/\/www.puertaskiuso.com\/kiuso-100\/\" target=\"_blank\" rel=\"noopener\" itemprop=\"url\">\n\t\t\t\t<img loading=\"lazy\" decoding=\"async\" src=\"https:\/\/puertasacorazadasbarcelona.com\/wp-content\/uploads\/2024\/03\/3.png\" alt=\"3\" itemprop=\"image\" height=\"540\" width=\"960\" title=\"3\" onerror=\"this.style.display='none'\"  \/>\n\t\t\t\t<\/a>\n\t\t<p>K-100<\/p>\n<a href=\"https:\/\/www.puertaskiuso.com\/kiuso-100\/\" rel=\"noopener\" target=\"_blank\"><\/a>\t\n\t\t\t\t<a href=\"https:\/\/www.puertaskiuso.com\/kiuso-xxi\/\" target=\"_blank\" rel=\"noopener\" itemprop=\"url\">\n\t\t\t\t<img loading=\"lazy\" decoding=\"async\" src=\"https:\/\/puertasacorazadasbarcelona.com\/wp-content\/uploads\/2024\/03\/MG_0564.jpg-nggid03105-ngg0dyn-800x600-00f0w010c010r110f110r010t010.jpg\" alt=\"MG_0564.jpg-nggid03105-ngg0dyn-800x600-00f0w010c010r110f110r010t010\" itemprop=\"image\" height=\"533\" width=\"800\" title=\"MG_0564.jpg-nggid03105-ngg0dyn-800x600-00f0w010c010r110f110r010t010\" onerror=\"this.style.display='none'\"  \/>\n\t\t\t\t<\/a>\n\t\t<p>XXI<\/p>\n<a href=\"https:\/\/www.puertaskiuso.com\/kiuso-xxi\/\" rel=\"noopener\" target=\"_blank\"><\/a>\t\n\t\t\t\t<a href=\"https:\/\/www.puertaskiuso.com\/puerta-kronos\/\" target=\"_blank\" rel=\"noopener\" itemprop=\"url\">\n\t\t\t\t<img loading=\"lazy\" decoding=\"async\" src=\"https:\/\/puertasacorazadasbarcelona.com\/wp-content\/uploads\/2024\/03\/KRONOS-05-kronos-853x853-1.jpg\" alt=\"KRONOS-05-kronos-853x853-1\" itemprop=\"image\" height=\"853\" width=\"853\" title=\"KRONOS-05-kronos-853x853-1\" onerror=\"this.style.display='none'\"  \/>\n\t\t\t\t<\/a>\n\t\t<p>KRONOS<\/p>\n<a href=\"https:\/\/www.puertaskiuso.com\/puerta-kronos\/\" rel=\"noopener\" target=\"_blank\"><\/a>\t\n\t\t\t\t<a href=\"https:\/\/www.puertaskiuso.com\/zoe\/\" target=\"_blank\" rel=\"noopener\" itemprop=\"url\">\n\t\t\t\t<img loading=\"lazy\" decoding=\"async\" src=\"https:\/\/puertasacorazadasbarcelona.com\/wp-content\/uploads\/2024\/03\/ZOE-8-scaled-500x300-1.jpg\" alt=\"ZOE-8-scaled-500x300\" itemprop=\"image\" height=\"300\" width=\"500\" title=\"ZOE-8-scaled-500x300\" onerror=\"this.style.display='none'\"  \/>\n\t\t\t\t<\/a>\n\t\t<p>ZOE<\/p>\n<a href=\"https:\/\/www.puertaskiuso.com\/zoe\/\" rel=\"noopener\" target=\"_blank\"><\/a>\t\n\t\t\t\t<a href=\"https:\/\/www.puertaskiuso.com\/puertas-trastero\/\" target=\"_blank\" rel=\"noopener\" itemprop=\"url\">\n\t\t\t\t<img loading=\"lazy\" decoding=\"async\" src=\"https:\/\/puertasacorazadasbarcelona.com\/wp-content\/uploads\/2024\/03\/1-4.png\" alt=\"1-4\" itemprop=\"image\" height=\"1200\" width=\"1200\" title=\"1-4\" onerror=\"this.style.display='none'\"  \/>\n\t\t\t\t<\/a>\n\t\t<p>TRASTEROS<\/p>\n<a href=\"https:\/\/www.puertaskiuso.com\/puertas-trastero\/\" rel=\"noopener\" target=\"_blank\"><\/a>\t\n\t\t\t\t<a href=\"https:\/\/www.puertaskiuso.com\/clase-5-2\/\" target=\"_blank\" rel=\"noopener\" itemprop=\"url\">\n\t\t\t\t<img loading=\"lazy\" decoding=\"async\" src=\"https:\/\/puertasacorazadasbarcelona.com\/wp-content\/uploads\/2024\/03\/Grado-5-instalada-1024x1024-1.png\" alt=\"Grado-5-instalada-1024x1024\" itemprop=\"image\" height=\"1024\" width=\"1024\" title=\"Grado-5-instalada-1024x1024\" onerror=\"this.style.display='none'\"  \/>\n\t\t\t\t<\/a>\n\t\t<p>GRADO 5<\/p>\n<a href=\"https:\/\/www.puertaskiuso.com\/clase-5-2\/\" rel=\"noopener\" target=\"_blank\"><\/a>\t\n\t\t\t\t<a href=\"https:\/\/www.puertaskiuso.com\/puertas-muy-especiales\/\" target=\"_blank\" rel=\"noopener\" itemprop=\"url\">\n\t\t\t\t<img loading=\"lazy\" decoding=\"async\" src=\"https:\/\/puertasacorazadasbarcelona.com\/wp-content\/uploads\/2024\/03\/especial_2.jpg\" alt=\"especial_2\" itemprop=\"image\" height=\"448\" width=\"527\" title=\"especial_2\" onerror=\"this.style.display='none'\"  \/>\n\t\t\t\t<\/a>\n\t\t<p>ESPECIALES<\/p>\n<a href=\"https:\/\/www.puertaskiuso.com\/puertas-muy-especiales\/\" rel=\"noopener\" target=\"_blank\"><\/a>\t\n\t\t\t\t<a href=\"https:\/\/www.puertaskiuso.com\/puertas-cortafuegos\/\" target=\"_blank\" rel=\"noopener\" itemprop=\"url\">\n\t\t\t\t<img loading=\"lazy\" decoding=\"async\" src=\"https:\/\/puertasacorazadasbarcelona.com\/wp-content\/uploads\/2024\/03\/Ensayo-FIRE-07-puerta-sicur-400x400-01-800x800-1.jpg\" alt=\"Ensayo-FIRE-07-puerta-sicur-400x400-01-800x800\" itemprop=\"image\" height=\"400\" width=\"400\" title=\"Ensayo-FIRE-07-puerta-sicur-400x400-01-800x800\" onerror=\"this.style.display='none'\"  \/>\n\t\t\t\t<\/a>\n\t\t<p>FIRE<\/p>\n<p>MARINO<\/p>\n<a href=\"https:\/\/www.puertaskiuso.com\/puertas-cortafuegos\/\" rel=\"noopener\" target=\"_blank\"><\/a>\t\n\t\t\t\t<a href=\"https:\/\/www.puertaskiuso.com\/puerta-antibala-magnum\/\" target=\"_blank\" rel=\"noopener\" itemprop=\"url\">\n\t\t\t\t<img loading=\"lazy\" decoding=\"async\" src=\"https:\/\/puertasacorazadasbarcelona.com\/wp-content\/uploads\/2024\/03\/Magnum-800x800-01.jpg\" alt=\"Magnum-800x800-01\" itemprop=\"image\" height=\"800\" width=\"800\" title=\"Magnum-800x800-01\" onerror=\"this.style.display='none'\"  \/>\n\t\t\t\t<\/a>\n\t\t<p>ANTIBALAS<\/p>\n<a href=\"https:\/\/www.puertaskiuso.com\/puerta-antibala-magnum\/\" rel=\"noopener\" target=\"_blank\"><\/a>","protected":false},"excerpt":{"rendered":"<p>PUERTAS ACORAZADAS K-100 XXI KRONOS ZOE TRASTEROS GRADO 5 ESPECIALES FIRE MARINO ANTIBALAS<\/p>","protected":false},"author":2,"featured_media":0,"parent":0,"menu_order":0,"comment_status":"closed","ping_status":"closed","template":"","meta":{"_exactmetrics_skip_tracking":false,"_exactmetrics_sitenote_active":false,"_exactmetrics_sitenote_note":"","_exactmetrics_sitenote_category":0,"_joinchat":[],"footnotes":""},"class_list":["post-2404","page","type-page","status-publish","hentry"],"yoast_head":"<!-- This site is optimized with the Yoast SEO plugin v26.6 - https:\/\/yoast.com\/wordpress\/plugins\/seo\/ -->\n<title>Puertas Acorazadas Kiuso - Seguridad en Barcelona<\/title>\n<meta name=\"description\" content=\"Descubre las puertas acorazadas Kiuso. M\u00e1s de 45 a\u00f1os de innovaci\u00f3n y seguridad certificada para hogares, empresas y \u00e1reas cr\u00edticas.\" \/>\n<meta name=\"robots\" content=\"index, follow, max-snippet:-1, max-image-preview:large, max-video-preview:-1\" \/>\n<link rel=\"canonical\" href=\"https:\/\/segurtotal.com\/ca\/puertas_acorazadas\/\" \/>\n<meta property=\"og:locale\" content=\"ca_ES\" \/>\n<meta property=\"og:type\" content=\"article\" \/>\n<meta property=\"og:title\" content=\"Puertas Acorazadas Kiuso - Seguridad en Barcelona\" \/>\n<meta property=\"og:description\" content=\"Descubre las puertas acorazadas Kiuso. M\u00e1s de 45 a\u00f1os de innovaci\u00f3n y seguridad certificada para hogares, empresas y \u00e1reas cr\u00edticas.\" \/>\n<meta property=\"og:url\" content=\"https:\/\/segurtotal.com\/ca\/puertas_acorazadas\/\" \/>\n<meta property=\"og:site_name\" content=\"Segur Total Puertas Acorazadas Barcelona\" \/>\n<meta property=\"article:modified_time\" content=\"2025-01-18T05:56:03+00:00\" \/>\n<meta property=\"og:image\" content=\"https:\/\/puertasacorazadasbarcelona.com\/wp-content\/uploads\/2024\/03\/3.png\" \/>\n<meta name=\"twitter:card\" content=\"summary_large_image\" \/>\n<meta name=\"twitter:site\" content=\"@puertaslukasz\" \/>\n<meta name=\"twitter:label1\" content=\"Temps estimat de lectura\" \/>\n\t<meta name=\"twitter:data1\" content=\"3 minuts\" \/>\n<script type=\"application\/ld+json\" class=\"yoast-schema-graph\">{\"@context\":\"https:\/\/schema.org\",\"@graph\":[{\"@type\":\"WebPage\",\"@id\":\"https:\/\/segurtotal.com\/ca\/puertas_acorazadas\/\",\"url\":\"https:\/\/segurtotal.com\/ca\/puertas_acorazadas\/\",\"name\":\"Puertas Acorazadas Kiuso - Seguridad en Barcelona\",\"isPartOf\":{\"@id\":\"https:\/\/segurtotal.com\/#website\"},\"primaryImageOfPage\":{\"@id\":\"https:\/\/segurtotal.com\/ca\/puertas_acorazadas\/#primaryimage\"},\"image\":{\"@id\":\"https:\/\/segurtotal.com\/ca\/puertas_acorazadas\/#primaryimage\"},\"thumbnailUrl\":\"https:\/\/puertasacorazadasbarcelona.com\/wp-content\/uploads\/2024\/03\/3.png\",\"datePublished\":\"2025-01-18T05:56:02+00:00\",\"dateModified\":\"2025-01-18T05:56:03+00:00\",\"description\":\"Descubre las puertas acorazadas Kiuso. M\u00e1s de 45 a\u00f1os de innovaci\u00f3n y seguridad certificada para hogares, empresas y \u00e1reas cr\u00edticas.\",\"breadcrumb\":{\"@id\":\"https:\/\/segurtotal.com\/ca\/puertas_acorazadas\/#breadcrumb\"},\"inLanguage\":\"ca\",\"potentialAction\":[{\"@type\":\"ReadAction\",\"target\":[\"https:\/\/segurtotal.com\/ca\/puertas_acorazadas\/\"]}]},{\"@type\":\"ImageObject\",\"inLanguage\":\"ca\",\"@id\":\"https:\/\/segurtotal.com\/ca\/puertas_acorazadas\/#primaryimage\",\"url\":\"https:\/\/puertasacorazadasbarcelona.com\/wp-content\/uploads\/2024\/03\/3.png\",\"contentUrl\":\"https:\/\/puertasacorazadasbarcelona.com\/wp-content\/uploads\/2024\/03\/3.png\"},{\"@type\":\"BreadcrumbList\",\"@id\":\"https:\/\/segurtotal.com\/ca\/puertas_acorazadas\/#breadcrumb\",\"itemListElement\":[{\"@type\":\"ListItem\",\"position\":1,\"name\":\"Portada\",\"item\":\"https:\/\/segurtotal.com\/\"},{\"@type\":\"ListItem\",\"position\":2,\"name\":\"Puertas Acorazadas\"}]},{\"@type\":\"WebSite\",\"@id\":\"https:\/\/segurtotal.com\/#website\",\"url\":\"https:\/\/segurtotal.com\/\",\"name\":\"Puertas Acorazadas Barcelona\",\"description\":\"Venta e instalaci&oacute;n de puertas de seguridad\",\"publisher\":{\"@id\":\"https:\/\/segurtotal.com\/#organization\"},\"alternateName\":\"Puertas Acorazadas Barcelona\",\"potentialAction\":[{\"@type\":\"SearchAction\",\"target\":{\"@type\":\"EntryPoint\",\"urlTemplate\":\"https:\/\/segurtotal.com\/?s={search_term_string}\"},\"query-input\":{\"@type\":\"PropertyValueSpecification\",\"valueRequired\":true,\"valueName\":\"search_term_string\"}}],\"inLanguage\":\"ca\"},{\"@type\":\"Organization\",\"@id\":\"https:\/\/segurtotal.com\/#organization\",\"name\":\"Seguretat Total Puertas Acorazadas Barcelona\",\"alternateName\":\"Seguretat Total Puertas Acorazadas Barcelona\",\"url\":\"https:\/\/segurtotal.com\/\",\"logo\":{\"@type\":\"ImageObject\",\"inLanguage\":\"ca\",\"@id\":\"https:\/\/segurtotal.com\/#\/schema\/logo\/image\/\",\"url\":\"https:\/\/segurtotal.com\/wp-content\/uploads\/2025\/06\/Favicon.jpeg\",\"contentUrl\":\"https:\/\/segurtotal.com\/wp-content\/uploads\/2025\/06\/Favicon.jpeg\",\"width\":1444,\"height\":1080,\"caption\":\"Seguretat Total Puertas Acorazadas Barcelona\"},\"image\":{\"@id\":\"https:\/\/segurtotal.com\/#\/schema\/logo\/image\/\"},\"sameAs\":[\"https:\/\/x.com\/puertaslukasz\",\"https:\/\/www.instagram.com\/puertaslukasz\"]}]}<\/script>\n<!-- \/ Yoast SEO plugin. -->","yoast_head_json":{"title":"Puertas Acorazadas Kiuso - Seguridad en Barcelona","description":"Descubre las puertas acorazadas Kiuso. M\u00e1s de 45 a\u00f1os de innovaci\u00f3n y seguridad certificada para hogares, empresas y \u00e1reas cr\u00edticas.","robots":{"index":"index","follow":"follow","max-snippet":"max-snippet:-1","max-image-preview":"max-image-preview:large","max-video-preview":"max-video-preview:-1"},"canonical":"https:\/\/segurtotal.com\/ca\/puertas_acorazadas\/","og_locale":"ca_ES","og_type":"article","og_title":"Puertas Acorazadas Kiuso - Seguridad en Barcelona","og_description":"Descubre las puertas acorazadas Kiuso. M\u00e1s de 45 a\u00f1os de innovaci\u00f3n y seguridad certificada para hogares, empresas y \u00e1reas cr\u00edticas.","og_url":"https:\/\/segurtotal.com\/ca\/puertas_acorazadas\/","og_site_name":"Segur Total Puertas Acorazadas Barcelona","article_modified_time":"2025-01-18T05:56:03+00:00","og_image":[{"url":"https:\/\/puertasacorazadasbarcelona.com\/wp-content\/uploads\/2024\/03\/3.png","type":"","width":"","height":""}],"twitter_card":"summary_large_image","twitter_site":"@puertaslukasz","twitter_misc":{"Temps estimat de lectura":"3 minuts"},"schema":{"@context":"https:\/\/schema.org","@graph":[{"@type":"WebPage","@id":"https:\/\/segurtotal.com\/ca\/puertas_acorazadas\/","url":"https:\/\/segurtotal.com\/ca\/puertas_acorazadas\/","name":"Puertas Acorazadas Kiuso - Seguridad en Barcelona","isPartOf":{"@id":"https:\/\/segurtotal.com\/#website"},"primaryImageOfPage":{"@id":"https:\/\/segurtotal.com\/ca\/puertas_acorazadas\/#primaryimage"},"image":{"@id":"https:\/\/segurtotal.com\/ca\/puertas_acorazadas\/#primaryimage"},"thumbnailUrl":"https:\/\/puertasacorazadasbarcelona.com\/wp-content\/uploads\/2024\/03\/3.png","datePublished":"2025-01-18T05:56:02+00:00","dateModified":"2025-01-18T05:56:03+00:00","description":"Descubre las puertas acorazadas Kiuso. M\u00e1s de 45 a\u00f1os de innovaci\u00f3n y seguridad certificada para hogares, empresas y \u00e1reas cr\u00edticas.","breadcrumb":{"@id":"https:\/\/segurtotal.com\/ca\/puertas_acorazadas\/#breadcrumb"},"inLanguage":"ca","potentialAction":[{"@type":"ReadAction","target":["https:\/\/segurtotal.com\/ca\/puertas_acorazadas\/"]}]},{"@type":"ImageObject","inLanguage":"ca","@id":"https:\/\/segurtotal.com\/ca\/puertas_acorazadas\/#primaryimage","url":"https:\/\/puertasacorazadasbarcelona.com\/wp-content\/uploads\/2024\/03\/3.png","contentUrl":"https:\/\/puertasacorazadasbarcelona.com\/wp-content\/uploads\/2024\/03\/3.png"},{"@type":"BreadcrumbList","@id":"https:\/\/segurtotal.com\/ca\/puertas_acorazadas\/#breadcrumb","itemListElement":[{"@type":"ListItem","position":1,"name":"Portada","item":"https:\/\/segurtotal.com\/"},{"@type":"ListItem","position":2,"name":"Puertas Acorazadas"}]},{"@type":"WebSite","@id":"https:\/\/segurtotal.com\/#website","url":"https:\/\/segurtotal.com\/","name":"Portes blindades Barcelona","description":"Venta e instalaci&oacute;n de puertas de seguridad","publisher":{"@id":"https:\/\/segurtotal.com\/#organization"},"alternateName":"Puertas Acorazadas Barcelona","potentialAction":[{"@type":"SearchAction","target":{"@type":"EntryPoint","urlTemplate":"https:\/\/segurtotal.com\/?s={search_term_string}"},"query-input":{"@type":"PropertyValueSpecification","valueRequired":true,"valueName":"search_term_string"}}],"inLanguage":"ca"},{"@type":"Organization","@id":"https:\/\/segurtotal.com\/#organization","name":"Seguretat Total Puertas Acorazadas Barcelona","alternateName":"Seguretat Total Puertas Acorazadas Barcelona","url":"https:\/\/segurtotal.com\/","logo":{"@type":"ImageObject","inLanguage":"ca","@id":"https:\/\/segurtotal.com\/#\/schema\/logo\/image\/","url":"https:\/\/segurtotal.com\/wp-content\/uploads\/2025\/06\/Favicon.jpeg","contentUrl":"https:\/\/segurtotal.com\/wp-content\/uploads\/2025\/06\/Favicon.jpeg","width":1444,"height":1080,"caption":"Seguretat Total Puertas Acorazadas Barcelona"},"image":{"@id":"https:\/\/segurtotal.com\/#\/schema\/logo\/image\/"},"sameAs":["https:\/\/x.com\/puertaslukasz","https:\/\/www.instagram.com\/puertaslukasz"]}]}},"_links":{"self":[{"href":"https:\/\/segurtotal.com\/ca\/wp-json\/wp\/v2\/pages\/2404","targetHints":{"allow":["GET"]}}],"collection":[{"href":"https:\/\/segurtotal.com\/ca\/wp-json\/wp\/v2\/pages"}],"about":[{"href":"https:\/\/segurtotal.com\/ca\/wp-json\/wp\/v2\/types\/page"}],"author":[{"embeddable":true,"href":"https:\/\/segurtotal.com\/ca\/wp-json\/wp\/v2\/users\/2"}],"replies":[{"embeddable":true,"href":"https:\/\/segurtotal.com\/ca\/wp-json\/wp\/v2\/comments?post=2404"}],"version-history":[{"count":10,"href":"https:\/\/segurtotal.com\/ca\/wp-json\/wp\/v2\/pages\/2404\/revisions"}],"predecessor-version":[{"id":2718,"href":"https:\/\/segurtotal.com\/ca\/wp-json\/wp\/v2\/pages\/2404\/revisions\/2718"}],"wp:attachment":[{"href":"https:\/\/segurtotal.com\/ca\/wp-json\/wp\/v2\/media?parent=2404"}],"curies":[{"name":"wp","href":"https:\/\/api.w.org\/{rel}","templated":true}]}}