{"id":2441,"date":"2024-04-02T22:06:00","date_gmt":"2024-04-02T22:06:00","guid":{"rendered":"https:\/\/puertasacorazadasbarcelona.com\/?page_id=2441"},"modified":"2025-01-17T15:07:16","modified_gmt":"2025-01-17T15:07:16","slug":"chapas","status":"publish","type":"page","link":"https:\/\/segurtotal.com\/ca\/chapas\/","title":{"rendered":"Chapas"},"content":{"rendered":"<h1>CHAPAS HEBS<\/h1>\n\t\t\t<img decoding=\"async\" loading='false' src=\"https:\/\/puertasacorazadasbarcelona.com\/wp-content\/uploads\/2024\/03\/Magnum-1200x800-06.jpg\" alt=\"\" \/>\t\t\t\n\t\t\t<img decoding=\"async\" loading='false' src=\"https:\/\/puertasacorazadasbarcelona.com\/wp-content\/uploads\/2024\/03\/Magnum-1200x800-04.jpg\" alt=\"\" \/>\t\t\t\n\t\t\t<img decoding=\"async\" loading='false' src=\"https:\/\/puertasacorazadasbarcelona.com\/wp-content\/uploads\/2024\/03\/Magnum-1200x800-03.jpg\" alt=\"\" \/>\t\t\t\n\t\t\t\t<a href=\"#\" aria-label=\"previous\" role=\"button\">\n<\/a>\n\t\t\t\t<a href=\"#\" aria-label=\"next\" role=\"button\">\n<\/a>\n\t<p>CHAPA BLINDADAS HEBS CERTIFICADA EN BR2 Y BR4<\/p>\n<p>SEG\u00daN LA NORMA UNE 108132:2002\/1M:2013<\/p>\n<p><a href=\"https:\/\/www.puertaskiuso.com\/chapa-antibala-hebs\/\"><u>CON CERTIFICADO AENOR DE PRODUCTO<\/u><\/a><\/p>\n<p><strong>\u00a0<\/strong><\/p>\n<p><strong>Modelos:\u00a0 \u00a0 \u00a0 \u00a0 \u00a0 \u00a0 \u00a0 \u00a0 \u00a0 \u00a0 \u00a0 \u00a0 \u00a0 \u00a0 \u00a0 <a href=\"https:\/\/www.puertaskiuso.com\/chapa-antibala-hebs\/\">HEBS 4<\/a><\/strong> y <a href=\"https:\/\/www.puertaskiuso.com\/chapa-antibala-hebs\/\"><strong>HEBS 5<\/strong><\/a><\/p>\n<p><strong>Grado de Seguridad:\u00a0 \u00a0 \u00a0 \u00a0 <\/strong>BR2 para Hebs4 \/ BR4\u00a0para Hebs5<\/p>\n<p><strong>Espesor:\u00a0 \u00a0 \u00a0 \u00a0 \u00a0 \u00a0 \u00a0 \u00a0 \u00a0 \u00a0 \u00a0 \u00a0 \u00a0 \u00a0 \u00a0 \u00a0<\/strong>Hebs4: 4 mm\u00a0 \/ Hebs5: 5 mm<\/p>\n<p><strong>Tama\u00f1o:<\/strong>\u00a0 \u00a0 \u00a0 \u00a0 \u00a0 \u00a0 \u00a0 \u00a0 \u00a0 \u00a0 \u00a0 \u00a0 \u00a0 \u00a0 \u00a0 \u00a0Standard 1mx1m<\/p>\n<p>Para grandes cantidades se puede consultar otras medidas.<\/p>\n\t<p><strong>CARACTERISTICAS T\u00c9CNICAS <\/strong><\/p>\n<p>Las chapas Hebs (High Endurence Ballistic Steel) son:<\/p>\n<ul>\n<li>Chapas bal\u00edsticas de altas prestaciones para blindajes de paredes, aplicables a armer\u00edas, bunker y \u00abhabitaciones de p\u00e1nico\u00bb.<\/li>\n<li>Certificadas como antibala en grado BR2 para Hebs4 y BR4 para Hebs 5<\/li>\n<li>Es posible su corte y taladro con la herramienta adecuada.<\/li>\n<li>Posibilidad de soldadura.<\/li>\n<li>Posibilidad de ser pintadas.<\/li>\n<\/ul>\n<p><strong>\u00a0<\/strong><\/p>\n<p><strong>DETALLES DEL ENSAYO<\/strong><\/p>\n<p><strong><u>HEBS 4<\/u><\/strong><strong>:<\/strong><\/p>\n<ul>\n<li>Calibre de la bala 9&#215;19 mm blindada en acero, bala con punta redondeada y n\u00facleo de plomo de 8,0 g (9 mm parabellum).<\/li>\n<li>Disparo con ca\u00f1\u00f3n probeta.<\/li>\n<li>Distancia del tiro para impacto: 5m.<\/li>\n<li>Velocidad del impacto: 440 +\/- 10 m\/segundo.<\/li>\n<\/ul>\n<p><strong><u>HEBS 5<\/u><\/strong><strong>:<\/strong><\/p>\n<ul>\n<li>Calibre de la bala 44 MAG blindada en aleaci\u00f3n de cobre, cilindro-c\u00f3nica truncada, con n\u00facleo de plomo de 15,6 g (calibre 44 Magnum).<\/li>\n<li>Disparo con ca\u00f1\u00f3n probeta.<\/li>\n<li>Distancia del tiro para impacto: 5m.<\/li>\n<li>Velocidad del impacto: 440 +\/- 10 m\/segundo.<\/li>\n<\/ul>\n\t\t\t\t<img loading=\"lazy\" decoding=\"async\" src=\"https:\/\/puertasacorazadasbarcelona.com\/wp-content\/uploads\/2024\/04\/Chapa-hebs4-BR2-400x400-01.jpg\" alt=\"Chapa-hebs4-BR2-400x400-01\" itemprop=\"image\" height=\"400\" width=\"400\" title=\"Chapa-hebs4-BR2-400x400-01\" onerror=\"this.style.display='none'\"  \/>\n\t\t\t\t<img loading=\"lazy\" decoding=\"async\" src=\"https:\/\/puertasacorazadasbarcelona.com\/wp-content\/uploads\/2024\/04\/AENOR-Hebs-4.jpg\" alt=\"AENOR-Hebs-4\" itemprop=\"image\" height=\"509\" width=\"282\" title=\"AENOR-Hebs-4\" onerror=\"this.style.display='none'\"  \/>\n\t\t\t\t<img loading=\"lazy\" decoding=\"async\" src=\"https:\/\/puertasacorazadasbarcelona.com\/wp-content\/uploads\/2024\/04\/Chapa-hebs5-BR4-400x400-01.jpg\" alt=\"Chapa-hebs5-BR4-400x400-01\" itemprop=\"image\" height=\"400\" width=\"400\" title=\"Chapa-hebs5-BR4-400x400-01\" onerror=\"this.style.display='none'\"  \/>\n\t\t\t\t<img loading=\"lazy\" decoding=\"async\" src=\"https:\/\/puertasacorazadasbarcelona.com\/wp-content\/uploads\/2024\/04\/AENOR-Hebs-5.jpg\" alt=\"AENOR-Hebs-5\" itemprop=\"image\" height=\"509\" width=\"282\" title=\"AENOR-Hebs-5\" onerror=\"this.style.display='none'\"  \/>","protected":false},"excerpt":{"rendered":"<p>CHAPAS HEBS CHAPA BLINDADAS HEBS CERTIFICADA EN BR2 Y BR4 SEG\u00daN LA NORMA UNE 108132:2002\/1M:2013 CON CERTIFICADO AENOR DE PRODUCTO \u00a0 Modelos:\u00a0 \u00a0 \u00a0 \u00a0 \u00a0 \u00a0 \u00a0 \u00a0 \u00a0 \u00a0 \u00a0 \u00a0 \u00a0 \u00a0 \u00a0 HEBS 4 y HEBS 5 Grado de Seguridad:\u00a0 \u00a0 \u00a0 \u00a0 BR2 para Hebs4 \/ BR4\u00a0para Hebs5 Espesor:\u00a0 \u00a0<a class=\"moretag\" href=\"https:\/\/segurtotal.com\/ca\/chapas\/\"><span class=\"screen-reader-text\">Read more about Chapas<\/span>[&#8230;]<\/a><\/p>","protected":false},"author":2,"featured_media":0,"parent":0,"menu_order":0,"comment_status":"closed","ping_status":"closed","template":"","meta":{"_exactmetrics_skip_tracking":false,"_exactmetrics_sitenote_active":false,"_exactmetrics_sitenote_note":"","_exactmetrics_sitenote_category":0,"_joinchat":[],"footnotes":""},"class_list":["post-2441","page","type-page","status-publish","hentry"],"yoast_head":"<!-- This site is optimized with the Yoast SEO plugin v26.6 - https:\/\/yoast.com\/wordpress\/plugins\/seo\/ -->\n<title>Chapas Blindadas HEBS en Barcelona - M\u00e1xima Seguridad<\/title>\n<meta name=\"description\" content=\"Compra chapas HEBS certificadas BR2 y BR4 en Barcelona para blindaje de paredes y armer\u00edas. Cont\u00e1ctanos para m\u00e1s informaci\u00f3n y precios.\" \/>\n<meta name=\"robots\" content=\"index, follow, max-snippet:-1, max-image-preview:large, max-video-preview:-1\" \/>\n<link rel=\"canonical\" href=\"https:\/\/segurtotal.com\/ca\/chapas\/\" \/>\n<meta property=\"og:locale\" content=\"ca_ES\" \/>\n<meta property=\"og:type\" content=\"article\" \/>\n<meta property=\"og:title\" content=\"Chapas Blindadas HEBS en Barcelona - M\u00e1xima Seguridad\" \/>\n<meta property=\"og:description\" content=\"Compra chapas HEBS certificadas BR2 y BR4 en Barcelona para blindaje de paredes y armer\u00edas. Cont\u00e1ctanos para m\u00e1s informaci\u00f3n y precios.\" \/>\n<meta property=\"og:url\" content=\"https:\/\/segurtotal.com\/ca\/chapas\/\" \/>\n<meta property=\"og:site_name\" content=\"Segur Total Puertas Acorazadas Barcelona\" \/>\n<meta property=\"article:modified_time\" content=\"2025-01-17T15:07:16+00:00\" \/>\n<meta property=\"og:image\" content=\"https:\/\/puertasacorazadasbarcelona.com\/wp-content\/uploads\/2024\/03\/Magnum-1200x800-06.jpg\" \/>\n<meta name=\"twitter:card\" content=\"summary_large_image\" \/>\n<meta name=\"twitter:site\" content=\"@puertaslukasz\" \/>\n<meta name=\"twitter:label1\" content=\"Temps estimat de lectura\" \/>\n\t<meta name=\"twitter:data1\" content=\"3 minuts\" \/>\n<script type=\"application\/ld+json\" class=\"yoast-schema-graph\">{\"@context\":\"https:\/\/schema.org\",\"@graph\":[{\"@type\":\"WebPage\",\"@id\":\"https:\/\/segurtotal.com\/chapas\/\",\"url\":\"https:\/\/segurtotal.com\/chapas\/\",\"name\":\"Chapas Blindadas HEBS en Barcelona - M\u00e1xima Seguridad\",\"isPartOf\":{\"@id\":\"https:\/\/segurtotal.com\/#website\"},\"primaryImageOfPage\":{\"@id\":\"https:\/\/segurtotal.com\/chapas\/#primaryimage\"},\"image\":{\"@id\":\"https:\/\/segurtotal.com\/chapas\/#primaryimage\"},\"thumbnailUrl\":\"https:\/\/puertasacorazadasbarcelona.com\/wp-content\/uploads\/2024\/03\/Magnum-1200x800-06.jpg\",\"datePublished\":\"2024-04-02T22:06:00+00:00\",\"dateModified\":\"2025-01-17T15:07:16+00:00\",\"description\":\"Compra chapas HEBS certificadas BR2 y BR4 en Barcelona para blindaje de paredes y armer\u00edas. Cont\u00e1ctanos para m\u00e1s informaci\u00f3n y precios.\",\"breadcrumb\":{\"@id\":\"https:\/\/segurtotal.com\/chapas\/#breadcrumb\"},\"inLanguage\":\"ca\",\"potentialAction\":[{\"@type\":\"ReadAction\",\"target\":[\"https:\/\/segurtotal.com\/chapas\/\"]}]},{\"@type\":\"ImageObject\",\"inLanguage\":\"ca\",\"@id\":\"https:\/\/segurtotal.com\/chapas\/#primaryimage\",\"url\":\"https:\/\/puertasacorazadasbarcelona.com\/wp-content\/uploads\/2024\/03\/Magnum-1200x800-06.jpg\",\"contentUrl\":\"https:\/\/puertasacorazadasbarcelona.com\/wp-content\/uploads\/2024\/03\/Magnum-1200x800-06.jpg\"},{\"@type\":\"BreadcrumbList\",\"@id\":\"https:\/\/segurtotal.com\/chapas\/#breadcrumb\",\"itemListElement\":[{\"@type\":\"ListItem\",\"position\":1,\"name\":\"Portada\",\"item\":\"https:\/\/segurtotal.com\/\"},{\"@type\":\"ListItem\",\"position\":2,\"name\":\"Chapas\"}]},{\"@type\":\"WebSite\",\"@id\":\"https:\/\/segurtotal.com\/#website\",\"url\":\"https:\/\/segurtotal.com\/\",\"name\":\"Puertas Acorazadas Barcelona\",\"description\":\"Venta e instalaci&oacute;n de puertas de seguridad\",\"publisher\":{\"@id\":\"https:\/\/segurtotal.com\/#organization\"},\"alternateName\":\"Puertas Acorazadas Barcelona\",\"potentialAction\":[{\"@type\":\"SearchAction\",\"target\":{\"@type\":\"EntryPoint\",\"urlTemplate\":\"https:\/\/segurtotal.com\/?s={search_term_string}\"},\"query-input\":{\"@type\":\"PropertyValueSpecification\",\"valueRequired\":true,\"valueName\":\"search_term_string\"}}],\"inLanguage\":\"ca\"},{\"@type\":\"Organization\",\"@id\":\"https:\/\/segurtotal.com\/#organization\",\"name\":\"Seguretat Total Puertas Acorazadas Barcelona\",\"alternateName\":\"Seguretat Total Puertas Acorazadas Barcelona\",\"url\":\"https:\/\/segurtotal.com\/\",\"logo\":{\"@type\":\"ImageObject\",\"inLanguage\":\"ca\",\"@id\":\"https:\/\/segurtotal.com\/#\/schema\/logo\/image\/\",\"url\":\"https:\/\/segurtotal.com\/wp-content\/uploads\/2025\/06\/Favicon.jpeg\",\"contentUrl\":\"https:\/\/segurtotal.com\/wp-content\/uploads\/2025\/06\/Favicon.jpeg\",\"width\":1444,\"height\":1080,\"caption\":\"Seguretat Total Puertas Acorazadas Barcelona\"},\"image\":{\"@id\":\"https:\/\/segurtotal.com\/#\/schema\/logo\/image\/\"},\"sameAs\":[\"https:\/\/x.com\/puertaslukasz\",\"https:\/\/www.instagram.com\/puertaslukasz\"]}]}<\/script>\n<!-- \/ Yoast SEO plugin. -->","yoast_head_json":{"title":"Chapas Blindadas HEBS en Barcelona - M\u00e1xima Seguridad","description":"Compra chapas HEBS certificadas BR2 y BR4 en Barcelona para blindaje de paredes y armer\u00edas. Cont\u00e1ctanos para m\u00e1s informaci\u00f3n y precios.","robots":{"index":"index","follow":"follow","max-snippet":"max-snippet:-1","max-image-preview":"max-image-preview:large","max-video-preview":"max-video-preview:-1"},"canonical":"https:\/\/segurtotal.com\/ca\/chapas\/","og_locale":"ca_ES","og_type":"article","og_title":"Chapas Blindadas HEBS en Barcelona - M\u00e1xima Seguridad","og_description":"Compra chapas HEBS certificadas BR2 y BR4 en Barcelona para blindaje de paredes y armer\u00edas. Cont\u00e1ctanos para m\u00e1s informaci\u00f3n y precios.","og_url":"https:\/\/segurtotal.com\/ca\/chapas\/","og_site_name":"Segur Total Puertas Acorazadas Barcelona","article_modified_time":"2025-01-17T15:07:16+00:00","og_image":[{"url":"https:\/\/puertasacorazadasbarcelona.com\/wp-content\/uploads\/2024\/03\/Magnum-1200x800-06.jpg","type":"","width":"","height":""}],"twitter_card":"summary_large_image","twitter_site":"@puertaslukasz","twitter_misc":{"Temps estimat de lectura":"3 minuts"},"schema":{"@context":"https:\/\/schema.org","@graph":[{"@type":"WebPage","@id":"https:\/\/segurtotal.com\/chapas\/","url":"https:\/\/segurtotal.com\/chapas\/","name":"Chapas Blindadas HEBS en Barcelona - M\u00e1xima Seguridad","isPartOf":{"@id":"https:\/\/segurtotal.com\/#website"},"primaryImageOfPage":{"@id":"https:\/\/segurtotal.com\/chapas\/#primaryimage"},"image":{"@id":"https:\/\/segurtotal.com\/chapas\/#primaryimage"},"thumbnailUrl":"https:\/\/puertasacorazadasbarcelona.com\/wp-content\/uploads\/2024\/03\/Magnum-1200x800-06.jpg","datePublished":"2024-04-02T22:06:00+00:00","dateModified":"2025-01-17T15:07:16+00:00","description":"Compra chapas HEBS certificadas BR2 y BR4 en Barcelona para blindaje de paredes y armer\u00edas. Cont\u00e1ctanos para m\u00e1s informaci\u00f3n y precios.","breadcrumb":{"@id":"https:\/\/segurtotal.com\/chapas\/#breadcrumb"},"inLanguage":"ca","potentialAction":[{"@type":"ReadAction","target":["https:\/\/segurtotal.com\/chapas\/"]}]},{"@type":"ImageObject","inLanguage":"ca","@id":"https:\/\/segurtotal.com\/chapas\/#primaryimage","url":"https:\/\/puertasacorazadasbarcelona.com\/wp-content\/uploads\/2024\/03\/Magnum-1200x800-06.jpg","contentUrl":"https:\/\/puertasacorazadasbarcelona.com\/wp-content\/uploads\/2024\/03\/Magnum-1200x800-06.jpg"},{"@type":"BreadcrumbList","@id":"https:\/\/segurtotal.com\/chapas\/#breadcrumb","itemListElement":[{"@type":"ListItem","position":1,"name":"Portada","item":"https:\/\/segurtotal.com\/"},{"@type":"ListItem","position":2,"name":"Chapas"}]},{"@type":"WebSite","@id":"https:\/\/segurtotal.com\/#website","url":"https:\/\/segurtotal.com\/","name":"Portes blindades Barcelona","description":"Venta e instalaci&oacute;n de puertas de seguridad","publisher":{"@id":"https:\/\/segurtotal.com\/#organization"},"alternateName":"Puertas Acorazadas Barcelona","potentialAction":[{"@type":"SearchAction","target":{"@type":"EntryPoint","urlTemplate":"https:\/\/segurtotal.com\/?s={search_term_string}"},"query-input":{"@type":"PropertyValueSpecification","valueRequired":true,"valueName":"search_term_string"}}],"inLanguage":"ca"},{"@type":"Organization","@id":"https:\/\/segurtotal.com\/#organization","name":"Seguretat Total Puertas Acorazadas Barcelona","alternateName":"Seguretat Total Puertas Acorazadas Barcelona","url":"https:\/\/segurtotal.com\/","logo":{"@type":"ImageObject","inLanguage":"ca","@id":"https:\/\/segurtotal.com\/#\/schema\/logo\/image\/","url":"https:\/\/segurtotal.com\/wp-content\/uploads\/2025\/06\/Favicon.jpeg","contentUrl":"https:\/\/segurtotal.com\/wp-content\/uploads\/2025\/06\/Favicon.jpeg","width":1444,"height":1080,"caption":"Seguretat Total Puertas Acorazadas Barcelona"},"image":{"@id":"https:\/\/segurtotal.com\/#\/schema\/logo\/image\/"},"sameAs":["https:\/\/x.com\/puertaslukasz","https:\/\/www.instagram.com\/puertaslukasz"]}]}},"_links":{"self":[{"href":"https:\/\/segurtotal.com\/ca\/wp-json\/wp\/v2\/pages\/2441","targetHints":{"allow":["GET"]}}],"collection":[{"href":"https:\/\/segurtotal.com\/ca\/wp-json\/wp\/v2\/pages"}],"about":[{"href":"https:\/\/segurtotal.com\/ca\/wp-json\/wp\/v2\/types\/page"}],"author":[{"embeddable":true,"href":"https:\/\/segurtotal.com\/ca\/wp-json\/wp\/v2\/users\/2"}],"replies":[{"embeddable":true,"href":"https:\/\/segurtotal.com\/ca\/wp-json\/wp\/v2\/comments?post=2441"}],"version-history":[{"count":9,"href":"https:\/\/segurtotal.com\/ca\/wp-json\/wp\/v2\/pages\/2441\/revisions"}],"predecessor-version":[{"id":2692,"href":"https:\/\/segurtotal.com\/ca\/wp-json\/wp\/v2\/pages\/2441\/revisions\/2692"}],"wp:attachment":[{"href":"https:\/\/segurtotal.com\/ca\/wp-json\/wp\/v2\/media?parent=2441"}],"curies":[{"name":"wp","href":"https:\/\/api.w.org\/{rel}","templated":true}]}}