{"id":324,"date":"2019-02-02T15:48:55","date_gmt":"2019-02-02T15:48:55","guid":{"rendered":"http:\/\/instalacionesacorazadas.com\/?page_id=324"},"modified":"2024-04-25T14:03:38","modified_gmt":"2024-04-25T14:03:38","slug":"politica-de-privacidad","status":"publish","type":"page","link":"https:\/\/segurtotal.com\/ca\/politica-de-privacidad\/","title":{"rendered":"Pol\u00edtica de privacidad"},"content":{"rendered":"<p>Tu privacidad es importante para nosotros. En esta declaraci\u00f3n de privacidad se explica qu\u00e9 datos personales recopilamos de nuestros usuarios y c\u00f3mo los utilizamos. Te animamos a leer detenidamente estos t\u00e9rminos antes de facilitar tus datos personales en esta web.<\/p>\n<p>&nbsp;<\/p>\n<p>En esta web se respetan y cuidan los datos personales de los usuarios. Como usuario debes saber que tus derechos est\u00e1n garantizados.<\/p>\n<p>Nos hemos esforzado en crear un espacio seguro y confiable y por eso queremos compartir nuestros principios respecto a tu privacidad:<\/p>\n<p>&nbsp;<\/p>\n<ul>\n<li>Nunca solicitamos informaci\u00f3n personal a menos que realmente sea necesaria para prestarte los servicios que nos requieras.<\/li>\n<li>Nunca compartimos informaci\u00f3n personal de nuestros usuarios con nadie, excepto para cumplir con la ley o en caso que contemos con tu autorizaci\u00f3n expresa.<\/li>\n<li>Nunca utilizaremos tus datos personales con una finalidad diferente a la expresada en esta pol\u00edtica de privacidad.<\/li>\n<\/ul>\n<p>&nbsp;<\/p>\n<p>Es preciso advertir que esta Pol\u00edtica de Privacidad podr\u00eda variar en funci\u00f3n de exigencias legislativas o de autorregulaci\u00f3n, por lo que se aconseja a los usuarios que la visiten peri\u00f3dicamente. Ser\u00e1 aplicable en caso de que los usuarios decidan rellenar alg\u00fan formulario de cualquiera de sus formularios de contacto donde se recaben datos de car\u00e1cter personal. Instalaciones Acorazadas ha optimizado esta web a las exigencias de la Ley Org\u00e1nica 15\/1999, de 13 de diciembre, de Protecci\u00f3n de Datos de Car\u00e1cter Personal (LOPD), y al Real Decreto 1720\/2007, de 21 de diciembre, conocido como el Reglamento de desarrollo de la LOPD. Cumple tambi\u00e9n con el Reglamento (UE) 2016\/679 del Parlamento Europeo y del Consejo de 27 de abril de 2016 relativo a la protecci\u00f3n de las personas f\u00edsicas (RGPD), as\u00ed como con la Ley<\/p>\n<p>34\/2002, de 11 de julio, de Servicios de la Sociedad de la Informaci\u00f3n y Comercio Electr\u00f3nico (LSSICE o LSSI).<\/p>\n<p>Responsable del tratamiento de tus datos personales<\/p>\n<p>Responsable: Lukasz Slota<\/p>\n<p>Nombre comercial: Instalaciones Acorazadas<\/p>\n<p>CIF: X4236217P<\/p>\n<p>Direcci\u00f3n: General Prim 31-33 Sant Fruits del Bages 08272.<\/p>\n<p><a href=\"mailto:soporte@instalacionesacorazadas\">Correo electr\u00f3nico: <\/a><a href=\"mailto:soporte@instalacionesacorazadas\">soporte@instalacionesacorazadas.com<\/a><\/p>\n<p>Actividad: Venta e instalaci\u00f3n de puertas.<\/p>\n<p>A efectos de lo previsto en el Reglamento General de Protecci\u00f3n de Datos antes citado, los datos personales que nos env\u00edes a trav\u00e9s de los formularios de la web, recibir\u00e1n el tratamiento de datos de \u201cUsuarios de la web\u201d.<\/p>\n<p>Principios que aplicaremos a la informaci\u00f3n personal<\/p>\n<p>En el tratamiento de los datos personales, aplicaremos los siguientes puntos ajustados al nuevo reglamento europeo de protecci\u00f3n de datos:<\/p>\n<ul>\n<li>Principio de licitud, lealtad y transparencia: Tu consentimiento siempre ser\u00e1 requerido para el tratamiento de tus datos personales.<\/li>\n<li>Principio de minimizaci\u00f3n de datos: Solo vamos a requerir datos estrictamente necesarios en relaci\u00f3n con los fines para los que los requerimos.<\/li>\n<li>Principio de limitaci\u00f3n del plazo de conservaci\u00f3n: los datos ser\u00e1n mantenidos durante no m\u00e1s tiempo del necesario para los fines del tratamiento, en funci\u00f3n a la finalidad, te informaremos del plazo de conservaci\u00f3n correspondiente.<\/li>\n<li>Principio de integridad y confidencialidad: Tus datos ser\u00e1n tratados de tal manera que se garantice una seguridad adecuada de los datos personales y se garantice confidencialidad. Debes saber que tomamos todas las precauciones necesarias para evitar el acceso no autorizado o uso indebido de los datos de nuestros usuarios por parte de terceros.<\/li>\n<\/ul>\n<p>&nbsp;<\/p>\n<p><strong>Obtenci\u00f3n de Datos<\/strong><\/p>\n<p>Los datos personales que tratamos en <strong>InstalacionesAcorazadas.com <\/strong>proceden de:<\/p>\n<ul>\n<li>Formulario de contacto<\/li>\n<li>Comentarios en blog<\/li>\n<\/ul>\n<p>&nbsp;<\/p>\n<p><strong>Derechos<\/strong><\/p>\n<p>Cualquier persona tiene derecho a obtener confirmaci\u00f3n sobre si en <strong>Instalaciones Acorazadas <\/strong>estamos tratando datos personales que les concierne, o no.<\/p>\n<p>Las personas interesadas tienen derecho a:<\/p>\n<ul>\n<li>Solicitar el acceso a los datos personales relativos al interesado<\/li>\n<li>Solicitar su rectificaci\u00f3n o supresi\u00f3n<\/li>\n<li>Solicitar la limitaci\u00f3n de su tratamiento<\/li>\n<li>Oponerse al tratamiento<\/li>\n<li>Solicitar la portabilidad de los datos.<\/li>\n<\/ul>\n<p>&nbsp;<\/p>\n<p>Los interesados podr\u00e1n solicitar su <strong>supresi\u00f3n <\/strong>cuando, entre otros motivos, los datos ya no sean necesarios para los fines que fueron recogidos.<\/p>\n<p>&nbsp;<\/p>\n<p>En determinadas circunstancias, los interesados podr\u00e1n solicitar la <strong>limitaci\u00f3n <\/strong>del tratamiento de sus datos, en cuyo caso \u00fanicamente los conservaremos para el ejercicio o la defensa de reclamaciones.<\/p>\n<p>En determinadas circunstancias y por motivos relacionados con su situaci\u00f3n particular, los interesados podr\u00e1n <strong>oponerse <\/strong>al tratamiento de sus datos. Lukasz Slota (<strong>Instalaciones Acorazadas)<\/strong> dejar\u00e1 de tratar los datos, salvo por motivos leg\u00edtimos imperiosos, o el ejercicio o la defensa de posibles reclamaciones. Tambi\u00e9n podr\u00e1n solicitar la <strong>portabilidad <\/strong>de sus datos.<\/p>\n<p>Los interesados tambi\u00e9n tendr\u00e1n derecho a la tutela judicial efectiva y a presentar una reclamaci\u00f3n ante la autoridad de control, en este caso, la Agencia Espa\u00f1ola de Protecci\u00f3n de Datos, si consideran que el tratamiento de datos personales que le conciernen infringe el Reglamento.<\/p>\n<p>&nbsp;<\/p>\n<p><strong>Finalidad del tratamiento de los datos personales<\/strong><\/p>\n<p>Cuando un usuario se conecta con esta web por ejemplo para comentar un post o mandar un correo al titular, est\u00e1 facilitando informaci\u00f3n de car\u00e1cter personal de la que es responsable <strong>Instalaciones acorazadas<\/strong>. Esa informaci\u00f3n puede incluir datos de car\u00e1cter personal como pueden ser tu direcci\u00f3n IP, nombre, direcci\u00f3n de correo electr\u00f3nico y otra informaci\u00f3n. Al facilitar esta informaci\u00f3n, el usuario da su consentimiento para que su informaci\u00f3n sea recopilada, utilizada, gestionada y almacenada por <strong>Instalaciones Acorazadas<\/strong>, s\u00f3lo como se describe en el aviso legal y la presente pol\u00edtica de privacidad.<\/p>\n<p>En <strong>Instalaciones Acorazadas<\/strong> existen diferentes sistemas de captura de informaci\u00f3n personal y tratamos la informaci\u00f3n que nos facilitan las personas interesadas con el siguiente fin por cada sistema de captura (formularios):<\/p>\n<p><strong>1.- Formulario de contacto: <\/strong>Solicitamos los siguientes datos personales: Nombre, apellidos y correo electr\u00f3nico. Para responder a los requerimientos de los usuarios de <a href=\"http:\/\/www.instalacionesacorazadas.com\">instalacionesacorazadas.com<\/a>. Por ejemplo, podemos utilizar esos datos para responder a su solicitud y dar respuesta a las dudas, quejas, comentarios o inquietudes que pueda tener relativas a la informaci\u00f3n incluida en la web, los servicios que se prestan a trav\u00e9s de la web, el tratamiento de sus datos personales, cuestiones referentes a los textos legales incluidos en la web, as\u00ed como cualesquiera otras consultas que pueda tener y que no est\u00e9n sujetas a las condiciones de contrataci\u00f3n.<\/p>\n<p><strong>2.-Comentarios:<\/strong><\/p>\n<p>Al publicar comentarios nos otorgas:(a) una licencia no exclusiva y gratuita para utilizar, reproducir, publicar, poner a disposici\u00f3n, traducir y modificar tu contenido en todo el mundo (incluyendo el derecho a sublicenciar esos derechos a terceros); y (b) el derecho a utilizar el nombre facilitado por ti en relaci\u00f3n con dicho contenido. La presente disposici\u00f3n no supone la transferencia de derecho moral alguno.<\/p>\n<p>&nbsp;<\/p>\n<p><strong>Finalidades del tratamiento de los datos personales:<\/strong><\/p>\n<ul>\n<li>Para garantizar el cumplimiento de las condiciones de uso y la ley aplicable. Esto puede incluir el desarrollo de herramientas y algoritmos que ayudan a esta web a garantizar la confidencialidad de los datos personales que recoge.<\/li>\n<li>Para apoyar y mejorar los servicios que ofrece esta web.<\/li>\n<li>Tambi\u00e9n se recogen otros datos no identificativos que se obtienen mediante algunas cookies que se descargan en el ordenador del usuario cuando navega en esta web que detallamos en la pol\u00edtica de cookies.<\/li>\n<li>Para gestionar las redes sociales. <strong>Instalaciones Acorazadas <\/strong>puede tener presencia en redes sociales. El tratamiento de los datos que se lleve a cabo de las personas que se hagan seguidoras en las redes sociales de las p\u00e1ginas oficiales de <strong>Instalaciones Acorazadas <\/strong>, se regir\u00e1 por este apartado. As\u00ed como por aquellas condiciones de uso, pol\u00edticas de privacidad y normativas de acceso que pertenezcan a la red social que proceda en cada caso y aceptadas previamente por el usuario de <a href=\"https:\/\/www.instalacionesacorazadas.com\">www.instalacionesacorazadas.com<\/a>. <strong>Instalaciones Acorazadas  <\/strong><a href=\"https:\/\/www.instalacionesacorazadas.com\">tratar\u00e1 sus datos con las finalidades de administrar correctamente su presencia en la red social, informando de actividades, productos o servicios de <\/a><a href=\"http:\/\/www.instalacionesacorazadas.com\">www.instalacionesacorazadas.com<\/a>. As\u00ed como para cualquier otra finalidad que las normativas de las redes sociales permitan. En ning\u00fan caso utilizaremos los perfiles de seguidores en redes sociales para enviar publicidad de manera individual.<\/li>\n<\/ul>\n<p>&nbsp;<\/p>\n<p>De acuerdo a lo establecido en el reglamento general de protecci\u00f3n de datos europeo (RGPD) 2016\/679, Lukasz Slota (<strong>Instalaciones Acorazadas <\/strong>) con domicilio en General Prim 31-33 Sant Fruits del Bages 08272. Manresa Barcelona. ser\u00e1 responsable del tratamiento de los datos correspondientes a usuarios de la web y suscriptores.<\/p>\n<p>InstalacionesAcorazadas.com no vende, alquila ni cede datos de car\u00e1cter personal que puedan identificar al usuario, ni lo har\u00e1 en el futuro, a terceros sin el consentimiento previo.<\/p>\n<p>\u00bfCu\u00e1l es la base legal para el tratamiento de tus datos?<\/p>\n<p>Tiempo de conservaci\u00f3n de datos<\/p>\n<p>Los datos personales proporcionados se conservar\u00e1n:<\/p>\n<ul>\n<li>Mientras se mantenga la relaci\u00f3n mercantil.<\/li>\n<li>Mientras no se solicite su supresi\u00f3n por el interesado.<\/li>\n<\/ul>\n<p>&nbsp;<\/p>\n<p><strong>Destinatarios<\/strong><\/p>\n<p>Muchas herramientas que utilizamos para gestionar tus datos son contratados por terceros.<\/p>\n<p>Para prestar servicios estrictamente necesarios para el desarrollo de la actividad, <strong>Instalaciones Acorazadas <\/strong>comparte datos con los siguientes prestadores bajo sus correspondientes condiciones de privacidad.<\/p>\n<p>Todas las utilidades ofrecidas por terceros son estrictamente necesarias para el desarrollo de nuestros servicios y han sido seleccionados atendiendo al cumplimiento de los derechos que preservamos en esta web.<\/p>\n<p>Las siguientes empresas tendr\u00e1n acceso a la informaci\u00f3n personal necesaria para realizar sus funciones como encargados de tratamiento, pero no podr\u00e1n utilizarla para otros fines. Adem\u00e1s, deber\u00e1n tratar la informaci\u00f3n personal de conformidad con la presente Pol\u00edtica de Privacidad y la legislaci\u00f3n aplicable en materia de protecci\u00f3n de datos.<\/p>\n<p><strong>Google Analytics<\/strong>: un servicio anal\u00edtico de web prestado por Google, Inc., una compa\u00f1\u00eda de Delaware cuya oficina principal est\u00e1 en 1600 Amphitheatre Parkway, Mountain View (California), CA 94043, Estados Unidos (\u201cGoogle\u201d).<\/p>\n<p>Google Analytics utiliza \u201ccookies\u201d, que son archivos de texto ubicados en tu ordenador, para ayudar a Instalaciones Acorazadas a analizar el uso que hacen los usuarios del sitio web. La informaci\u00f3n que genera la cookie acerca de su uso de <a href=\"http:\/\/www.instalacionesacorazadas.com\">www.instalacionesacorazadas.com <\/a>(incluyendo tu direcci\u00f3n IP) ser\u00e1 directamente transmitida y archivada por Google en los servidores de Estados Unidos.<\/p>\n<p>&nbsp;<\/p>\n<p><strong>Navegaci\u00f3n<\/strong><\/p>\n<p>Al navegar por <a href=\"https:\/\/www.instalacionesacorazadas.com\">www.instalacionesacorazadas.com <\/a>se pueden recoger datos no identificables, que pueden incluir, direcciones IP, ubicaci\u00f3n geogr\u00e1fica (aproximadamente), un registro de c\u00f3mo se utilizan nuestros servicios y sitios, y otros datos que no pueden ser utilizados para identificar al usuario. Entre los datos no identificativos est\u00e1n tambi\u00e9n los relacionados a tus h\u00e1bitos de<\/p>\n<p>navegaci\u00f3n a trav\u00e9s de servicios de terceros. Esta web utiliza los siguientes servicios de an\u00e1lisis de terceros:<\/p>\n<ul>\n<li>Google analitycs<\/li>\n<\/ul>\n<p>Utilizamos esta informaci\u00f3n para analizar tendencias, administrar el sitio, rastrear los movimientos de los usuarios alrededor del sitio y para recopilar informaci\u00f3n demogr\u00e1fica sobre nuestra base de usuarios en su conjunto.<\/p>\n<p>&nbsp;<\/p>\n<p><strong>Secreto y seguridad de los datos<\/strong><\/p>\n<p>InstalacionesAcorazadas.com se compromete en el uso y tratamiento de los datos incluidos personales de los usuarios, respetando su confidencialidad y a utilizarlos de acuerdo con la finalidad del mismo, as\u00ed como a dar cumplimiento a su obligaci\u00f3n de guardarlos y adaptar todas las medidas para evitar la alteraci\u00f3n, p\u00e9rdida, tratamiento o acceso no autorizado (C\u00f3mo los protocolos Https que utilizamos), de conformidad con lo establecido en la normativa vigente de protecci\u00f3n de datos.<\/p>\n<p>InstalacionesAcorazadas.com  no puede garantizar la absoluta inexpugnabilidad de la red Internet y por tanto la violaci\u00f3n de los datos mediante accesos fraudulentos a ellos por parte de terceros.<\/p>\n<p>&nbsp;<\/p>\n<p><strong>Exactitud y veracidad de los datos<\/strong><\/p>\n<p>Como usuario, eres el \u00fanico responsable de la veracidad y correcci\u00f3n de los datos que remitas a <a href=\"https:\/\/instalacionesacorazadas.com\/\">www.instalacionesacorazadas.com <\/a>exonerando a Lukasz Slota (InstalacionesAcorazadas.com) de cualquier responsabilidad al respecto. Los usuarios garantizan y responden, en cualquier caso, de la exactitud, vigencia y autenticidad de los datos personales facilitados, y se comprometen a mantenerlos debidamente actualizados. El usuario acepta proporcionar informaci\u00f3n completa y correcta en el formulario de contacto o suscripci\u00f3n.<\/p>\n<p>&nbsp;<\/p>\n<p><strong>Aceptaci\u00f3n y Consentimiento<\/strong><\/p>\n<p>El Usuario declara haber sido informado de las condiciones sobre protecci\u00f3n de datos de car\u00e1cter personal, aceptando y consintiendo el tratamiento de los mismos por parte de Lukasz Slota (InstalacionesAcorazadas.com) en la forma y para las finalidades indicadas en esta pol\u00edtica de privacidad.<\/p>\n<p>&nbsp;<\/p>\n<p><strong>Cambios en la pol\u00edtica de privacidad<\/strong><\/p>\n<p>InstalacionesAcorazadas.com se reserva el derecho a modificar la presente pol\u00edtica para adaptarla a novedades legislativas o jurisprudenciales, as\u00ed como a pr\u00e1cticas de la industria. En dichos supuestos, el Prestador anunciar\u00e1 en esta p\u00e1gina los cambios introducidos con razonable antelaci\u00f3n a su puesta en pr\u00e1ctica.<\/p>\n<p>Correos comerciales<\/p>\n<p>De acuerdo con la LSSICE, <a href=\"https:\/\/instalacionesacorazadas.com\/\">www.instalacionesacorazadas.com <\/a>no realiza pr\u00e1cticas de SPAM, por lo que no env\u00eda correos comerciales por v\u00eda electr\u00f3nica que no hayan sido previamente solicitados o autorizados por el Usuario.<\/p>\n<p>&nbsp;<\/p>\n<p>Esta pol\u00edtica de privacidad ha sido actualizada por \u00faltima vez el <strong>09-04-2019.<\/strong><\/p>\n<p>&nbsp;<\/p>\n<p>&nbsp;<\/p>","protected":false},"excerpt":{"rendered":"<p>Tu privacidad es importante para nosotros. En esta declaraci\u00f3n de privacidad se explica qu\u00e9 datos personales recopilamos de nuestros usuarios y c\u00f3mo los utilizamos. Te animamos a leer detenidamente estos t\u00e9rminos antes de facilitar tus datos personales en esta web. &nbsp; En esta web se respetan y cuidan los datos personales de los usuarios. Como<a class=\"moretag\" href=\"https:\/\/segurtotal.com\/ca\/politica-de-privacidad\/\"><span class=\"screen-reader-text\">Read more about Pol\u00edtica de privacidad<\/span>[&#8230;]<\/a><\/p>","protected":false},"author":2,"featured_media":0,"parent":0,"menu_order":0,"comment_status":"closed","ping_status":"closed","template":"","meta":{"_exactmetrics_skip_tracking":false,"_exactmetrics_sitenote_active":false,"_exactmetrics_sitenote_note":"","_exactmetrics_sitenote_category":0,"_joinchat":[],"footnotes":""},"class_list":["post-324","page","type-page","status-publish","hentry"],"yoast_head":"<!-- This site is optimized with the Yoast SEO plugin v26.6 - https:\/\/yoast.com\/wordpress\/plugins\/seo\/ -->\n<title>Pol\u00edtica de privacidad - Segur Total Puertas Acorazadas Barcelona<\/title>\n<meta name=\"description\" content=\"Inf\u00f3rmese acerca de nuestra pol\u00edtica de privacidad en Puertas Acorazadas Lukasz y como manejamos sus datos personales en todo momento.\" \/>\n<meta name=\"robots\" content=\"index, follow, max-snippet:-1, max-image-preview:large, max-video-preview:-1\" \/>\n<link rel=\"canonical\" href=\"https:\/\/segurtotal.com\/ca\/politica-de-privacidad\/\" \/>\n<meta property=\"og:locale\" content=\"ca_ES\" \/>\n<meta property=\"og:type\" content=\"article\" \/>\n<meta property=\"og:title\" content=\"Pol\u00edtica de privacidad - Segur Total Puertas Acorazadas Barcelona\" \/>\n<meta property=\"og:description\" content=\"Inf\u00f3rmese acerca de nuestra pol\u00edtica de privacidad en Puertas Acorazadas Lukasz y como manejamos sus datos personales en todo momento.\" \/>\n<meta property=\"og:url\" content=\"https:\/\/segurtotal.com\/ca\/politica-de-privacidad\/\" \/>\n<meta property=\"og:site_name\" content=\"Segur Total Puertas Acorazadas Barcelona\" \/>\n<meta property=\"article:modified_time\" content=\"2024-04-25T14:03:38+00:00\" \/>\n<meta property=\"og:image\" content=\"https:\/\/segurtotal.com\/wp-content\/uploads\/2025\/06\/Favicon.jpeg\" \/>\n\t<meta property=\"og:image:width\" content=\"1444\" \/>\n\t<meta property=\"og:image:height\" content=\"1080\" \/>\n\t<meta property=\"og:image:type\" content=\"image\/jpeg\" \/>\n<meta name=\"twitter:card\" content=\"summary_large_image\" \/>\n<meta name=\"twitter:site\" content=\"@puertaslukasz\" \/>\n<meta name=\"twitter:label1\" content=\"Temps estimat de lectura\" \/>\n\t<meta name=\"twitter:data1\" content=\"10 minuts\" \/>\n<script type=\"application\/ld+json\" class=\"yoast-schema-graph\">{\"@context\":\"https:\/\/schema.org\",\"@graph\":[{\"@type\":\"WebPage\",\"@id\":\"https:\/\/segurtotal.com\/politica-de-privacidad\/\",\"url\":\"https:\/\/segurtotal.com\/politica-de-privacidad\/\",\"name\":\"Pol\u00edtica de privacidad - Segur Total Puertas Acorazadas Barcelona\",\"isPartOf\":{\"@id\":\"https:\/\/segurtotal.com\/#website\"},\"datePublished\":\"2019-02-02T15:48:55+00:00\",\"dateModified\":\"2024-04-25T14:03:38+00:00\",\"description\":\"Inf\u00f3rmese acerca de nuestra pol\u00edtica de privacidad en Puertas Acorazadas Lukasz y como manejamos sus datos personales en todo momento.\",\"breadcrumb\":{\"@id\":\"https:\/\/segurtotal.com\/politica-de-privacidad\/#breadcrumb\"},\"inLanguage\":\"ca\",\"potentialAction\":[{\"@type\":\"ReadAction\",\"target\":[\"https:\/\/segurtotal.com\/politica-de-privacidad\/\"]}]},{\"@type\":\"BreadcrumbList\",\"@id\":\"https:\/\/segurtotal.com\/politica-de-privacidad\/#breadcrumb\",\"itemListElement\":[{\"@type\":\"ListItem\",\"position\":1,\"name\":\"Portada\",\"item\":\"https:\/\/segurtotal.com\/\"},{\"@type\":\"ListItem\",\"position\":2,\"name\":\"Pol\u00edtica de privacidad\"}]},{\"@type\":\"WebSite\",\"@id\":\"https:\/\/segurtotal.com\/#website\",\"url\":\"https:\/\/segurtotal.com\/\",\"name\":\"Puertas Acorazadas Barcelona\",\"description\":\"Venta e instalaci&oacute;n de puertas de seguridad\",\"publisher\":{\"@id\":\"https:\/\/segurtotal.com\/#organization\"},\"alternateName\":\"Puertas Acorazadas Barcelona\",\"potentialAction\":[{\"@type\":\"SearchAction\",\"target\":{\"@type\":\"EntryPoint\",\"urlTemplate\":\"https:\/\/segurtotal.com\/?s={search_term_string}\"},\"query-input\":{\"@type\":\"PropertyValueSpecification\",\"valueRequired\":true,\"valueName\":\"search_term_string\"}}],\"inLanguage\":\"ca\"},{\"@type\":\"Organization\",\"@id\":\"https:\/\/segurtotal.com\/#organization\",\"name\":\"Seguretat Total Puertas Acorazadas Barcelona\",\"alternateName\":\"Seguretat Total Puertas Acorazadas Barcelona\",\"url\":\"https:\/\/segurtotal.com\/\",\"logo\":{\"@type\":\"ImageObject\",\"inLanguage\":\"ca\",\"@id\":\"https:\/\/segurtotal.com\/#\/schema\/logo\/image\/\",\"url\":\"https:\/\/segurtotal.com\/wp-content\/uploads\/2025\/06\/Favicon.jpeg\",\"contentUrl\":\"https:\/\/segurtotal.com\/wp-content\/uploads\/2025\/06\/Favicon.jpeg\",\"width\":1444,\"height\":1080,\"caption\":\"Seguretat Total Puertas Acorazadas Barcelona\"},\"image\":{\"@id\":\"https:\/\/segurtotal.com\/#\/schema\/logo\/image\/\"},\"sameAs\":[\"https:\/\/x.com\/puertaslukasz\",\"https:\/\/www.instagram.com\/puertaslukasz\"]}]}<\/script>\n<!-- \/ Yoast SEO plugin. -->","yoast_head_json":{"title":"Pol\u00edtica de privacidad - Segur Total Puertas Acorazadas Barcelona","description":"Inf\u00f3rmese acerca de nuestra pol\u00edtica de privacidad en Puertas Acorazadas Lukasz y como manejamos sus datos personales en todo momento.","robots":{"index":"index","follow":"follow","max-snippet":"max-snippet:-1","max-image-preview":"max-image-preview:large","max-video-preview":"max-video-preview:-1"},"canonical":"https:\/\/segurtotal.com\/ca\/politica-de-privacidad\/","og_locale":"ca_ES","og_type":"article","og_title":"Pol\u00edtica de privacidad - Segur Total Puertas Acorazadas Barcelona","og_description":"Inf\u00f3rmese acerca de nuestra pol\u00edtica de privacidad en Puertas Acorazadas Lukasz y como manejamos sus datos personales en todo momento.","og_url":"https:\/\/segurtotal.com\/ca\/politica-de-privacidad\/","og_site_name":"Segur Total Puertas Acorazadas Barcelona","article_modified_time":"2024-04-25T14:03:38+00:00","og_image":[{"width":1444,"height":1080,"url":"https:\/\/segurtotal.com\/wp-content\/uploads\/2025\/06\/Favicon.jpeg","type":"image\/jpeg"}],"twitter_card":"summary_large_image","twitter_site":"@puertaslukasz","twitter_misc":{"Temps estimat de lectura":"10 minuts"},"schema":{"@context":"https:\/\/schema.org","@graph":[{"@type":"WebPage","@id":"https:\/\/segurtotal.com\/politica-de-privacidad\/","url":"https:\/\/segurtotal.com\/politica-de-privacidad\/","name":"Pol\u00edtica de privacidad - Segur Total Puertas Acorazadas Barcelona","isPartOf":{"@id":"https:\/\/segurtotal.com\/#website"},"datePublished":"2019-02-02T15:48:55+00:00","dateModified":"2024-04-25T14:03:38+00:00","description":"Inf\u00f3rmese acerca de nuestra pol\u00edtica de privacidad en Puertas Acorazadas Lukasz y como manejamos sus datos personales en todo momento.","breadcrumb":{"@id":"https:\/\/segurtotal.com\/politica-de-privacidad\/#breadcrumb"},"inLanguage":"ca","potentialAction":[{"@type":"ReadAction","target":["https:\/\/segurtotal.com\/politica-de-privacidad\/"]}]},{"@type":"BreadcrumbList","@id":"https:\/\/segurtotal.com\/politica-de-privacidad\/#breadcrumb","itemListElement":[{"@type":"ListItem","position":1,"name":"Portada","item":"https:\/\/segurtotal.com\/"},{"@type":"ListItem","position":2,"name":"Pol\u00edtica de privacidad"}]},{"@type":"WebSite","@id":"https:\/\/segurtotal.com\/#website","url":"https:\/\/segurtotal.com\/","name":"Portes blindades Barcelona","description":"Venta e instalaci&oacute;n de puertas de seguridad","publisher":{"@id":"https:\/\/segurtotal.com\/#organization"},"alternateName":"Puertas Acorazadas Barcelona","potentialAction":[{"@type":"SearchAction","target":{"@type":"EntryPoint","urlTemplate":"https:\/\/segurtotal.com\/?s={search_term_string}"},"query-input":{"@type":"PropertyValueSpecification","valueRequired":true,"valueName":"search_term_string"}}],"inLanguage":"ca"},{"@type":"Organization","@id":"https:\/\/segurtotal.com\/#organization","name":"Seguretat Total Puertas Acorazadas Barcelona","alternateName":"Seguretat Total Puertas Acorazadas Barcelona","url":"https:\/\/segurtotal.com\/","logo":{"@type":"ImageObject","inLanguage":"ca","@id":"https:\/\/segurtotal.com\/#\/schema\/logo\/image\/","url":"https:\/\/segurtotal.com\/wp-content\/uploads\/2025\/06\/Favicon.jpeg","contentUrl":"https:\/\/segurtotal.com\/wp-content\/uploads\/2025\/06\/Favicon.jpeg","width":1444,"height":1080,"caption":"Seguretat Total Puertas Acorazadas Barcelona"},"image":{"@id":"https:\/\/segurtotal.com\/#\/schema\/logo\/image\/"},"sameAs":["https:\/\/x.com\/puertaslukasz","https:\/\/www.instagram.com\/puertaslukasz"]}]}},"_links":{"self":[{"href":"https:\/\/segurtotal.com\/ca\/wp-json\/wp\/v2\/pages\/324","targetHints":{"allow":["GET"]}}],"collection":[{"href":"https:\/\/segurtotal.com\/ca\/wp-json\/wp\/v2\/pages"}],"about":[{"href":"https:\/\/segurtotal.com\/ca\/wp-json\/wp\/v2\/types\/page"}],"author":[{"embeddable":true,"href":"https:\/\/segurtotal.com\/ca\/wp-json\/wp\/v2\/users\/2"}],"replies":[{"embeddable":true,"href":"https:\/\/segurtotal.com\/ca\/wp-json\/wp\/v2\/comments?post=324"}],"version-history":[{"count":9,"href":"https:\/\/segurtotal.com\/ca\/wp-json\/wp\/v2\/pages\/324\/revisions"}],"predecessor-version":[{"id":982,"href":"https:\/\/segurtotal.com\/ca\/wp-json\/wp\/v2\/pages\/324\/revisions\/982"}],"wp:attachment":[{"href":"https:\/\/segurtotal.com\/ca\/wp-json\/wp\/v2\/media?parent=324"}],"curies":[{"name":"wp","href":"https:\/\/api.w.org\/{rel}","templated":true}]}}