{"id":403,"date":"2019-03-25T18:00:49","date_gmt":"2019-03-25T18:00:49","guid":{"rendered":"http:\/\/instalacionesacorazadas.com\/?page_id=403"},"modified":"2026-04-21T04:07:54","modified_gmt":"2026-04-21T04:07:54","slug":"opiniones","status":"publish","type":"page","link":"https:\/\/segurtotal.com\/ca\/opiniones\/","title":{"rendered":"Opinions"},"content":{"rendered":"<h2>EL QUE OPINEN ELS NOSTRES CLIENTS<\/h2>\n\t<p>Las opiniones que tienen los clientes de nuestro trabajo son muy importante para nosotros. Nuestra experiencia en ventas e instalaci\u00f3n de puertas de seguridad est\u00e1 ampliamente respaldada por la satisfacci\u00f3n de cada uno de ellos en cada instalaci\u00f3n; porque un cliente complacido refleja un trabajo impecablemente realizado.<\/p>\n<p>Nuestro objetivo es tener clientes protegidos y adem\u00e1s felices. As\u00ed que ponemos a su disposici\u00f3n las opiniones que ellos mismos generan.<\/p>\n<p>Experiencia, confianza, asesoramiento profesional y acabados de primera calidad son parte de nuestro compromiso y por ello, dejamos que sean nuestros clientes los que hablen de nuestro trabajo.<\/p>\n\t\t\t\t<a href=\"https:\/\/puertasacorazadasbarcelona.com\/wp-content\/uploads\/2019\/06\/puerta_acorazada_kiuso.jpg\" target=\"_self\" itemprop=\"url\" rel=\"noopener noreferrer\">\n\t\t\t\t<img loading=\"lazy\" decoding=\"async\" src=\"https:\/\/puertasacorazadasbarcelona.com\/wp-content\/uploads\/2019\/06\/puerta_acorazada_kiuso.jpg\" alt=\"Imagen puerta acorazada opiniones\" itemprop=\"image\" title=\"Imagen puerta acorazada opiniones\" onerror=\"this.style.display='none'\" width=\"1600\" height=\"1200\">\n\t\t\t\t<\/a>","protected":false},"excerpt":{"rendered":"<p>LO QUE OPINAN NUESTROS CLIENTES Las opiniones que tienen los clientes de nuestro trabajo son muy importante para nosotros. Nuestra experiencia en ventas e instalaci\u00f3n de puertas de seguridad est\u00e1 ampliamente respaldada por la satisfacci\u00f3n de cada uno de ellos en cada instalaci\u00f3n; porque un cliente complacido refleja un trabajo impecablemente realizado. Nuestro objetivo es<a class=\"moretag\" href=\"https:\/\/segurtotal.com\/ca\/opiniones\/\"><span class=\"screen-reader-text\">Read more about Opiniones<\/span>[&#8230;]<\/a><\/p>","protected":false},"author":2,"featured_media":0,"parent":0,"menu_order":0,"comment_status":"closed","ping_status":"closed","template":"","meta":{"_exactmetrics_skip_tracking":false,"_exactmetrics_sitenote_active":false,"_exactmetrics_sitenote_note":"","_exactmetrics_sitenote_category":0,"_joinchat":[],"footnotes":""},"class_list":["post-403","page","type-page","status-publish","hentry"],"yoast_head":"<!-- This site is optimized with the Yoast SEO plugin v26.6 - https:\/\/yoast.com\/wordpress\/plugins\/seo\/ -->\n<title>Opiniones Clientes | Testimonios Segur Total Barcelona<\/title>\n<meta name=\"description\" content=\"Lee las opiniones de nuestros clientes satisfechos. Testimonios reales sobre instalaci\u00f3n de puertas acorazadas en Barcelona. 5 estrellas.\" \/>\n<meta name=\"robots\" content=\"index, follow, max-snippet:-1, max-image-preview:large, max-video-preview:-1\" \/>\n<link rel=\"canonical\" href=\"https:\/\/segurtotal.com\/ca\/opiniones\/\" \/>\n<meta property=\"og:locale\" content=\"ca_ES\" \/>\n<meta property=\"og:type\" content=\"article\" \/>\n<meta property=\"og:title\" content=\"Opiniones Clientes | Testimonios Segur Total Barcelona\" \/>\n<meta property=\"og:description\" content=\"Lee las opiniones de nuestros clientes satisfechos. Testimonios reales sobre instalaci\u00f3n de puertas acorazadas en Barcelona. 5 estrellas.\" \/>\n<meta property=\"og:url\" content=\"https:\/\/segurtotal.com\/ca\/opiniones\/\" \/>\n<meta property=\"og:site_name\" content=\"Segur Total Puertas Acorazadas Barcelona\" \/>\n<meta property=\"article:modified_time\" content=\"2026-04-21T04:07:54+00:00\" \/>\n<meta property=\"og:image\" content=\"https:\/\/puertasacorazadasbarcelona.com\/wp-content\/uploads\/2019\/06\/puerta_acorazada_kiuso.jpg\" \/>\n<meta name=\"twitter:card\" content=\"summary_large_image\" \/>\n<meta name=\"twitter:site\" content=\"@puertaslukasz\" \/>\n<meta name=\"twitter:label1\" content=\"Temps estimat de lectura\" \/>\n\t<meta name=\"twitter:data1\" content=\"1 minut\" \/>\n<script type=\"application\/ld+json\" class=\"yoast-schema-graph\">{\"@context\":\"https:\/\/schema.org\",\"@graph\":[{\"@type\":\"WebPage\",\"@id\":\"https:\/\/segurtotal.com\/opiniones\/\",\"url\":\"https:\/\/segurtotal.com\/opiniones\/\",\"name\":\"Opiniones Clientes | Testimonios Segur Total Barcelona\",\"isPartOf\":{\"@id\":\"https:\/\/segurtotal.com\/#website\"},\"primaryImageOfPage\":{\"@id\":\"https:\/\/segurtotal.com\/opiniones\/#primaryimage\"},\"image\":{\"@id\":\"https:\/\/segurtotal.com\/opiniones\/#primaryimage\"},\"thumbnailUrl\":\"https:\/\/puertasacorazadasbarcelona.com\/wp-content\/uploads\/2019\/06\/puerta_acorazada_kiuso.jpg\",\"datePublished\":\"2019-03-25T18:00:49+00:00\",\"dateModified\":\"2026-04-21T04:07:54+00:00\",\"description\":\"Lee las opiniones de nuestros clientes satisfechos. Testimonios reales sobre instalaci\u00f3n de puertas acorazadas en Barcelona. 5 estrellas.\",\"breadcrumb\":{\"@id\":\"https:\/\/segurtotal.com\/opiniones\/#breadcrumb\"},\"inLanguage\":\"ca\",\"potentialAction\":[{\"@type\":\"ReadAction\",\"target\":[\"https:\/\/segurtotal.com\/opiniones\/\"]}]},{\"@type\":\"ImageObject\",\"inLanguage\":\"ca\",\"@id\":\"https:\/\/segurtotal.com\/opiniones\/#primaryimage\",\"url\":\"https:\/\/puertasacorazadasbarcelona.com\/wp-content\/uploads\/2019\/06\/puerta_acorazada_kiuso.jpg\",\"contentUrl\":\"https:\/\/puertasacorazadasbarcelona.com\/wp-content\/uploads\/2019\/06\/puerta_acorazada_kiuso.jpg\"},{\"@type\":\"BreadcrumbList\",\"@id\":\"https:\/\/segurtotal.com\/opiniones\/#breadcrumb\",\"itemListElement\":[{\"@type\":\"ListItem\",\"position\":1,\"name\":\"Portada\",\"item\":\"https:\/\/segurtotal.com\/\"},{\"@type\":\"ListItem\",\"position\":2,\"name\":\"Opiniones\"}]},{\"@type\":\"WebSite\",\"@id\":\"https:\/\/segurtotal.com\/#website\",\"url\":\"https:\/\/segurtotal.com\/\",\"name\":\"Puertas Acorazadas Barcelona\",\"description\":\"Venta e instalaci&oacute;n de puertas de seguridad\",\"publisher\":{\"@id\":\"https:\/\/segurtotal.com\/#organization\"},\"alternateName\":\"Puertas Acorazadas Barcelona\",\"potentialAction\":[{\"@type\":\"SearchAction\",\"target\":{\"@type\":\"EntryPoint\",\"urlTemplate\":\"https:\/\/segurtotal.com\/?s={search_term_string}\"},\"query-input\":{\"@type\":\"PropertyValueSpecification\",\"valueRequired\":true,\"valueName\":\"search_term_string\"}}],\"inLanguage\":\"ca\"},{\"@type\":\"Organization\",\"@id\":\"https:\/\/segurtotal.com\/#organization\",\"name\":\"Seguretat Total Puertas Acorazadas Barcelona\",\"alternateName\":\"Seguretat Total Puertas Acorazadas Barcelona\",\"url\":\"https:\/\/segurtotal.com\/\",\"logo\":{\"@type\":\"ImageObject\",\"inLanguage\":\"ca\",\"@id\":\"https:\/\/segurtotal.com\/#\/schema\/logo\/image\/\",\"url\":\"https:\/\/segurtotal.com\/wp-content\/uploads\/2025\/06\/Favicon.jpeg\",\"contentUrl\":\"https:\/\/segurtotal.com\/wp-content\/uploads\/2025\/06\/Favicon.jpeg\",\"width\":1444,\"height\":1080,\"caption\":\"Seguretat Total Puertas Acorazadas Barcelona\"},\"image\":{\"@id\":\"https:\/\/segurtotal.com\/#\/schema\/logo\/image\/\"},\"sameAs\":[\"https:\/\/x.com\/puertaslukasz\",\"https:\/\/www.instagram.com\/puertaslukasz\"]}]}<\/script>\n<!-- \/ Yoast SEO plugin. -->","yoast_head_json":{"title":"Opiniones Clientes | Testimonios Segur Total Barcelona","description":"Lee las opiniones de nuestros clientes satisfechos. Testimonios reales sobre instalaci\u00f3n de puertas acorazadas en Barcelona. 5 estrellas.","robots":{"index":"index","follow":"follow","max-snippet":"max-snippet:-1","max-image-preview":"max-image-preview:large","max-video-preview":"max-video-preview:-1"},"canonical":"https:\/\/segurtotal.com\/ca\/opiniones\/","og_locale":"ca_ES","og_type":"article","og_title":"Opiniones Clientes | Testimonios Segur Total Barcelona","og_description":"Lee las opiniones de nuestros clientes satisfechos. Testimonios reales sobre instalaci\u00f3n de puertas acorazadas en Barcelona. 5 estrellas.","og_url":"https:\/\/segurtotal.com\/ca\/opiniones\/","og_site_name":"Segur Total Puertas Acorazadas Barcelona","article_modified_time":"2026-04-21T04:07:54+00:00","og_image":[{"url":"https:\/\/puertasacorazadasbarcelona.com\/wp-content\/uploads\/2019\/06\/puerta_acorazada_kiuso.jpg","type":"","width":"","height":""}],"twitter_card":"summary_large_image","twitter_site":"@puertaslukasz","twitter_misc":{"Temps estimat de lectura":"1 minut"},"schema":{"@context":"https:\/\/schema.org","@graph":[{"@type":"WebPage","@id":"https:\/\/segurtotal.com\/opiniones\/","url":"https:\/\/segurtotal.com\/opiniones\/","name":"Opiniones Clientes | Testimonios Segur Total Barcelona","isPartOf":{"@id":"https:\/\/segurtotal.com\/#website"},"primaryImageOfPage":{"@id":"https:\/\/segurtotal.com\/opiniones\/#primaryimage"},"image":{"@id":"https:\/\/segurtotal.com\/opiniones\/#primaryimage"},"thumbnailUrl":"https:\/\/puertasacorazadasbarcelona.com\/wp-content\/uploads\/2019\/06\/puerta_acorazada_kiuso.jpg","datePublished":"2019-03-25T18:00:49+00:00","dateModified":"2026-04-21T04:07:54+00:00","description":"Lee las opiniones de nuestros clientes satisfechos. Testimonios reales sobre instalaci\u00f3n de puertas acorazadas en Barcelona. 5 estrellas.","breadcrumb":{"@id":"https:\/\/segurtotal.com\/opiniones\/#breadcrumb"},"inLanguage":"ca","potentialAction":[{"@type":"ReadAction","target":["https:\/\/segurtotal.com\/opiniones\/"]}]},{"@type":"ImageObject","inLanguage":"ca","@id":"https:\/\/segurtotal.com\/opiniones\/#primaryimage","url":"https:\/\/puertasacorazadasbarcelona.com\/wp-content\/uploads\/2019\/06\/puerta_acorazada_kiuso.jpg","contentUrl":"https:\/\/puertasacorazadasbarcelona.com\/wp-content\/uploads\/2019\/06\/puerta_acorazada_kiuso.jpg"},{"@type":"BreadcrumbList","@id":"https:\/\/segurtotal.com\/opiniones\/#breadcrumb","itemListElement":[{"@type":"ListItem","position":1,"name":"Portada","item":"https:\/\/segurtotal.com\/"},{"@type":"ListItem","position":2,"name":"Opiniones"}]},{"@type":"WebSite","@id":"https:\/\/segurtotal.com\/#website","url":"https:\/\/segurtotal.com\/","name":"Portes blindades Barcelona","description":"Venta e instalaci&oacute;n de puertas de seguridad","publisher":{"@id":"https:\/\/segurtotal.com\/#organization"},"alternateName":"Puertas Acorazadas Barcelona","potentialAction":[{"@type":"SearchAction","target":{"@type":"EntryPoint","urlTemplate":"https:\/\/segurtotal.com\/?s={search_term_string}"},"query-input":{"@type":"PropertyValueSpecification","valueRequired":true,"valueName":"search_term_string"}}],"inLanguage":"ca"},{"@type":"Organization","@id":"https:\/\/segurtotal.com\/#organization","name":"Seguretat Total Puertas Acorazadas Barcelona","alternateName":"Seguretat Total Puertas Acorazadas Barcelona","url":"https:\/\/segurtotal.com\/","logo":{"@type":"ImageObject","inLanguage":"ca","@id":"https:\/\/segurtotal.com\/#\/schema\/logo\/image\/","url":"https:\/\/segurtotal.com\/wp-content\/uploads\/2025\/06\/Favicon.jpeg","contentUrl":"https:\/\/segurtotal.com\/wp-content\/uploads\/2025\/06\/Favicon.jpeg","width":1444,"height":1080,"caption":"Seguretat Total Puertas Acorazadas Barcelona"},"image":{"@id":"https:\/\/segurtotal.com\/#\/schema\/logo\/image\/"},"sameAs":["https:\/\/x.com\/puertaslukasz","https:\/\/www.instagram.com\/puertaslukasz"]}]}},"_links":{"self":[{"href":"https:\/\/segurtotal.com\/ca\/wp-json\/wp\/v2\/pages\/403","targetHints":{"allow":["GET"]}}],"collection":[{"href":"https:\/\/segurtotal.com\/ca\/wp-json\/wp\/v2\/pages"}],"about":[{"href":"https:\/\/segurtotal.com\/ca\/wp-json\/wp\/v2\/types\/page"}],"author":[{"embeddable":true,"href":"https:\/\/segurtotal.com\/ca\/wp-json\/wp\/v2\/users\/2"}],"replies":[{"embeddable":true,"href":"https:\/\/segurtotal.com\/ca\/wp-json\/wp\/v2\/comments?post=403"}],"version-history":[{"count":53,"href":"https:\/\/segurtotal.com\/ca\/wp-json\/wp\/v2\/pages\/403\/revisions"}],"predecessor-version":[{"id":1269,"href":"https:\/\/segurtotal.com\/ca\/wp-json\/wp\/v2\/pages\/403\/revisions\/1269"}],"wp:attachment":[{"href":"https:\/\/segurtotal.com\/ca\/wp-json\/wp\/v2\/media?parent=403"}],"curies":[{"name":"wp","href":"https:\/\/api.w.org\/{rel}","templated":true}]}}