{"id":711,"date":"2019-05-06T18:34:59","date_gmt":"2019-05-06T18:34:59","guid":{"rendered":"https:\/\/instalacionesacorazadas.com\/?page_id=711"},"modified":"2025-11-07T11:24:25","modified_gmt":"2025-11-07T11:24:25","slug":"galeria-instalaciones-puertas-acorazadas","status":"publish","type":"page","link":"https:\/\/segurtotal.com\/ca\/galeria-instalaciones-puertas-acorazadas\/","title":{"rendered":"Galeria"},"content":{"rendered":"<h1>TREBALLS REALITZATS<\/h1>\n\t<p>En Seguritat Total somos expertos en instalaciones de puertas acorazadas. Nos adaptamos a las necesidades de cada uno de nuestros clientes, ofreci\u00e9ndoles el mejor producto y un montaje de obra limpio, organizado y eficaz. Garantizamos, de esta manera, total satisfacci\u00f3n en cada una de nuestras instalaciones.<\/p>\n<p>Nuestro objetivo es brindarle la mejor seguridad para su hogar o negocio.\u00a0 Es por esto, que ponemos a su disposici\u00f3n la m\u00e1s amplia variedad de puertas elaboradas con los est\u00e1ndares m\u00e1s altos de seguridad y certificaci\u00f3n AENOR, que le proporcionar\u00e1n mayor tranquilidad y protecci\u00f3n ante posibles ataques.<\/p>\n<p>La seva seguretat no consisteix \u00fanicament en l'elecci\u00f3 d'una bona porta, sin\u00f3 tamb\u00e9 en una instal\u00b7laci\u00f3 efica\u00e7 que garanteixi la robustesa i fiabilitat del producte final. En Seguritat Total comptem amb les eines i experi\u00e8ncia necess\u00e0ria per a una correcta instal\u00b7laci\u00f3.<\/p>\n<p>Nuestros trabajos y la satisfacci\u00f3n de nuestros clientes hablan por s\u00ed solos. Vea algunos de nuestros trabajos realizados en instalaciones de puertas acorazadas y si desea ampliar dele clic a la imagen.<\/p>\n<p>&nbsp;<\/p>\n\t\t\t\t<a href=\"https:\/\/puertasacorazadasbarcelona.com\/galeria\/\"  target=\"_self\" rel=\"nofollow\"  itemprop=\"url\">\n\t\t\t\t<img decoding=\"async\" src=\"https:\/\/puertasacorazadasbarcelona.com\/wp-content\/uploads\/2019\/06\/puerta_kiuso_galeria.jpg\" alt=\"instalaciones de puertas acorazadas\" itemprop=\"image\" title=\"instalaciones de puertas acorazadas\" onerror=\"this.style.display='none'\" loading=\"lazy\" \/>\n\t\t\t\t<\/a>\n\t<h2>GALERIA DE LES NOSTRES INSTAL\u00b7LACIONS DE PORTES DE SEGURETAT<\/h2>\n\t<!-- GALER\u00cdA SEGUR TOTAL - PEGAR EN M\u00d3DULO HTML -->\n<style>\n  .st-gallery-wrapper {\n    max-width: 1200px;\n    margin: 0 auto;\n    padding: 40px 20px;\n    box-sizing: border-box;\n    font-family: system-ui, -apple-system, BlinkMacSystemFont, \"Segoe UI\", sans-serif;\n  }\n  .st-gallery-title {\n    font-size: 2rem;\n    margin-bottom: 0.5rem;\n    text-align: left;\n  }\n  .st-gallery-intro {\n    font-size: 0.95rem;\n    color: #6b7280;\n    margin-bottom: 1.5rem;\n    max-width: 640px;\n  }\n  .st-gallery {\n    display: grid;\n    grid-template-columns: repeat(auto-fit, minmax(180px, 1fr));\n    gap: 12px;\n  }\n  .st-gallery-item {\n    position: relative;\n    overflow: hidden;\n    border-radius: 8px;\n    background: #f3f4f6;\n    cursor: pointer;\n  }\n  .st-gallery-item img {\n    width: 100%;\n    height: 100%;\n    display: block;\n    object-fit: cover;\n    transition: transform 0.25s ease, opacity 0.25s ease;\n  }\n  .st-gallery-item::after {\n    content: \"\";\n    position: absolute;\n    inset: 0;\n    background: linear-gradient(to bottom, transparent, rgba(0,0,0,0.25));\n    opacity: 0;\n    transition: opacity 0.25s ease;\n  }\n  .st-gallery-item:hover img {\n    transform: scale(1.05);\n  }\n  .st-gallery-item:hover::after {\n    opacity: 1;\n  }\n  \/* Lightbox *\/\n  .st-lightbox {\n    position: fixed;\n    inset: 0;\n    background: rgba(0,0,0,0.85);\n    display: none;\n    align-items: center;\n    justify-content: center;\n    z-index: 99999;\n    padding: 20px;\n    box-sizing: border-box;\n  }\n  .st-lightbox.st-open {\n    display: flex;\n  }\n  .st-lightbox-inner {\n    position: relative;\n    max-width: 1200px;\n    width: 100%;\n    max-height: 100%;\n    display: flex;\n    align-items: center;\n    justify-content: center;\n  }\n  .st-lightbox-inner img {\n    max-width: 100%;\n    max-height: 100vh;\n    border-radius: 8px;\n    box-shadow: 0 20px 60px rgba(0,0,0,0.6);\n  }\n  .st-lightbox-close {\n    position: absolute;\n    top: -10px;\n    right: -10px;\n    border: none;\n    border-radius: 999px;\n    width: 36px;\n    height: 36px;\n    font-size: 22px;\n    line-height: 1;\n    cursor: pointer;\n    background: #ffffff;\n    color: #111827;\n  }\n  .st-lightbox-close:focus {\n    outline: 2px solid #ff7a00;\n    outline-offset: 2px;\n  }\n  @media (max-width: 640px) {\n    .st-gallery-wrapper {\n      padding: 24px 16px;\n    }\n    .st-gallery-title {\n      font-size: 1.5rem;\n    }\n  }\n<\/style>\n  <h2>Galer\u00eda de instalaciones Segur Total<\/h2>\n  \n    Algunos ejemplos reales de puertas acorazadas instaladas por nuestro equipo.\n  \n    <!--\n      PARA CADA FOTO:\n      1. href = URL de la foto grande (opcionalmente la misma que el src)\n      2. src = miniatura o la misma imagen\n      3. alt = descripci\u00f3n breve (importante para SEO)\n    -->\n    <!-- FOTO 1 -->\n    <a href=\"\/ca\/URL-FOTO-GRANDE-1.jpg\/\">\n      <img decoding=\"async\" src=\"http:\/\/segurtotal.com\/wp-content\/uploads\/2025\/11\/K-XXI-G3-Gris-Antracita-Ext-con-Manillon-y-2-Fijos-Laterales-Joost-1.jpg\" alt=\"Puerta acorazada modelo K-100 RC3 instalada en vivienda\" loading=\"lazy\"\/>\n    <\/a>\n    <!-- FOTO 2 -->\n    <a href=\"\/ca\/URL-FOTO-GRANDE-2.jpg\/\">\n      <img decoding=\"async\" src=\"http:\/\/segurtotal.com\/wp-content\/uploads\/2025\/11\/K-100-G3-CEDRO-4V-EXT-Medidas-Especiales-con-Pequeno-Fijo-Superior-Fermin.jpg\" alt=\"Puerta SegureStil en acabado madera en portal de comunidad\" loading=\"lazy\"\/>\n    <\/a>\n    <!-- FOTO 3 -->\n    <a href=\"\/ca\/URL-FOTO-GRANDE-3.jpg\/\">\n      <img decoding=\"async\" src=\"http:\/\/segurtotal.com\/wp-content\/uploads\/2025\/11\/K-100-G3-SAPELLY-7-CUADROS-EXT-CON-HERRAJES-DORADOS-Y-TEDEE-LOCK-PRO-Luis-B.jpg\" alt=\"Detalle de cerradura y cilindro de alta seguridad\" loading=\"lazy\"\/>\n    <\/a>\n    <!-- FOTO 4 -->\n    <a href=\"\/ca\/URL-FOTO-GRANDE-4.jpg\/\">\n      <img decoding=\"async\" src=\"http:\/\/segurtotal.com\/wp-content\/uploads\/2025\/11\/K-XXI-G3-RAL-8014-4V-EXT-con-manillon-120cm-Jacinto.jpg\" alt=\"Puerta acorazada con panel exterior personalizado\" loading=\"lazy\"\/>\n    <\/a>\n    <!-- FOTO 5 -->\n    <a href=\"\/ca\/URL-FOTO-GRANDE-5.jpg\/\">\n      <img decoding=\"async\" src=\"http:\/\/segurtotal.com\/wp-content\/uploads\/2025\/11\/K-XXI-SAPELLY-10-CUADROS-EXT.jpeg\" alt=\"Instalaci\u00f3n de puerta acorazada en vivienda unifamiliar\" loading=\"lazy\"\/>\n    <\/a>\n    <!-- FOTO 6 -->\n    <a href=\"\/ca\/URL-FOTO-GRANDE-6.jpg\/\">\n      <img decoding=\"async\" src=\"http:\/\/segurtotal.com\/wp-content\/uploads\/2025\/11\/K-XXI-XL-casi-3-METROS-DE-ALTO-en-RAL-Especial-MARRON-RAL-8017-con-Fijos-Laterales-1-Ciego-y-1-con-Cristal-de-Seguridad-Opaco-Manillon-y-Herrajes-Negros-Oscar.jpg\" alt=\"Puerta SegureStil con dise\u00f1o moderno\" loading=\"lazy\"\/>\n    <\/a>\n<a href=\"\/ca\/URL-FOTO-GRANDE-1.jpg\/\">\n  <img decoding=\"async\" src=\"http:\/\/segurtotal.com\/wp-content\/uploads\/2025\/11\/K-100-G3-BLANCO-LISO-INT-Georgina.jpg\" alt=\"Descripci\u00f3n\" loading=\"lazy\"\/>\n<\/a>\n<a href=\"\/ca\/URL-FOTO-GRANDE-1.jpg\/\">\n  <img decoding=\"async\" src=\"http:\/\/segurtotal.com\/wp-content\/uploads\/2025\/11\/K-XXI-G3-BLANCO-4-RAYAS-EXT-Granollers.jpg\" alt=\"Descripci\u00f3n\" loading=\"lazy\"\/>\n<\/a>\n<a href=\"\/ca\/URL-FOTO-GRANDE-1.jpg\/\">\n  <img decoding=\"async\" src=\"http:\/\/segurtotal.com\/wp-content\/uploads\/2025\/11\/K-XXI-G3-BLANCO-2-RAYAS-INT-PERFILES-LACADO-BLANCO-Y-HERRAJES-INT-NEGROS-Pedro-Alonso.jpg\" alt=\"Descripci\u00f3n\" loading=\"lazy\"\/>\n<\/a>\n<a href=\"\/ca\/URL-FOTO-GRANDE-1.jpg\/\">\n  <img decoding=\"async\" src=\"http:\/\/segurtotal.com\/wp-content\/uploads\/2025\/11\/K-100-G3-SAPELLY-LISO-CON-TAPETAS-Y-FORRO-DE-CERCO-CREMA-Y-THS-REFORZADO-Jose-y-Montse.jpg\" alt=\"Descripci\u00f3n\" loading=\"lazy\"\/>\n<\/a>\n<a href=\"\/ca\/URL-FOTO-GRANDE-1.jpg\/\">\n  <img decoding=\"async\" src=\"http:\/\/segurtotal.com\/wp-content\/uploads\/2025\/11\/K-XXI-G3-RAL-7016-4-RAYAS-CON-MANILLON-60CM-Cesar.jpg\" alt=\"Descripci\u00f3n\" loading=\"lazy\"\/>\n<\/a>\n<a href=\"\/ca\/URL-FOTO-GRANDE-1.jpg\/\">\n  <img decoding=\"async\" src=\"http:\/\/segurtotal.com\/wp-content\/uploads\/2025\/11\/K-XXI-G4-BLANCO-LISO-EXT-CON-CRISTAL-EN-LA-HOJA-Ignasi.jpg\" alt=\"Descripci\u00f3n\" loading=\"lazy\"\/>\n<\/a>\n<a href=\"\/ca\/URL-FOTO-GRANDE-1.jpg\/\">\n  <img decoding=\"async\" src=\"http:\/\/segurtotal.com\/wp-content\/uploads\/2025\/11\/K-XXI-G4-RAL-7022-GRIS-OSCURO-EXT-con-Manillon-y-Cilindro-KESO-8000-OMEGA2-ULTRA-Manel-y-Nuria.jpg\" alt=\"Descripci\u00f3n\" loading=\"lazy\"\/>\n<\/a>\n<a href=\"\/ca\/URL-FOTO-GRANDE-1.jpg\/\">\n  <img decoding=\"async\" src=\"http:\/\/segurtotal.com\/wp-content\/uploads\/2025\/11\/K-XXI-G3-BLANCO-51AL-CON-FIJOS-LATERAL-Y-SUPERIOR-CRISTAL-DE-SEGURIDAD-Y-DOBLE-CILINDROS-KESO.jpeg\" alt=\"Descripci\u00f3n\" loading=\"lazy\"\/>\n<\/a>\n<a href=\"\/ca\/URL-FOTO-GRANDE-1.jpg\/\">\n  <img decoding=\"async\" src=\"http:\/\/segurtotal.com\/wp-content\/uploads\/2025\/11\/K-100-G3-SAPELLY-3-CUADROS-FAJEADOS-EXT-Georgina-1.jpg\" alt=\"Descripci\u00f3n\" loading=\"lazy\"\/>\n<\/a>\n<a href=\"\/ca\/URL-FOTO-GRANDE-1.jpg\/\">\n  <img decoding=\"async\" src=\"http:\/\/segurtotal.com\/wp-content\/uploads\/2025\/11\/K-100-G3-SAPELLY-LISO-EXT.jpg\" alt=\"Descripci\u00f3n\" loading=\"lazy\"\/>\n<\/a>\n<a href=\"\/ca\/URL-FOTO-GRANDE-1.jpg\/\">\n  <img decoding=\"async\" src=\"http:\/\/segurtotal.com\/wp-content\/uploads\/2025\/11\/K-100-G4-RAL-7016-GRIS-ANTRACITA-EXT-con-MANILLON-NEGRO-Oscar-Puerta-Garaje.jpg\" alt=\"Descripci\u00f3n\" loading=\"lazy\"\/>\n<\/a>\n<a href=\"\/ca\/URL-FOTO-GRANDE-1.jpg\/\">\n  <img decoding=\"async\" src=\"http:\/\/segurtotal.com\/wp-content\/uploads\/2025\/11\/K-XXI-ENRASADA-CON-FACHADA-Vista-Abierta.jpg\" alt=\"Descripci\u00f3n\" loading=\"lazy\"\/>\n<\/a>\n<a href=\"\/ca\/URL-FOTO-GRANDE-1.jpg\/\">\n  <img decoding=\"async\" src=\"http:\/\/segurtotal.com\/wp-content\/uploads\/2025\/11\/K-XXI-XL-casi-3-METROS-DE-ALTO-en-RAL-Especial-MARRON-RAL-8017-con-Fijos-Laterales-1-Ciego-y-1-con-Cristal-de-Seguridad-Opaco-Manillon-y-Herrajes-Negros-Oscar.jpg\" alt=\"Descripci\u00f3n\" loading=\"lazy\"\/>\n<\/a>\n<a href=\"\/ca\/URL-FOTO-GRANDE-1.jpg\/\">\n  <img decoding=\"async\" src=\"http:\/\/segurtotal.com\/wp-content\/uploads\/2025\/11\/K-XXI-RAL-7016-con-Fijos-Laterales-y-Sperior.jpeg\" alt=\"Descripci\u00f3n\" loading=\"lazy\"\/>\n<\/a>\n    <!-- A partir de aqu\u00ed duplica este bloque <a>...<\/a> \n         hasta tener tus ~50 fotos -->\n<!-- Lightbox -->\n    <button type=\"button\" aria-label=\"Cerrar imagen\">&times;<\/button>\n    <img decoding=\"async\" id=\"stLightboxImg\" src=\"\" alt=\"\"\/>","protected":false},"excerpt":{"rendered":"<p>TRABAJOS REALIZADOS En Seguritat Total somos expertos en instalaciones de puertas acorazadas. Nos adaptamos a las necesidades de cada uno de nuestros clientes, ofreci\u00e9ndoles el mejor producto y un montaje de obra limpio, organizado y eficaz. Garantizamos, de esta manera, total satisfacci\u00f3n en cada una de nuestras instalaciones. Nuestro objetivo es brindarle la mejor seguridad<a class=\"moretag\" href=\"https:\/\/segurtotal.com\/ca\/galeria-instalaciones-puertas-acorazadas\/\"><span class=\"screen-reader-text\">Read more about Galer\u00eda<\/span>[&#8230;]<\/a><\/p>","protected":false},"author":2,"featured_media":0,"parent":0,"menu_order":0,"comment_status":"closed","ping_status":"closed","template":"","meta":{"_exactmetrics_skip_tracking":false,"_exactmetrics_sitenote_active":false,"_exactmetrics_sitenote_note":"","_exactmetrics_sitenote_category":0,"_joinchat":[],"footnotes":""},"class_list":["post-711","page","type-page","status-publish","hentry"],"yoast_head":"<!-- This site is optimized with the Yoast SEO plugin v26.6 - https:\/\/yoast.com\/wordpress\/plugins\/seo\/ -->\n<title>Instalaciones Puertas Acorazadas | Galer\u00eda - Seguretat Total<\/title>\n<meta name=\"description\" content=\"Instalaciones de puertas acorazadas realizadas en nuestra galer\u00eda de im\u00e1genes, montaje de obra de la m\u00e1s alta calidad. Seguretat Total\" \/>\n<meta name=\"robots\" content=\"index, follow, max-snippet:-1, max-image-preview:large, max-video-preview:-1\" \/>\n<link rel=\"canonical\" href=\"https:\/\/segurtotal.com\/ca\/galeria-instalaciones-puertas-acorazadas\/\" \/>\n<meta property=\"og:locale\" content=\"ca_ES\" \/>\n<meta property=\"og:type\" content=\"article\" \/>\n<meta property=\"og:title\" content=\"Instalaciones Puertas Acorazadas | Galer\u00eda - Seguretat Total\" \/>\n<meta property=\"og:description\" content=\"Instalaciones de puertas acorazadas realizadas en nuestra galer\u00eda de im\u00e1genes, montaje de obra de la m\u00e1s alta calidad. Seguretat Total\" \/>\n<meta property=\"og:url\" content=\"https:\/\/segurtotal.com\/ca\/galeria-instalaciones-puertas-acorazadas\/\" \/>\n<meta property=\"og:site_name\" content=\"Segur Total Puertas Acorazadas Barcelona\" \/>\n<meta property=\"article:modified_time\" content=\"2025-11-07T11:24:25+00:00\" \/>\n<meta property=\"og:image\" content=\"https:\/\/puertasacorazadasbarcelona.com\/wp-content\/uploads\/2019\/06\/puerta_kiuso_galeria.jpg\" \/>\n<meta name=\"twitter:card\" content=\"summary_large_image\" \/>\n<meta name=\"twitter:site\" content=\"@puertaslukasz\" \/>\n<meta name=\"twitter:label1\" content=\"Temps estimat de lectura\" \/>\n\t<meta name=\"twitter:data1\" content=\"2 minuts\" \/>\n<script type=\"application\/ld+json\" class=\"yoast-schema-graph\">{\"@context\":\"https:\/\/schema.org\",\"@graph\":[{\"@type\":\"WebPage\",\"@id\":\"https:\/\/segurtotal.com\/galeria-instalaciones-puertas-acorazadas\/\",\"url\":\"https:\/\/segurtotal.com\/galeria-instalaciones-puertas-acorazadas\/\",\"name\":\"Instalaciones Puertas Acorazadas | Galer\u00eda - Seguretat Total\",\"isPartOf\":{\"@id\":\"https:\/\/segurtotal.com\/#website\"},\"primaryImageOfPage\":{\"@id\":\"https:\/\/segurtotal.com\/galeria-instalaciones-puertas-acorazadas\/#primaryimage\"},\"image\":{\"@id\":\"https:\/\/segurtotal.com\/galeria-instalaciones-puertas-acorazadas\/#primaryimage\"},\"thumbnailUrl\":\"https:\/\/puertasacorazadasbarcelona.com\/wp-content\/uploads\/2019\/06\/puerta_kiuso_galeria.jpg\",\"datePublished\":\"2019-05-06T18:34:59+00:00\",\"dateModified\":\"2025-11-07T11:24:25+00:00\",\"description\":\"Instalaciones de puertas acorazadas realizadas en nuestra galer\u00eda de im\u00e1genes, montaje de obra de la m\u00e1s alta calidad. Seguretat Total\",\"breadcrumb\":{\"@id\":\"https:\/\/segurtotal.com\/galeria-instalaciones-puertas-acorazadas\/#breadcrumb\"},\"inLanguage\":\"ca\",\"potentialAction\":[{\"@type\":\"ReadAction\",\"target\":[\"https:\/\/segurtotal.com\/galeria-instalaciones-puertas-acorazadas\/\"]}]},{\"@type\":\"ImageObject\",\"inLanguage\":\"ca\",\"@id\":\"https:\/\/segurtotal.com\/galeria-instalaciones-puertas-acorazadas\/#primaryimage\",\"url\":\"https:\/\/puertasacorazadasbarcelona.com\/wp-content\/uploads\/2019\/06\/puerta_kiuso_galeria.jpg\",\"contentUrl\":\"https:\/\/puertasacorazadasbarcelona.com\/wp-content\/uploads\/2019\/06\/puerta_kiuso_galeria.jpg\"},{\"@type\":\"BreadcrumbList\",\"@id\":\"https:\/\/segurtotal.com\/galeria-instalaciones-puertas-acorazadas\/#breadcrumb\",\"itemListElement\":[{\"@type\":\"ListItem\",\"position\":1,\"name\":\"Portada\",\"item\":\"https:\/\/segurtotal.com\/\"},{\"@type\":\"ListItem\",\"position\":2,\"name\":\"Galer\u00eda\"}]},{\"@type\":\"WebSite\",\"@id\":\"https:\/\/segurtotal.com\/#website\",\"url\":\"https:\/\/segurtotal.com\/\",\"name\":\"Puertas Acorazadas Barcelona\",\"description\":\"Venta e instalaci&oacute;n de puertas de seguridad\",\"publisher\":{\"@id\":\"https:\/\/segurtotal.com\/#organization\"},\"alternateName\":\"Puertas Acorazadas Barcelona\",\"potentialAction\":[{\"@type\":\"SearchAction\",\"target\":{\"@type\":\"EntryPoint\",\"urlTemplate\":\"https:\/\/segurtotal.com\/?s={search_term_string}\"},\"query-input\":{\"@type\":\"PropertyValueSpecification\",\"valueRequired\":true,\"valueName\":\"search_term_string\"}}],\"inLanguage\":\"ca\"},{\"@type\":\"Organization\",\"@id\":\"https:\/\/segurtotal.com\/#organization\",\"name\":\"Seguretat Total Puertas Acorazadas Barcelona\",\"alternateName\":\"Seguretat Total Puertas Acorazadas Barcelona\",\"url\":\"https:\/\/segurtotal.com\/\",\"logo\":{\"@type\":\"ImageObject\",\"inLanguage\":\"ca\",\"@id\":\"https:\/\/segurtotal.com\/#\/schema\/logo\/image\/\",\"url\":\"https:\/\/segurtotal.com\/wp-content\/uploads\/2025\/06\/Favicon.jpeg\",\"contentUrl\":\"https:\/\/segurtotal.com\/wp-content\/uploads\/2025\/06\/Favicon.jpeg\",\"width\":1444,\"height\":1080,\"caption\":\"Seguretat Total Puertas Acorazadas Barcelona\"},\"image\":{\"@id\":\"https:\/\/segurtotal.com\/#\/schema\/logo\/image\/\"},\"sameAs\":[\"https:\/\/x.com\/puertaslukasz\",\"https:\/\/www.instagram.com\/puertaslukasz\"]}]}<\/script>\n<!-- \/ Yoast SEO plugin. -->","yoast_head_json":{"title":"Instalaciones Puertas Acorazadas | Galer\u00eda - Seguretat Total","description":"Instalaciones de puertas acorazadas realizadas en nuestra galer\u00eda de im\u00e1genes, montaje de obra de la m\u00e1s alta calidad. Seguretat Total","robots":{"index":"index","follow":"follow","max-snippet":"max-snippet:-1","max-image-preview":"max-image-preview:large","max-video-preview":"max-video-preview:-1"},"canonical":"https:\/\/segurtotal.com\/ca\/galeria-instalaciones-puertas-acorazadas\/","og_locale":"ca_ES","og_type":"article","og_title":"Instalaciones Puertas Acorazadas | Galer\u00eda - Seguretat Total","og_description":"Instalaciones de puertas acorazadas realizadas en nuestra galer\u00eda de im\u00e1genes, montaje de obra de la m\u00e1s alta calidad. Seguretat Total","og_url":"https:\/\/segurtotal.com\/ca\/galeria-instalaciones-puertas-acorazadas\/","og_site_name":"Segur Total Puertas Acorazadas Barcelona","article_modified_time":"2025-11-07T11:24:25+00:00","og_image":[{"url":"https:\/\/puertasacorazadasbarcelona.com\/wp-content\/uploads\/2019\/06\/puerta_kiuso_galeria.jpg","type":"","width":"","height":""}],"twitter_card":"summary_large_image","twitter_site":"@puertaslukasz","twitter_misc":{"Temps estimat de lectura":"2 minuts"},"schema":{"@context":"https:\/\/schema.org","@graph":[{"@type":"WebPage","@id":"https:\/\/segurtotal.com\/galeria-instalaciones-puertas-acorazadas\/","url":"https:\/\/segurtotal.com\/galeria-instalaciones-puertas-acorazadas\/","name":"Instalaciones Puertas Acorazadas | Galer\u00eda - Seguretat Total","isPartOf":{"@id":"https:\/\/segurtotal.com\/#website"},"primaryImageOfPage":{"@id":"https:\/\/segurtotal.com\/galeria-instalaciones-puertas-acorazadas\/#primaryimage"},"image":{"@id":"https:\/\/segurtotal.com\/galeria-instalaciones-puertas-acorazadas\/#primaryimage"},"thumbnailUrl":"https:\/\/puertasacorazadasbarcelona.com\/wp-content\/uploads\/2019\/06\/puerta_kiuso_galeria.jpg","datePublished":"2019-05-06T18:34:59+00:00","dateModified":"2025-11-07T11:24:25+00:00","description":"Instalaciones de puertas acorazadas realizadas en nuestra galer\u00eda de im\u00e1genes, montaje de obra de la m\u00e1s alta calidad. Seguretat Total","breadcrumb":{"@id":"https:\/\/segurtotal.com\/galeria-instalaciones-puertas-acorazadas\/#breadcrumb"},"inLanguage":"ca","potentialAction":[{"@type":"ReadAction","target":["https:\/\/segurtotal.com\/galeria-instalaciones-puertas-acorazadas\/"]}]},{"@type":"ImageObject","inLanguage":"ca","@id":"https:\/\/segurtotal.com\/galeria-instalaciones-puertas-acorazadas\/#primaryimage","url":"https:\/\/puertasacorazadasbarcelona.com\/wp-content\/uploads\/2019\/06\/puerta_kiuso_galeria.jpg","contentUrl":"https:\/\/puertasacorazadasbarcelona.com\/wp-content\/uploads\/2019\/06\/puerta_kiuso_galeria.jpg"},{"@type":"BreadcrumbList","@id":"https:\/\/segurtotal.com\/galeria-instalaciones-puertas-acorazadas\/#breadcrumb","itemListElement":[{"@type":"ListItem","position":1,"name":"Portada","item":"https:\/\/segurtotal.com\/"},{"@type":"ListItem","position":2,"name":"Galer\u00eda"}]},{"@type":"WebSite","@id":"https:\/\/segurtotal.com\/#website","url":"https:\/\/segurtotal.com\/","name":"Portes blindades Barcelona","description":"Venta e instalaci&oacute;n de puertas de seguridad","publisher":{"@id":"https:\/\/segurtotal.com\/#organization"},"alternateName":"Puertas Acorazadas Barcelona","potentialAction":[{"@type":"SearchAction","target":{"@type":"EntryPoint","urlTemplate":"https:\/\/segurtotal.com\/?s={search_term_string}"},"query-input":{"@type":"PropertyValueSpecification","valueRequired":true,"valueName":"search_term_string"}}],"inLanguage":"ca"},{"@type":"Organization","@id":"https:\/\/segurtotal.com\/#organization","name":"Seguretat Total Puertas Acorazadas Barcelona","alternateName":"Seguretat Total Puertas Acorazadas Barcelona","url":"https:\/\/segurtotal.com\/","logo":{"@type":"ImageObject","inLanguage":"ca","@id":"https:\/\/segurtotal.com\/#\/schema\/logo\/image\/","url":"https:\/\/segurtotal.com\/wp-content\/uploads\/2025\/06\/Favicon.jpeg","contentUrl":"https:\/\/segurtotal.com\/wp-content\/uploads\/2025\/06\/Favicon.jpeg","width":1444,"height":1080,"caption":"Seguretat Total Puertas Acorazadas Barcelona"},"image":{"@id":"https:\/\/segurtotal.com\/#\/schema\/logo\/image\/"},"sameAs":["https:\/\/x.com\/puertaslukasz","https:\/\/www.instagram.com\/puertaslukasz"]}]}},"_links":{"self":[{"href":"https:\/\/segurtotal.com\/ca\/wp-json\/wp\/v2\/pages\/711","targetHints":{"allow":["GET"]}}],"collection":[{"href":"https:\/\/segurtotal.com\/ca\/wp-json\/wp\/v2\/pages"}],"about":[{"href":"https:\/\/segurtotal.com\/ca\/wp-json\/wp\/v2\/types\/page"}],"author":[{"embeddable":true,"href":"https:\/\/segurtotal.com\/ca\/wp-json\/wp\/v2\/users\/2"}],"replies":[{"embeddable":true,"href":"https:\/\/segurtotal.com\/ca\/wp-json\/wp\/v2\/comments?post=711"}],"version-history":[{"count":92,"href":"https:\/\/segurtotal.com\/ca\/wp-json\/wp\/v2\/pages\/711\/revisions"}],"predecessor-version":[{"id":3155,"href":"https:\/\/segurtotal.com\/ca\/wp-json\/wp\/v2\/pages\/711\/revisions\/3155"}],"wp:attachment":[{"href":"https:\/\/segurtotal.com\/ca\/wp-json\/wp\/v2\/media?parent=711"}],"curies":[{"name":"wp","href":"https:\/\/api.w.org\/{rel}","templated":true}]}}